{"id":222,"date":"2022-07-18T08:14:50","date_gmt":"2022-07-18T08:14:50","guid":{"rendered":"https:\/\/www.acoem.com\/germany\/?page_id=222"},"modified":"2025-06-11T14:34:59","modified_gmt":"2025-06-11T14:34:59","slug":"energie","status":"publish","type":"page","link":"https:\/\/www.acoem.com\/germany\/de\/anwendungen\/energie\/","title":{"rendered":"Energie"},"content":{"rendered":"","protected":false},"excerpt":{"rendered":"<p>Jeder industrielle, landwirtschaftliche, verkehrstechnische, h\u00e4usliche oder gesundheitsbezogene Prozess ist bis zu einem gewissen Grad auf erneuerbare oder vom Menschen erzeugte Energie angewiesen &#8211; Windkraft, Solarenergie, \u00d6l und Gas sowie Kernenergie.<\/p>\n","protected":false},"author":25,"featured_media":0,"parent":219,"menu_order":0,"comment_status":"closed","ping_status":"closed","template":"","meta":{"_acf_changed":false,"content-type":""},"class_list":["post-222","page","type-page","status-publish","hentry","solutionfamily-sicherheit","solutionfamily-uberwachung-der-umwelt","solutionfamily-verlasslichkeit"],"acf":[],"yoast_head":"<!-- This site is optimized with the Yoast SEO plugin v27.1.1 - https:\/\/yoast.com\/product\/yoast-seo-wordpress\/ -->\n<title>Energie - Acoem germany<\/title>\n<meta name=\"description\" content=\"Acoem engagiert sich f\u00fcr die Bereitstellung ausfallsicherer L\u00f6sungen, um die Anforderungen der energieerzeugenden Industrie an die Umwelt- und Zuverl\u00e4ssigkeits\u00fcberwachung zu erf\u00fcllen. Erfahren Sie mehr.\" \/>\n<meta name=\"robots\" content=\"index, follow, max-snippet:-1, max-image-preview:large, max-video-preview:-1\" \/>\n<link rel=\"canonical\" href=\"https:\/\/www.acoem.com\/germany\/de\/anwendungen\/energie\/\" \/>\n<meta property=\"og:locale\" content=\"de_DE\" \/>\n<meta property=\"og:type\" content=\"article\" \/>\n<meta property=\"og:title\" content=\"Energie - Acoem germany\" \/>\n<meta property=\"og:description\" content=\"Acoem engagiert sich f\u00fcr die Bereitstellung ausfallsicherer L\u00f6sungen, um die Anforderungen der energieerzeugenden Industrie an die Umwelt- und Zuverl\u00e4ssigkeits\u00fcberwachung zu erf\u00fcllen. Erfahren Sie mehr.\" \/>\n<meta property=\"og:url\" content=\"https:\/\/www.acoem.com\/germany\/de\/anwendungen\/energie\/\" \/>\n<meta property=\"og:site_name\" content=\"Acoem germany\" \/>\n<meta property=\"article:publisher\" content=\"https:\/\/www.facebook.com\/p\/Acoem-100061948014775\/\" \/>\n<meta property=\"article:modified_time\" content=\"2025-06-11T14:34:59+00:00\" \/>\n<meta name=\"twitter:card\" content=\"summary_large_image\" \/>\n<script type=\"application\/ld+json\" class=\"yoast-schema-graph\">{\"@context\":\"https:\/\/schema.org\",\"@graph\":[{\"@type\":\"WebPage\",\"@id\":\"https:\/\/www.acoem.com\/germany\/de\/anwendungen\/energie\/\",\"url\":\"https:\/\/www.acoem.com\/germany\/de\/anwendungen\/energie\/\",\"name\":\"Energie - Acoem germany\",\"isPartOf\":{\"@id\":\"https:\/\/www.acoem.com\/germany\/de\/#website\"},\"datePublished\":\"2022-07-18T08:14:50+00:00\",\"dateModified\":\"2025-06-11T14:34:59+00:00\",\"description\":\"Acoem engagiert sich f\u00fcr die Bereitstellung ausfallsicherer L\u00f6sungen, um die Anforderungen der energieerzeugenden Industrie an die Umwelt- und Zuverl\u00e4ssigkeits\u00fcberwachung zu erf\u00fcllen. Erfahren Sie mehr.\",\"breadcrumb\":{\"@id\":\"https:\/\/www.acoem.com\/germany\/de\/anwendungen\/energie\/#breadcrumb\"},\"inLanguage\":\"de\",\"potentialAction\":[{\"@type\":\"ReadAction\",\"target\":[\"https:\/\/www.acoem.com\/germany\/de\/anwendungen\/energie\/\"]}]},{\"@type\":\"BreadcrumbList\",\"@id\":\"https:\/\/www.acoem.com\/germany\/de\/anwendungen\/energie\/#breadcrumb\",\"itemListElement\":[{\"@type\":\"ListItem\",\"position\":1,\"name\":\"Startseite\",\"item\":\"https:\/\/www.acoem.com\/germany\/de\/\"},{\"@type\":\"ListItem\",\"position\":2,\"name\":\"Anwendungen\",\"item\":\"https:\/\/www.acoem.com\/germany\/de\/anwendungen\/\"},{\"@type\":\"ListItem\",\"position\":3,\"name\":\"Energie\"}]},{\"@type\":\"WebSite\",\"@id\":\"https:\/\/www.acoem.com\/germany\/de\/#website\",\"url\":\"https:\/\/www.acoem.com\/germany\/de\/\",\"name\":\"Acoem Germany\",\"description\":\"Just another Les sites de ACOEM site\",\"publisher\":{\"@id\":\"https:\/\/www.acoem.com\/germany\/de\/#organization\"},\"potentialAction\":[{\"@type\":\"SearchAction\",\"target\":{\"@type\":\"EntryPoint\",\"urlTemplate\":\"https:\/\/www.acoem.com\/germany\/de\/?s={search_term_string}\"},\"query-input\":{\"@type\":\"PropertyValueSpecification\",\"valueRequired\":true,\"valueName\":\"search_term_string\"}}],\"inLanguage\":\"de\"},{\"@type\":\"Organization\",\"@id\":\"https:\/\/www.acoem.com\/germany\/de\/#organization\",\"name\":\"Acoem Germany\",\"url\":\"https:\/\/www.acoem.com\/germany\/de\/\",\"logo\":{\"@type\":\"ImageObject\",\"inLanguage\":\"de\",\"@id\":\"https:\/\/www.acoem.com\/germany\/de\/#\/schema\/logo\/image\/\",\"url\":\"https:\/\/www.acoem.com\/germany\/wp-content\/uploads\/sites\/7\/2024\/12\/images.jpeg\",\"contentUrl\":\"https:\/\/www.acoem.com\/germany\/wp-content\/uploads\/sites\/7\/2024\/12\/images.jpeg\",\"width\":225,\"height\":225,\"caption\":\"Acoem Germany\"},\"image\":{\"@id\":\"https:\/\/www.acoem.com\/germany\/de\/#\/schema\/logo\/image\/\"},\"sameAs\":[\"https:\/\/www.facebook.com\/p\/Acoem-100061948014775\/\"]}]}<\/script>\n<!-- \/ Yoast SEO plugin. -->","yoast_head_json":{"title":"Energie - Acoem germany","description":"Acoem engagiert sich f\u00fcr die Bereitstellung ausfallsicherer L\u00f6sungen, um die Anforderungen der energieerzeugenden Industrie an die Umwelt- und Zuverl\u00e4ssigkeits\u00fcberwachung zu erf\u00fcllen. Erfahren Sie mehr.","robots":{"index":"index","follow":"follow","max-snippet":"max-snippet:-1","max-image-preview":"max-image-preview:large","max-video-preview":"max-video-preview:-1"},"canonical":"https:\/\/www.acoem.com\/germany\/de\/anwendungen\/energie\/","og_locale":"de_DE","og_type":"article","og_title":"Energie - Acoem germany","og_description":"Acoem engagiert sich f\u00fcr die Bereitstellung ausfallsicherer L\u00f6sungen, um die Anforderungen der energieerzeugenden Industrie an die Umwelt- und Zuverl\u00e4ssigkeits\u00fcberwachung zu erf\u00fcllen. Erfahren Sie mehr.","og_url":"https:\/\/www.acoem.com\/germany\/de\/anwendungen\/energie\/","og_site_name":"Acoem germany","article_publisher":"https:\/\/www.facebook.com\/p\/Acoem-100061948014775\/","article_modified_time":"2025-06-11T14:34:59+00:00","twitter_card":"summary_large_image","schema":{"@context":"https:\/\/schema.org","@graph":[{"@type":"WebPage","@id":"https:\/\/www.acoem.com\/germany\/de\/anwendungen\/energie\/","url":"https:\/\/www.acoem.com\/germany\/de\/anwendungen\/energie\/","name":"Energie - Acoem germany","isPartOf":{"@id":"https:\/\/www.acoem.com\/germany\/de\/#website"},"datePublished":"2022-07-18T08:14:50+00:00","dateModified":"2025-06-11T14:34:59+00:00","description":"Acoem engagiert sich f\u00fcr die Bereitstellung ausfallsicherer L\u00f6sungen, um die Anforderungen der energieerzeugenden Industrie an die Umwelt- und Zuverl\u00e4ssigkeits\u00fcberwachung zu erf\u00fcllen. Erfahren Sie mehr.","breadcrumb":{"@id":"https:\/\/www.acoem.com\/germany\/de\/anwendungen\/energie\/#breadcrumb"},"inLanguage":"de","potentialAction":[{"@type":"ReadAction","target":["https:\/\/www.acoem.com\/germany\/de\/anwendungen\/energie\/"]}]},{"@type":"BreadcrumbList","@id":"https:\/\/www.acoem.com\/germany\/de\/anwendungen\/energie\/#breadcrumb","itemListElement":[{"@type":"ListItem","position":1,"name":"Startseite","item":"https:\/\/www.acoem.com\/germany\/de\/"},{"@type":"ListItem","position":2,"name":"Anwendungen","item":"https:\/\/www.acoem.com\/germany\/de\/anwendungen\/"},{"@type":"ListItem","position":3,"name":"Energie"}]},{"@type":"WebSite","@id":"https:\/\/www.acoem.com\/germany\/de\/#website","url":"https:\/\/www.acoem.com\/germany\/de\/","name":"Acoem Germany","description":"Just another Les sites de ACOEM site","publisher":{"@id":"https:\/\/www.acoem.com\/germany\/de\/#organization"},"potentialAction":[{"@type":"SearchAction","target":{"@type":"EntryPoint","urlTemplate":"https:\/\/www.acoem.com\/germany\/de\/?s={search_term_string}"},"query-input":{"@type":"PropertyValueSpecification","valueRequired":true,"valueName":"search_term_string"}}],"inLanguage":"de"},{"@type":"Organization","@id":"https:\/\/www.acoem.com\/germany\/de\/#organization","name":"Acoem Germany","url":"https:\/\/www.acoem.com\/germany\/de\/","logo":{"@type":"ImageObject","inLanguage":"de","@id":"https:\/\/www.acoem.com\/germany\/de\/#\/schema\/logo\/image\/","url":"https:\/\/www.acoem.com\/germany\/wp-content\/uploads\/sites\/7\/2024\/12\/images.jpeg","contentUrl":"https:\/\/www.acoem.com\/germany\/wp-content\/uploads\/sites\/7\/2024\/12\/images.jpeg","width":225,"height":225,"caption":"Acoem Germany"},"image":{"@id":"https:\/\/www.acoem.com\/germany\/de\/#\/schema\/logo\/image\/"},"sameAs":["https:\/\/www.facebook.com\/p\/Acoem-100061948014775\/"]}]}},"_links":{"self":[{"href":"https:\/\/www.acoem.com\/germany\/de\/wp-json\/wp\/v2\/pages\/222","targetHints":{"allow":["GET"]}}],"collection":[{"href":"https:\/\/www.acoem.com\/germany\/de\/wp-json\/wp\/v2\/pages"}],"about":[{"href":"https:\/\/www.acoem.com\/germany\/de\/wp-json\/wp\/v2\/types\/page"}],"author":[{"embeddable":true,"href":"https:\/\/www.acoem.com\/germany\/de\/wp-json\/wp\/v2\/users\/25"}],"replies":[{"embeddable":true,"href":"https:\/\/www.acoem.com\/germany\/de\/wp-json\/wp\/v2\/comments?post=222"}],"version-history":[{"count":3,"href":"https:\/\/www.acoem.com\/germany\/de\/wp-json\/wp\/v2\/pages\/222\/revisions"}],"predecessor-version":[{"id":12624,"href":"https:\/\/www.acoem.com\/germany\/de\/wp-json\/wp\/v2\/pages\/222\/revisions\/12624"}],"up":[{"embeddable":true,"href":"https:\/\/www.acoem.com\/germany\/de\/wp-json\/wp\/v2\/pages\/219"}],"wp:attachment":[{"href":"https:\/\/www.acoem.com\/germany\/de\/wp-json\/wp\/v2\/media?parent=222"}],"curies":[{"name":"wp","href":"https:\/\/api.w.org\/{rel}","templated":true}]}}