{"id":12702,"date":"2026-03-30T14:33:45","date_gmt":"2026-03-30T14:33:45","guid":{"rendered":"https:\/\/www.acoem.com\/germany\/en\/?page_id=12702"},"modified":"2026-03-30T14:33:45","modified_gmt":"2026-03-30T14:33:45","slug":"loesungen-fuer-zuverlaessigkeit-in-der-oel-und-gasindustrie","status":"publish","type":"page","link":"https:\/\/www.acoem.com\/germany\/de\/anwendungen\/loesungen-fuer-zuverlaessigkeit-in-der-oel-und-gasindustrie\/","title":{"rendered":"L\u00f6sungen f\u00fcr Zuverl\u00e4ssigkeit in der \u00d6l- und Gasindustrie"},"content":{"rendered":"","protected":false},"excerpt":{"rendered":"","protected":false},"author":25,"featured_media":0,"parent":219,"menu_order":0,"comment_status":"closed","ping_status":"closed","template":"","meta":{"_acf_changed":false,"content-type":""},"class_list":["post-12702","page","type-page","status-publish","hentry","solutionfamily-verlasslichkeit"],"acf":[],"yoast_head":"<!-- This site is optimized with the Yoast SEO plugin v27.1.1 - https:\/\/yoast.com\/product\/yoast-seo-wordpress\/ -->\n<title>L\u00f6sungen f\u00fcr Zuverl\u00e4ssigkeit in der \u00d6l- und Gasindustrie - Acoem germany<\/title>\n<meta name=\"description\" content=\"Die ATEX-L\u00f6sungen von Acoem erh\u00f6hen Zuverl\u00e4ssigkeit, Sicherheit und Anlagenlebensdauer in gef\u00e4hrlichen \u00d6l-, Gas- und Offshore-Umgebungen.\" \/>\n<meta name=\"robots\" content=\"index, follow, max-snippet:-1, max-image-preview:large, max-video-preview:-1\" \/>\n<link rel=\"canonical\" href=\"https:\/\/www.acoem.com\/germany\/de\/anwendungen\/loesungen-fuer-zuverlaessigkeit-in-der-oel-und-gasindustrie\/\" \/>\n<meta property=\"og:locale\" content=\"de_DE\" \/>\n<meta property=\"og:type\" content=\"article\" \/>\n<meta property=\"og:title\" content=\"L\u00f6sungen f\u00fcr Zuverl\u00e4ssigkeit in der \u00d6l- und Gasindustrie - Acoem germany\" \/>\n<meta property=\"og:description\" content=\"Die ATEX-L\u00f6sungen von Acoem erh\u00f6hen Zuverl\u00e4ssigkeit, Sicherheit und Anlagenlebensdauer in gef\u00e4hrlichen \u00d6l-, Gas- und Offshore-Umgebungen.\" \/>\n<meta property=\"og:url\" content=\"https:\/\/www.acoem.com\/germany\/de\/anwendungen\/loesungen-fuer-zuverlaessigkeit-in-der-oel-und-gasindustrie\/\" \/>\n<meta property=\"og:site_name\" content=\"Acoem germany\" \/>\n<meta property=\"article:publisher\" content=\"https:\/\/www.facebook.com\/p\/Acoem-100061948014775\/\" \/>\n<meta name=\"twitter:card\" content=\"summary_large_image\" \/>\n<script type=\"application\/ld+json\" class=\"yoast-schema-graph\">{\"@context\":\"https:\/\/schema.org\",\"@graph\":[{\"@type\":\"WebPage\",\"@id\":\"https:\/\/www.acoem.com\/germany\/de\/anwendungen\/loesungen-fuer-zuverlaessigkeit-in-der-oel-und-gasindustrie\/\",\"url\":\"https:\/\/www.acoem.com\/germany\/de\/anwendungen\/loesungen-fuer-zuverlaessigkeit-in-der-oel-und-gasindustrie\/\",\"name\":\"L\u00f6sungen f\u00fcr Zuverl\u00e4ssigkeit in der \u00d6l- und Gasindustrie - Acoem germany\",\"isPartOf\":{\"@id\":\"https:\/\/www.acoem.com\/germany\/de\/#website\"},\"datePublished\":\"2026-03-30T14:33:45+00:00\",\"description\":\"Die ATEX-L\u00f6sungen von Acoem erh\u00f6hen Zuverl\u00e4ssigkeit, Sicherheit und Anlagenlebensdauer in gef\u00e4hrlichen \u00d6l-, Gas- und Offshore-Umgebungen.\",\"breadcrumb\":{\"@id\":\"https:\/\/www.acoem.com\/germany\/de\/anwendungen\/loesungen-fuer-zuverlaessigkeit-in-der-oel-und-gasindustrie\/#breadcrumb\"},\"inLanguage\":\"de\",\"potentialAction\":[{\"@type\":\"ReadAction\",\"target\":[\"https:\/\/www.acoem.com\/germany\/de\/anwendungen\/loesungen-fuer-zuverlaessigkeit-in-der-oel-und-gasindustrie\/\"]}]},{\"@type\":\"BreadcrumbList\",\"@id\":\"https:\/\/www.acoem.com\/germany\/de\/anwendungen\/loesungen-fuer-zuverlaessigkeit-in-der-oel-und-gasindustrie\/#breadcrumb\",\"itemListElement\":[{\"@type\":\"ListItem\",\"position\":1,\"name\":\"Startseite\",\"item\":\"https:\/\/www.acoem.com\/germany\/de\/\"},{\"@type\":\"ListItem\",\"position\":2,\"name\":\"Anwendungen\",\"item\":\"https:\/\/www.acoem.com\/germany\/de\/anwendungen\/\"},{\"@type\":\"ListItem\",\"position\":3,\"name\":\"L\u00f6sungen f\u00fcr Zuverl\u00e4ssigkeit in der \u00d6l- und Gasindustrie\"}]},{\"@type\":\"WebSite\",\"@id\":\"https:\/\/www.acoem.com\/germany\/de\/#website\",\"url\":\"https:\/\/www.acoem.com\/germany\/de\/\",\"name\":\"Acoem Germany\",\"description\":\"Just another Les sites de ACOEM site\",\"publisher\":{\"@id\":\"https:\/\/www.acoem.com\/germany\/de\/#organization\"},\"potentialAction\":[{\"@type\":\"SearchAction\",\"target\":{\"@type\":\"EntryPoint\",\"urlTemplate\":\"https:\/\/www.acoem.com\/germany\/de\/?s={search_term_string}\"},\"query-input\":{\"@type\":\"PropertyValueSpecification\",\"valueRequired\":true,\"valueName\":\"search_term_string\"}}],\"inLanguage\":\"de\"},{\"@type\":\"Organization\",\"@id\":\"https:\/\/www.acoem.com\/germany\/de\/#organization\",\"name\":\"Acoem Germany\",\"url\":\"https:\/\/www.acoem.com\/germany\/de\/\",\"logo\":{\"@type\":\"ImageObject\",\"inLanguage\":\"de\",\"@id\":\"https:\/\/www.acoem.com\/germany\/de\/#\/schema\/logo\/image\/\",\"url\":\"https:\/\/www.acoem.com\/germany\/wp-content\/uploads\/sites\/7\/2024\/12\/images.jpeg\",\"contentUrl\":\"https:\/\/www.acoem.com\/germany\/wp-content\/uploads\/sites\/7\/2024\/12\/images.jpeg\",\"width\":225,\"height\":225,\"caption\":\"Acoem Germany\"},\"image\":{\"@id\":\"https:\/\/www.acoem.com\/germany\/de\/#\/schema\/logo\/image\/\"},\"sameAs\":[\"https:\/\/www.facebook.com\/p\/Acoem-100061948014775\/\"]}]}<\/script>\n<!-- \/ Yoast SEO plugin. -->","yoast_head_json":{"title":"L\u00f6sungen f\u00fcr Zuverl\u00e4ssigkeit in der \u00d6l- und Gasindustrie - Acoem germany","description":"Die ATEX-L\u00f6sungen von Acoem erh\u00f6hen Zuverl\u00e4ssigkeit, Sicherheit und Anlagenlebensdauer in gef\u00e4hrlichen \u00d6l-, Gas- und Offshore-Umgebungen.","robots":{"index":"index","follow":"follow","max-snippet":"max-snippet:-1","max-image-preview":"max-image-preview:large","max-video-preview":"max-video-preview:-1"},"canonical":"https:\/\/www.acoem.com\/germany\/de\/anwendungen\/loesungen-fuer-zuverlaessigkeit-in-der-oel-und-gasindustrie\/","og_locale":"de_DE","og_type":"article","og_title":"L\u00f6sungen f\u00fcr Zuverl\u00e4ssigkeit in der \u00d6l- und Gasindustrie - Acoem germany","og_description":"Die ATEX-L\u00f6sungen von Acoem erh\u00f6hen Zuverl\u00e4ssigkeit, Sicherheit und Anlagenlebensdauer in gef\u00e4hrlichen \u00d6l-, Gas- und Offshore-Umgebungen.","og_url":"https:\/\/www.acoem.com\/germany\/de\/anwendungen\/loesungen-fuer-zuverlaessigkeit-in-der-oel-und-gasindustrie\/","og_site_name":"Acoem germany","article_publisher":"https:\/\/www.facebook.com\/p\/Acoem-100061948014775\/","twitter_card":"summary_large_image","schema":{"@context":"https:\/\/schema.org","@graph":[{"@type":"WebPage","@id":"https:\/\/www.acoem.com\/germany\/de\/anwendungen\/loesungen-fuer-zuverlaessigkeit-in-der-oel-und-gasindustrie\/","url":"https:\/\/www.acoem.com\/germany\/de\/anwendungen\/loesungen-fuer-zuverlaessigkeit-in-der-oel-und-gasindustrie\/","name":"L\u00f6sungen f\u00fcr Zuverl\u00e4ssigkeit in der \u00d6l- und Gasindustrie - Acoem germany","isPartOf":{"@id":"https:\/\/www.acoem.com\/germany\/de\/#website"},"datePublished":"2026-03-30T14:33:45+00:00","description":"Die ATEX-L\u00f6sungen von Acoem erh\u00f6hen Zuverl\u00e4ssigkeit, Sicherheit und Anlagenlebensdauer in gef\u00e4hrlichen \u00d6l-, Gas- und Offshore-Umgebungen.","breadcrumb":{"@id":"https:\/\/www.acoem.com\/germany\/de\/anwendungen\/loesungen-fuer-zuverlaessigkeit-in-der-oel-und-gasindustrie\/#breadcrumb"},"inLanguage":"de","potentialAction":[{"@type":"ReadAction","target":["https:\/\/www.acoem.com\/germany\/de\/anwendungen\/loesungen-fuer-zuverlaessigkeit-in-der-oel-und-gasindustrie\/"]}]},{"@type":"BreadcrumbList","@id":"https:\/\/www.acoem.com\/germany\/de\/anwendungen\/loesungen-fuer-zuverlaessigkeit-in-der-oel-und-gasindustrie\/#breadcrumb","itemListElement":[{"@type":"ListItem","position":1,"name":"Startseite","item":"https:\/\/www.acoem.com\/germany\/de\/"},{"@type":"ListItem","position":2,"name":"Anwendungen","item":"https:\/\/www.acoem.com\/germany\/de\/anwendungen\/"},{"@type":"ListItem","position":3,"name":"L\u00f6sungen f\u00fcr Zuverl\u00e4ssigkeit in der \u00d6l- und Gasindustrie"}]},{"@type":"WebSite","@id":"https:\/\/www.acoem.com\/germany\/de\/#website","url":"https:\/\/www.acoem.com\/germany\/de\/","name":"Acoem Germany","description":"Just another Les sites de ACOEM site","publisher":{"@id":"https:\/\/www.acoem.com\/germany\/de\/#organization"},"potentialAction":[{"@type":"SearchAction","target":{"@type":"EntryPoint","urlTemplate":"https:\/\/www.acoem.com\/germany\/de\/?s={search_term_string}"},"query-input":{"@type":"PropertyValueSpecification","valueRequired":true,"valueName":"search_term_string"}}],"inLanguage":"de"},{"@type":"Organization","@id":"https:\/\/www.acoem.com\/germany\/de\/#organization","name":"Acoem Germany","url":"https:\/\/www.acoem.com\/germany\/de\/","logo":{"@type":"ImageObject","inLanguage":"de","@id":"https:\/\/www.acoem.com\/germany\/de\/#\/schema\/logo\/image\/","url":"https:\/\/www.acoem.com\/germany\/wp-content\/uploads\/sites\/7\/2024\/12\/images.jpeg","contentUrl":"https:\/\/www.acoem.com\/germany\/wp-content\/uploads\/sites\/7\/2024\/12\/images.jpeg","width":225,"height":225,"caption":"Acoem Germany"},"image":{"@id":"https:\/\/www.acoem.com\/germany\/de\/#\/schema\/logo\/image\/"},"sameAs":["https:\/\/www.facebook.com\/p\/Acoem-100061948014775\/"]}]}},"_links":{"self":[{"href":"https:\/\/www.acoem.com\/germany\/de\/wp-json\/wp\/v2\/pages\/12702","targetHints":{"allow":["GET"]}}],"collection":[{"href":"https:\/\/www.acoem.com\/germany\/de\/wp-json\/wp\/v2\/pages"}],"about":[{"href":"https:\/\/www.acoem.com\/germany\/de\/wp-json\/wp\/v2\/types\/page"}],"author":[{"embeddable":true,"href":"https:\/\/www.acoem.com\/germany\/de\/wp-json\/wp\/v2\/users\/25"}],"replies":[{"embeddable":true,"href":"https:\/\/www.acoem.com\/germany\/de\/wp-json\/wp\/v2\/comments?post=12702"}],"version-history":[{"count":1,"href":"https:\/\/www.acoem.com\/germany\/de\/wp-json\/wp\/v2\/pages\/12702\/revisions"}],"predecessor-version":[{"id":12707,"href":"https:\/\/www.acoem.com\/germany\/de\/wp-json\/wp\/v2\/pages\/12702\/revisions\/12707"}],"up":[{"embeddable":true,"href":"https:\/\/www.acoem.com\/germany\/de\/wp-json\/wp\/v2\/pages\/219"}],"wp:attachment":[{"href":"https:\/\/www.acoem.com\/germany\/de\/wp-json\/wp\/v2\/media?parent=12702"}],"curies":[{"name":"wp","href":"https:\/\/api.w.org\/{rel}","templated":true}]}}