{"id":12675,"date":"2026-01-07T16:18:22","date_gmt":"2026-01-07T16:18:22","guid":{"rendered":"https:\/\/www.acoem.com\/germany\/en\/?page_id=12675"},"modified":"2026-01-07T16:18:22","modified_gmt":"2026-01-07T16:18:22","slug":"zuverlassige-wartungslosungen-fur-die-lebensmittel-und-getrankeindustrie-2","status":"publish","type":"page","link":"https:\/\/www.acoem.com\/germany\/de\/anwendungen\/zuverlassige-wartungslosungen-fur-die-lebensmittel-und-getrankeindustrie-2\/","title":{"rendered":"Zuverl\u00e4ssige Wartungsl\u00f6sungen f\u00fcr die Lebensmittel- und Getr\u00e4nkeindustrie"},"content":{"rendered":"","protected":false},"excerpt":{"rendered":"","protected":false},"author":25,"featured_media":0,"parent":219,"menu_order":0,"comment_status":"closed","ping_status":"closed","template":"","meta":{"_acf_changed":false,"content-type":""},"class_list":["post-12675","page","type-page","status-publish","hentry","solutionfamily-verlasslichkeit"],"acf":[],"yoast_head":"<!-- This site is optimized with the Yoast SEO plugin v27.1.1 - https:\/\/yoast.com\/product\/yoast-seo-wordpress\/ -->\n<title>Zuverl\u00e4ssige Wartungsl\u00f6sungen f\u00fcr die Lebensmittel- und Getr\u00e4nkeindustrie - Acoem germany<\/title>\n<meta name=\"description\" content=\"Optimise food and beverage plant operations with Acoem&#039;s predictive maintenance solutions. Reduce downtime, improve reliability, ensure food safety, and boost efficiency with advanced tools and expert support tailored to industry needs.\" \/>\n<meta name=\"robots\" content=\"index, follow, max-snippet:-1, max-image-preview:large, max-video-preview:-1\" \/>\n<link rel=\"canonical\" href=\"https:\/\/www.acoem.com\/germany\/de\/anwendungen\/zuverlassige-wartungslosungen-fur-die-lebensmittel-und-getrankeindustrie-2\/\" \/>\n<meta property=\"og:locale\" content=\"de_DE\" \/>\n<meta property=\"og:type\" content=\"article\" \/>\n<meta property=\"og:title\" content=\"Zuverl\u00e4ssige Wartungsl\u00f6sungen f\u00fcr die Lebensmittel- und Getr\u00e4nkeindustrie - Acoem germany\" \/>\n<meta property=\"og:description\" content=\"Optimise food and beverage plant operations with Acoem&#039;s predictive maintenance solutions. Reduce downtime, improve reliability, ensure food safety, and boost efficiency with advanced tools and expert support tailored to industry needs.\" \/>\n<meta property=\"og:url\" content=\"https:\/\/www.acoem.com\/germany\/de\/anwendungen\/zuverlassige-wartungslosungen-fur-die-lebensmittel-und-getrankeindustrie-2\/\" \/>\n<meta property=\"og:site_name\" content=\"Acoem germany\" \/>\n<meta property=\"article:publisher\" content=\"https:\/\/www.facebook.com\/p\/Acoem-100061948014775\/\" \/>\n<meta name=\"twitter:card\" content=\"summary_large_image\" \/>\n<script type=\"application\/ld+json\" class=\"yoast-schema-graph\">{\"@context\":\"https:\/\/schema.org\",\"@graph\":[{\"@type\":\"WebPage\",\"@id\":\"https:\/\/www.acoem.com\/germany\/de\/anwendungen\/zuverlassige-wartungslosungen-fur-die-lebensmittel-und-getrankeindustrie-2\/\",\"url\":\"https:\/\/www.acoem.com\/germany\/de\/anwendungen\/zuverlassige-wartungslosungen-fur-die-lebensmittel-und-getrankeindustrie-2\/\",\"name\":\"Zuverl\u00e4ssige Wartungsl\u00f6sungen f\u00fcr die Lebensmittel- und Getr\u00e4nkeindustrie - Acoem germany\",\"isPartOf\":{\"@id\":\"https:\/\/www.acoem.com\/germany\/de\/#website\"},\"datePublished\":\"2026-01-07T16:18:22+00:00\",\"description\":\"Optimise food and beverage plant operations with Acoem's predictive maintenance solutions. Reduce downtime, improve reliability, ensure food safety, and boost efficiency with advanced tools and expert support tailored to industry needs.\",\"breadcrumb\":{\"@id\":\"https:\/\/www.acoem.com\/germany\/de\/anwendungen\/zuverlassige-wartungslosungen-fur-die-lebensmittel-und-getrankeindustrie-2\/#breadcrumb\"},\"inLanguage\":\"de\",\"potentialAction\":[{\"@type\":\"ReadAction\",\"target\":[\"https:\/\/www.acoem.com\/germany\/de\/anwendungen\/zuverlassige-wartungslosungen-fur-die-lebensmittel-und-getrankeindustrie-2\/\"]}]},{\"@type\":\"BreadcrumbList\",\"@id\":\"https:\/\/www.acoem.com\/germany\/de\/anwendungen\/zuverlassige-wartungslosungen-fur-die-lebensmittel-und-getrankeindustrie-2\/#breadcrumb\",\"itemListElement\":[{\"@type\":\"ListItem\",\"position\":1,\"name\":\"Startseite\",\"item\":\"https:\/\/www.acoem.com\/germany\/de\/\"},{\"@type\":\"ListItem\",\"position\":2,\"name\":\"Anwendungen\",\"item\":\"https:\/\/www.acoem.com\/germany\/de\/anwendungen\/\"},{\"@type\":\"ListItem\",\"position\":3,\"name\":\"Zuverl\u00e4ssige Wartungsl\u00f6sungen f\u00fcr die Lebensmittel- und Getr\u00e4nkeindustrie\"}]},{\"@type\":\"WebSite\",\"@id\":\"https:\/\/www.acoem.com\/germany\/de\/#website\",\"url\":\"https:\/\/www.acoem.com\/germany\/de\/\",\"name\":\"Acoem Germany\",\"description\":\"Just another Les sites de ACOEM site\",\"publisher\":{\"@id\":\"https:\/\/www.acoem.com\/germany\/de\/#organization\"},\"potentialAction\":[{\"@type\":\"SearchAction\",\"target\":{\"@type\":\"EntryPoint\",\"urlTemplate\":\"https:\/\/www.acoem.com\/germany\/de\/?s={search_term_string}\"},\"query-input\":{\"@type\":\"PropertyValueSpecification\",\"valueRequired\":true,\"valueName\":\"search_term_string\"}}],\"inLanguage\":\"de\"},{\"@type\":\"Organization\",\"@id\":\"https:\/\/www.acoem.com\/germany\/de\/#organization\",\"name\":\"Acoem Germany\",\"url\":\"https:\/\/www.acoem.com\/germany\/de\/\",\"logo\":{\"@type\":\"ImageObject\",\"inLanguage\":\"de\",\"@id\":\"https:\/\/www.acoem.com\/germany\/de\/#\/schema\/logo\/image\/\",\"url\":\"https:\/\/www.acoem.com\/germany\/wp-content\/uploads\/sites\/7\/2024\/12\/images.jpeg\",\"contentUrl\":\"https:\/\/www.acoem.com\/germany\/wp-content\/uploads\/sites\/7\/2024\/12\/images.jpeg\",\"width\":225,\"height\":225,\"caption\":\"Acoem Germany\"},\"image\":{\"@id\":\"https:\/\/www.acoem.com\/germany\/de\/#\/schema\/logo\/image\/\"},\"sameAs\":[\"https:\/\/www.facebook.com\/p\/Acoem-100061948014775\/\"]}]}<\/script>\n<!-- \/ Yoast SEO plugin. -->","yoast_head_json":{"title":"Zuverl\u00e4ssige Wartungsl\u00f6sungen f\u00fcr die Lebensmittel- und Getr\u00e4nkeindustrie - Acoem germany","description":"Optimise food and beverage plant operations with Acoem's predictive maintenance solutions. Reduce downtime, improve reliability, ensure food safety, and boost efficiency with advanced tools and expert support tailored to industry needs.","robots":{"index":"index","follow":"follow","max-snippet":"max-snippet:-1","max-image-preview":"max-image-preview:large","max-video-preview":"max-video-preview:-1"},"canonical":"https:\/\/www.acoem.com\/germany\/de\/anwendungen\/zuverlassige-wartungslosungen-fur-die-lebensmittel-und-getrankeindustrie-2\/","og_locale":"de_DE","og_type":"article","og_title":"Zuverl\u00e4ssige Wartungsl\u00f6sungen f\u00fcr die Lebensmittel- und Getr\u00e4nkeindustrie - Acoem germany","og_description":"Optimise food and beverage plant operations with Acoem's predictive maintenance solutions. Reduce downtime, improve reliability, ensure food safety, and boost efficiency with advanced tools and expert support tailored to industry needs.","og_url":"https:\/\/www.acoem.com\/germany\/de\/anwendungen\/zuverlassige-wartungslosungen-fur-die-lebensmittel-und-getrankeindustrie-2\/","og_site_name":"Acoem germany","article_publisher":"https:\/\/www.facebook.com\/p\/Acoem-100061948014775\/","twitter_card":"summary_large_image","schema":{"@context":"https:\/\/schema.org","@graph":[{"@type":"WebPage","@id":"https:\/\/www.acoem.com\/germany\/de\/anwendungen\/zuverlassige-wartungslosungen-fur-die-lebensmittel-und-getrankeindustrie-2\/","url":"https:\/\/www.acoem.com\/germany\/de\/anwendungen\/zuverlassige-wartungslosungen-fur-die-lebensmittel-und-getrankeindustrie-2\/","name":"Zuverl\u00e4ssige Wartungsl\u00f6sungen f\u00fcr die Lebensmittel- und Getr\u00e4nkeindustrie - Acoem germany","isPartOf":{"@id":"https:\/\/www.acoem.com\/germany\/de\/#website"},"datePublished":"2026-01-07T16:18:22+00:00","description":"Optimise food and beverage plant operations with Acoem's predictive maintenance solutions. Reduce downtime, improve reliability, ensure food safety, and boost efficiency with advanced tools and expert support tailored to industry needs.","breadcrumb":{"@id":"https:\/\/www.acoem.com\/germany\/de\/anwendungen\/zuverlassige-wartungslosungen-fur-die-lebensmittel-und-getrankeindustrie-2\/#breadcrumb"},"inLanguage":"de","potentialAction":[{"@type":"ReadAction","target":["https:\/\/www.acoem.com\/germany\/de\/anwendungen\/zuverlassige-wartungslosungen-fur-die-lebensmittel-und-getrankeindustrie-2\/"]}]},{"@type":"BreadcrumbList","@id":"https:\/\/www.acoem.com\/germany\/de\/anwendungen\/zuverlassige-wartungslosungen-fur-die-lebensmittel-und-getrankeindustrie-2\/#breadcrumb","itemListElement":[{"@type":"ListItem","position":1,"name":"Startseite","item":"https:\/\/www.acoem.com\/germany\/de\/"},{"@type":"ListItem","position":2,"name":"Anwendungen","item":"https:\/\/www.acoem.com\/germany\/de\/anwendungen\/"},{"@type":"ListItem","position":3,"name":"Zuverl\u00e4ssige Wartungsl\u00f6sungen f\u00fcr die Lebensmittel- und Getr\u00e4nkeindustrie"}]},{"@type":"WebSite","@id":"https:\/\/www.acoem.com\/germany\/de\/#website","url":"https:\/\/www.acoem.com\/germany\/de\/","name":"Acoem Germany","description":"Just another Les sites de ACOEM site","publisher":{"@id":"https:\/\/www.acoem.com\/germany\/de\/#organization"},"potentialAction":[{"@type":"SearchAction","target":{"@type":"EntryPoint","urlTemplate":"https:\/\/www.acoem.com\/germany\/de\/?s={search_term_string}"},"query-input":{"@type":"PropertyValueSpecification","valueRequired":true,"valueName":"search_term_string"}}],"inLanguage":"de"},{"@type":"Organization","@id":"https:\/\/www.acoem.com\/germany\/de\/#organization","name":"Acoem Germany","url":"https:\/\/www.acoem.com\/germany\/de\/","logo":{"@type":"ImageObject","inLanguage":"de","@id":"https:\/\/www.acoem.com\/germany\/de\/#\/schema\/logo\/image\/","url":"https:\/\/www.acoem.com\/germany\/wp-content\/uploads\/sites\/7\/2024\/12\/images.jpeg","contentUrl":"https:\/\/www.acoem.com\/germany\/wp-content\/uploads\/sites\/7\/2024\/12\/images.jpeg","width":225,"height":225,"caption":"Acoem Germany"},"image":{"@id":"https:\/\/www.acoem.com\/germany\/de\/#\/schema\/logo\/image\/"},"sameAs":["https:\/\/www.facebook.com\/p\/Acoem-100061948014775\/"]}]}},"_links":{"self":[{"href":"https:\/\/www.acoem.com\/germany\/de\/wp-json\/wp\/v2\/pages\/12675","targetHints":{"allow":["GET"]}}],"collection":[{"href":"https:\/\/www.acoem.com\/germany\/de\/wp-json\/wp\/v2\/pages"}],"about":[{"href":"https:\/\/www.acoem.com\/germany\/de\/wp-json\/wp\/v2\/types\/page"}],"author":[{"embeddable":true,"href":"https:\/\/www.acoem.com\/germany\/de\/wp-json\/wp\/v2\/users\/25"}],"replies":[{"embeddable":true,"href":"https:\/\/www.acoem.com\/germany\/de\/wp-json\/wp\/v2\/comments?post=12675"}],"version-history":[{"count":1,"href":"https:\/\/www.acoem.com\/germany\/de\/wp-json\/wp\/v2\/pages\/12675\/revisions"}],"predecessor-version":[{"id":12682,"href":"https:\/\/www.acoem.com\/germany\/de\/wp-json\/wp\/v2\/pages\/12675\/revisions\/12682"}],"up":[{"embeddable":true,"href":"https:\/\/www.acoem.com\/germany\/de\/wp-json\/wp\/v2\/pages\/219"}],"wp:attachment":[{"href":"https:\/\/www.acoem.com\/germany\/de\/wp-json\/wp\/v2\/media?parent=12675"}],"curies":[{"name":"wp","href":"https:\/\/api.w.org\/{rel}","templated":true}]}}