{"id":701,"date":"2022-06-23T08:51:06","date_gmt":"2022-06-23T08:51:06","guid":{"rendered":"https:\/\/www.acoem.com\/france\/fr\/?page_id=701"},"modified":"2025-09-15T07:02:13","modified_gmt":"2025-09-15T07:02:13","slug":"accreditation-et-certification","status":"publish","type":"page","link":"https:\/\/www.acoem.com\/france\/fr\/surveillance-de-lenvironnement\/services-de-lenvironnement\/accreditation-et-certification\/","title":{"rendered":"Accr\u00e9ditation et certification"},"content":{"rendered":"","protected":false},"excerpt":{"rendered":"<p>L&rsquo;accr\u00e9ditation organisationnelle permet de v\u00e9rifier que l&rsquo;entreprise \u00e0 laquelle vous accordez votre confiance non seulement effectue un travail de la plus haute qualit\u00e9, mais qu&rsquo;elle dispose \u00e9galement de proc\u00e9dures administratives, financi\u00e8res, op\u00e9rationnelles et de contr\u00f4le solides.<\/p>\n","protected":false},"author":25,"featured_media":0,"parent":700,"menu_order":0,"comment_status":"closed","ping_status":"closed","template":"","meta":{"_acf_changed":false,"content-type":""},"class_list":["post-701","page","type-page","status-publish","hentry"],"acf":[],"yoast_head":"<!-- This site is optimized with the Yoast SEO plugin v27.4 - https:\/\/yoast.com\/product\/yoast-seo-wordpress\/ -->\n<title>Accr\u00e9ditation et certification - Acoem France<\/title>\n<meta name=\"description\" content=\"Acoem benefits from accreditations with globally recognised standards &amp; authorities. Learn more about our accreditations &amp; certifications.\" \/>\n<meta name=\"robots\" content=\"index, follow, max-snippet:-1, max-image-preview:large, max-video-preview:-1\" \/>\n<link rel=\"canonical\" href=\"https:\/\/www.acoem.com\/france\/fr\/surveillance-de-lenvironnement\/services-de-lenvironnement\/accreditation-et-certification\/\" \/>\n<meta property=\"og:locale\" content=\"fr_FR\" \/>\n<meta property=\"og:type\" content=\"article\" \/>\n<meta property=\"og:title\" content=\"Accr\u00e9ditation et certification - Acoem France\" \/>\n<meta property=\"og:description\" content=\"Acoem benefits from accreditations with globally recognised standards &amp; authorities. Learn more about our accreditations &amp; certifications.\" \/>\n<meta property=\"og:url\" content=\"https:\/\/www.acoem.com\/france\/fr\/surveillance-de-lenvironnement\/services-de-lenvironnement\/accreditation-et-certification\/\" \/>\n<meta property=\"og:site_name\" content=\"Acoem France\" \/>\n<meta property=\"article:modified_time\" content=\"2025-09-15T07:02:13+00:00\" \/>\n<meta name=\"twitter:card\" content=\"summary_large_image\" \/>\n<script type=\"application\/ld+json\" class=\"yoast-schema-graph\">{\"@context\":\"https:\\\/\\\/schema.org\",\"@graph\":[{\"@type\":\"WebPage\",\"@id\":\"https:\\\/\\\/www.acoem.com\\\/france\\\/fr\\\/surveillance-de-lenvironnement\\\/services-de-lenvironnement\\\/accreditation-et-certification\\\/\",\"url\":\"https:\\\/\\\/www.acoem.com\\\/france\\\/fr\\\/surveillance-de-lenvironnement\\\/services-de-lenvironnement\\\/accreditation-et-certification\\\/\",\"name\":\"Accr\u00e9ditation et certification - Acoem France\",\"isPartOf\":{\"@id\":\"https:\\\/\\\/www.acoem.com\\\/france\\\/fr\\\/#website\"},\"datePublished\":\"2022-06-23T08:51:06+00:00\",\"dateModified\":\"2025-09-15T07:02:13+00:00\",\"description\":\"Acoem benefits from accreditations with globally recognised standards & authorities. Learn more about our accreditations & certifications.\",\"breadcrumb\":{\"@id\":\"https:\\\/\\\/www.acoem.com\\\/france\\\/fr\\\/surveillance-de-lenvironnement\\\/services-de-lenvironnement\\\/accreditation-et-certification\\\/#breadcrumb\"},\"inLanguage\":\"fr-FR\",\"potentialAction\":[{\"@type\":\"ReadAction\",\"target\":[\"https:\\\/\\\/www.acoem.com\\\/france\\\/fr\\\/surveillance-de-lenvironnement\\\/services-de-lenvironnement\\\/accreditation-et-certification\\\/\"]}]},{\"@type\":\"BreadcrumbList\",\"@id\":\"https:\\\/\\\/www.acoem.com\\\/france\\\/fr\\\/surveillance-de-lenvironnement\\\/services-de-lenvironnement\\\/accreditation-et-certification\\\/#breadcrumb\",\"itemListElement\":[{\"@type\":\"ListItem\",\"position\":1,\"name\":\"Accueil\",\"item\":\"https:\\\/\\\/www.acoem.com\\\/france\\\/fr\\\/\"},{\"@type\":\"ListItem\",\"position\":2,\"name\":\"Surveillance de l'environnement\",\"item\":\"https:\\\/\\\/www.acoem.com\\\/france\\\/fr\\\/surveillance-de-lenvironnement\\\/\"},{\"@type\":\"ListItem\",\"position\":3,\"name\":\"Services de l'environnement\",\"item\":\"https:\\\/\\\/www.acoem.com\\\/france\\\/fr\\\/surveillance-de-lenvironnement\\\/services-de-lenvironnement\\\/\"},{\"@type\":\"ListItem\",\"position\":4,\"name\":\"Accr\u00e9ditation et certification\"}]},{\"@type\":\"WebSite\",\"@id\":\"https:\\\/\\\/www.acoem.com\\\/france\\\/fr\\\/#website\",\"url\":\"https:\\\/\\\/www.acoem.com\\\/france\\\/fr\\\/\",\"name\":\"Acoem France\",\"description\":\"Just another Les sites de ACOEM site\",\"potentialAction\":[{\"@type\":\"SearchAction\",\"target\":{\"@type\":\"EntryPoint\",\"urlTemplate\":\"https:\\\/\\\/www.acoem.com\\\/france\\\/fr\\\/?s={search_term_string}\"},\"query-input\":{\"@type\":\"PropertyValueSpecification\",\"valueRequired\":true,\"valueName\":\"search_term_string\"}}],\"inLanguage\":\"fr-FR\"}]}<\/script>\n<!-- \/ Yoast SEO plugin. -->","yoast_head_json":{"title":"Accr\u00e9ditation et certification - Acoem France","description":"Acoem benefits from accreditations with globally recognised standards & authorities. Learn more about our accreditations & certifications.","robots":{"index":"index","follow":"follow","max-snippet":"max-snippet:-1","max-image-preview":"max-image-preview:large","max-video-preview":"max-video-preview:-1"},"canonical":"https:\/\/www.acoem.com\/france\/fr\/surveillance-de-lenvironnement\/services-de-lenvironnement\/accreditation-et-certification\/","og_locale":"fr_FR","og_type":"article","og_title":"Accr\u00e9ditation et certification - Acoem France","og_description":"Acoem benefits from accreditations with globally recognised standards & authorities. Learn more about our accreditations & certifications.","og_url":"https:\/\/www.acoem.com\/france\/fr\/surveillance-de-lenvironnement\/services-de-lenvironnement\/accreditation-et-certification\/","og_site_name":"Acoem France","article_modified_time":"2025-09-15T07:02:13+00:00","twitter_card":"summary_large_image","schema":{"@context":"https:\/\/schema.org","@graph":[{"@type":"WebPage","@id":"https:\/\/www.acoem.com\/france\/fr\/surveillance-de-lenvironnement\/services-de-lenvironnement\/accreditation-et-certification\/","url":"https:\/\/www.acoem.com\/france\/fr\/surveillance-de-lenvironnement\/services-de-lenvironnement\/accreditation-et-certification\/","name":"Accr\u00e9ditation et certification - Acoem France","isPartOf":{"@id":"https:\/\/www.acoem.com\/france\/fr\/#website"},"datePublished":"2022-06-23T08:51:06+00:00","dateModified":"2025-09-15T07:02:13+00:00","description":"Acoem benefits from accreditations with globally recognised standards & authorities. Learn more about our accreditations & certifications.","breadcrumb":{"@id":"https:\/\/www.acoem.com\/france\/fr\/surveillance-de-lenvironnement\/services-de-lenvironnement\/accreditation-et-certification\/#breadcrumb"},"inLanguage":"fr-FR","potentialAction":[{"@type":"ReadAction","target":["https:\/\/www.acoem.com\/france\/fr\/surveillance-de-lenvironnement\/services-de-lenvironnement\/accreditation-et-certification\/"]}]},{"@type":"BreadcrumbList","@id":"https:\/\/www.acoem.com\/france\/fr\/surveillance-de-lenvironnement\/services-de-lenvironnement\/accreditation-et-certification\/#breadcrumb","itemListElement":[{"@type":"ListItem","position":1,"name":"Accueil","item":"https:\/\/www.acoem.com\/france\/fr\/"},{"@type":"ListItem","position":2,"name":"Surveillance de l'environnement","item":"https:\/\/www.acoem.com\/france\/fr\/surveillance-de-lenvironnement\/"},{"@type":"ListItem","position":3,"name":"Services de l'environnement","item":"https:\/\/www.acoem.com\/france\/fr\/surveillance-de-lenvironnement\/services-de-lenvironnement\/"},{"@type":"ListItem","position":4,"name":"Accr\u00e9ditation et certification"}]},{"@type":"WebSite","@id":"https:\/\/www.acoem.com\/france\/fr\/#website","url":"https:\/\/www.acoem.com\/france\/fr\/","name":"Acoem France","description":"Just another Les sites de ACOEM site","potentialAction":[{"@type":"SearchAction","target":{"@type":"EntryPoint","urlTemplate":"https:\/\/www.acoem.com\/france\/fr\/?s={search_term_string}"},"query-input":{"@type":"PropertyValueSpecification","valueRequired":true,"valueName":"search_term_string"}}],"inLanguage":"fr-FR"}]}},"_links":{"self":[{"href":"https:\/\/www.acoem.com\/france\/fr\/wp-json\/wp\/v2\/pages\/701","targetHints":{"allow":["GET"]}}],"collection":[{"href":"https:\/\/www.acoem.com\/france\/fr\/wp-json\/wp\/v2\/pages"}],"about":[{"href":"https:\/\/www.acoem.com\/france\/fr\/wp-json\/wp\/v2\/types\/page"}],"author":[{"embeddable":true,"href":"https:\/\/www.acoem.com\/france\/fr\/wp-json\/wp\/v2\/users\/25"}],"replies":[{"embeddable":true,"href":"https:\/\/www.acoem.com\/france\/fr\/wp-json\/wp\/v2\/comments?post=701"}],"version-history":[{"count":15,"href":"https:\/\/www.acoem.com\/france\/fr\/wp-json\/wp\/v2\/pages\/701\/revisions"}],"predecessor-version":[{"id":2280,"href":"https:\/\/www.acoem.com\/france\/fr\/wp-json\/wp\/v2\/pages\/701\/revisions\/2280"}],"up":[{"embeddable":true,"href":"https:\/\/www.acoem.com\/france\/fr\/wp-json\/wp\/v2\/pages\/700"}],"wp:attachment":[{"href":"https:\/\/www.acoem.com\/france\/fr\/wp-json\/wp\/v2\/media?parent=701"}],"curies":[{"name":"wp","href":"https:\/\/api.w.org\/{rel}","templated":true}]}}