{"id":693,"date":"2022-06-23T08:50:37","date_gmt":"2022-06-23T08:50:37","guid":{"rendered":"https:\/\/www.acoem.com\/france\/fr\/?page_id=693"},"modified":"2023-09-18T12:53:59","modified_gmt":"2023-09-18T12:53:59","slug":"actualites-2","status":"publish","type":"page","link":"https:\/\/www.acoem.com\/france\/fr\/actualites-2\/","title":{"rendered":"Actualit\u00e9s"},"content":{"rendered":"","protected":false},"excerpt":{"rendered":"<p>Nous exer\u00e7ons nos activit\u00e9s dans plus de 60 pays, dans de nombreux secteurs et dans de nombreux lieux, ce qui signifie qu&rsquo;il y a souvent beaucoup \u00e0 dire sur nos op\u00e9rations.<\/p>\n","protected":false},"author":25,"featured_media":0,"parent":0,"menu_order":0,"comment_status":"closed","ping_status":"closed","template":"","meta":{"_acf_changed":false,"content-type":""},"class_list":["post-693","page","type-page","status-publish","hentry"],"acf":[],"yoast_head":"<!-- This site is optimized with the Yoast SEO plugin v27.1.1 - https:\/\/yoast.com\/product\/yoast-seo-wordpress\/ -->\n<title>Discover Acoem&#039;s latest news<\/title>\n<meta name=\"description\" content=\"There\u2019s often lots to report about Acoem&#039;s operations in exciting sectors and challenging locations worldwide. Stay tuned to the our latest news!\" \/>\n<meta name=\"robots\" content=\"index, follow, max-snippet:-1, max-image-preview:large, max-video-preview:-1\" \/>\n<link rel=\"canonical\" href=\"https:\/\/www.acoem.com\/france\/fr\/actualites-2\/\" \/>\n<meta property=\"og:locale\" content=\"fr_FR\" \/>\n<meta property=\"og:type\" content=\"article\" \/>\n<meta property=\"og:title\" content=\"Discover Acoem&#039;s latest news\" \/>\n<meta property=\"og:description\" content=\"There\u2019s often lots to report about Acoem&#039;s operations in exciting sectors and challenging locations worldwide. Stay tuned to the our latest news!\" \/>\n<meta property=\"og:url\" content=\"https:\/\/www.acoem.com\/france\/fr\/actualites-2\/\" \/>\n<meta property=\"og:site_name\" content=\"Acoem France\" \/>\n<meta property=\"article:modified_time\" content=\"2023-09-18T12:53:59+00:00\" \/>\n<meta name=\"twitter:card\" content=\"summary_large_image\" \/>\n<script type=\"application\/ld+json\" class=\"yoast-schema-graph\">{\"@context\":\"https:\/\/schema.org\",\"@graph\":[{\"@type\":\"WebPage\",\"@id\":\"https:\/\/www.acoem.com\/france\/fr\/actualites-2\/\",\"url\":\"https:\/\/www.acoem.com\/france\/fr\/actualites-2\/\",\"name\":\"Discover Acoem's latest news\",\"isPartOf\":{\"@id\":\"https:\/\/www.acoem.com\/france\/fr\/#website\"},\"datePublished\":\"2022-06-23T08:50:37+00:00\",\"dateModified\":\"2023-09-18T12:53:59+00:00\",\"description\":\"There\u2019s often lots to report about Acoem's operations in exciting sectors and challenging locations worldwide. Stay tuned to the our latest news!\",\"breadcrumb\":{\"@id\":\"https:\/\/www.acoem.com\/france\/fr\/actualites-2\/#breadcrumb\"},\"inLanguage\":\"fr-FR\",\"potentialAction\":[{\"@type\":\"ReadAction\",\"target\":[\"https:\/\/www.acoem.com\/france\/fr\/actualites-2\/\"]}]},{\"@type\":\"BreadcrumbList\",\"@id\":\"https:\/\/www.acoem.com\/france\/fr\/actualites-2\/#breadcrumb\",\"itemListElement\":[{\"@type\":\"ListItem\",\"position\":1,\"name\":\"Accueil\",\"item\":\"https:\/\/www.acoem.com\/france\/fr\/\"},{\"@type\":\"ListItem\",\"position\":2,\"name\":\"Actualit\u00e9s\"}]},{\"@type\":\"WebSite\",\"@id\":\"https:\/\/www.acoem.com\/france\/fr\/#website\",\"url\":\"https:\/\/www.acoem.com\/france\/fr\/\",\"name\":\"Acoem France\",\"description\":\"Just another Les sites de ACOEM site\",\"potentialAction\":[{\"@type\":\"SearchAction\",\"target\":{\"@type\":\"EntryPoint\",\"urlTemplate\":\"https:\/\/www.acoem.com\/france\/fr\/?s={search_term_string}\"},\"query-input\":{\"@type\":\"PropertyValueSpecification\",\"valueRequired\":true,\"valueName\":\"search_term_string\"}}],\"inLanguage\":\"fr-FR\"}]}<\/script>\n<!-- \/ Yoast SEO plugin. -->","yoast_head_json":{"title":"Discover Acoem's latest news","description":"There\u2019s often lots to report about Acoem's operations in exciting sectors and challenging locations worldwide. Stay tuned to the our latest news!","robots":{"index":"index","follow":"follow","max-snippet":"max-snippet:-1","max-image-preview":"max-image-preview:large","max-video-preview":"max-video-preview:-1"},"canonical":"https:\/\/www.acoem.com\/france\/fr\/actualites-2\/","og_locale":"fr_FR","og_type":"article","og_title":"Discover Acoem's latest news","og_description":"There\u2019s often lots to report about Acoem's operations in exciting sectors and challenging locations worldwide. Stay tuned to the our latest news!","og_url":"https:\/\/www.acoem.com\/france\/fr\/actualites-2\/","og_site_name":"Acoem France","article_modified_time":"2023-09-18T12:53:59+00:00","twitter_card":"summary_large_image","schema":{"@context":"https:\/\/schema.org","@graph":[{"@type":"WebPage","@id":"https:\/\/www.acoem.com\/france\/fr\/actualites-2\/","url":"https:\/\/www.acoem.com\/france\/fr\/actualites-2\/","name":"Discover Acoem's latest news","isPartOf":{"@id":"https:\/\/www.acoem.com\/france\/fr\/#website"},"datePublished":"2022-06-23T08:50:37+00:00","dateModified":"2023-09-18T12:53:59+00:00","description":"There\u2019s often lots to report about Acoem's operations in exciting sectors and challenging locations worldwide. Stay tuned to the our latest news!","breadcrumb":{"@id":"https:\/\/www.acoem.com\/france\/fr\/actualites-2\/#breadcrumb"},"inLanguage":"fr-FR","potentialAction":[{"@type":"ReadAction","target":["https:\/\/www.acoem.com\/france\/fr\/actualites-2\/"]}]},{"@type":"BreadcrumbList","@id":"https:\/\/www.acoem.com\/france\/fr\/actualites-2\/#breadcrumb","itemListElement":[{"@type":"ListItem","position":1,"name":"Accueil","item":"https:\/\/www.acoem.com\/france\/fr\/"},{"@type":"ListItem","position":2,"name":"Actualit\u00e9s"}]},{"@type":"WebSite","@id":"https:\/\/www.acoem.com\/france\/fr\/#website","url":"https:\/\/www.acoem.com\/france\/fr\/","name":"Acoem France","description":"Just another Les sites de ACOEM site","potentialAction":[{"@type":"SearchAction","target":{"@type":"EntryPoint","urlTemplate":"https:\/\/www.acoem.com\/france\/fr\/?s={search_term_string}"},"query-input":{"@type":"PropertyValueSpecification","valueRequired":true,"valueName":"search_term_string"}}],"inLanguage":"fr-FR"}]}},"_links":{"self":[{"href":"https:\/\/www.acoem.com\/france\/fr\/wp-json\/wp\/v2\/pages\/693","targetHints":{"allow":["GET"]}}],"collection":[{"href":"https:\/\/www.acoem.com\/france\/fr\/wp-json\/wp\/v2\/pages"}],"about":[{"href":"https:\/\/www.acoem.com\/france\/fr\/wp-json\/wp\/v2\/types\/page"}],"author":[{"embeddable":true,"href":"https:\/\/www.acoem.com\/france\/fr\/wp-json\/wp\/v2\/users\/25"}],"replies":[{"embeddable":true,"href":"https:\/\/www.acoem.com\/france\/fr\/wp-json\/wp\/v2\/comments?post=693"}],"version-history":[{"count":2,"href":"https:\/\/www.acoem.com\/france\/fr\/wp-json\/wp\/v2\/pages\/693\/revisions"}],"predecessor-version":[{"id":1599,"href":"https:\/\/www.acoem.com\/france\/fr\/wp-json\/wp\/v2\/pages\/693\/revisions\/1599"}],"wp:attachment":[{"href":"https:\/\/www.acoem.com\/france\/fr\/wp-json\/wp\/v2\/media?parent=693"}],"curies":[{"name":"wp","href":"https:\/\/api.w.org\/{rel}","templated":true}]}}