{"id":680,"date":"2022-06-23T08:50:16","date_gmt":"2022-06-23T08:50:16","guid":{"rendered":"https:\/\/www.acoem.com\/france\/fr\/?page_id=680"},"modified":"2022-09-20T08:14:14","modified_gmt":"2022-09-20T08:14:14","slug":"les-autorites-publiques","status":"publish","type":"page","link":"https:\/\/www.acoem.com\/france\/fr\/applications\/les-autorites-publiques\/","title":{"rendered":"Les autorit\u00e9s publiques"},"content":{"rendered":"","protected":false},"excerpt":{"rendered":"","protected":false},"author":25,"featured_media":0,"parent":673,"menu_order":0,"comment_status":"closed","ping_status":"closed","template":"","meta":{"_acf_changed":false,"content-type":""},"class_list":["post-680","page","type-page","status-publish","hentry","solutionfamily-fiabilite","solutionfamily-securite","solutionfamily-surveillance-de-lenvironnement"],"acf":[],"yoast_head":"<!-- This site is optimized with the Yoast SEO plugin v27.1.1 - https:\/\/yoast.com\/product\/yoast-seo-wordpress\/ -->\n<title>Les autorit\u00e9s publiques - Acoem France<\/title>\n<meta name=\"description\" content=\"Plus de 50 ans de partenariat avec le secteur public pour l&#039;aider \u00e0 cr\u00e9er des environnements propices et \u00e0 concilier progr\u00e8s et pr\u00e9servation.\" \/>\n<meta name=\"robots\" content=\"index, follow, max-snippet:-1, max-image-preview:large, max-video-preview:-1\" \/>\n<link rel=\"canonical\" href=\"https:\/\/www.acoem.com\/france\/fr\/applications\/les-autorites-publiques\/\" \/>\n<meta property=\"og:locale\" content=\"fr_FR\" \/>\n<meta property=\"og:type\" content=\"article\" \/>\n<meta property=\"og:title\" content=\"Les autorit\u00e9s publiques - Acoem France\" \/>\n<meta property=\"og:description\" content=\"Plus de 50 ans de partenariat avec le secteur public pour l&#039;aider \u00e0 cr\u00e9er des environnements propices et \u00e0 concilier progr\u00e8s et pr\u00e9servation.\" \/>\n<meta property=\"og:url\" content=\"https:\/\/www.acoem.com\/france\/fr\/applications\/les-autorites-publiques\/\" \/>\n<meta property=\"og:site_name\" content=\"Acoem France\" \/>\n<meta property=\"article:modified_time\" content=\"2022-09-20T08:14:14+00:00\" \/>\n<meta name=\"twitter:card\" content=\"summary_large_image\" \/>\n<script type=\"application\/ld+json\" class=\"yoast-schema-graph\">{\"@context\":\"https:\/\/schema.org\",\"@graph\":[{\"@type\":\"WebPage\",\"@id\":\"https:\/\/www.acoem.com\/france\/fr\/applications\/les-autorites-publiques\/\",\"url\":\"https:\/\/www.acoem.com\/france\/fr\/applications\/les-autorites-publiques\/\",\"name\":\"Les autorit\u00e9s publiques - Acoem France\",\"isPartOf\":{\"@id\":\"https:\/\/www.acoem.com\/france\/fr\/#website\"},\"datePublished\":\"2022-06-23T08:50:16+00:00\",\"dateModified\":\"2022-09-20T08:14:14+00:00\",\"description\":\"Plus de 50 ans de partenariat avec le secteur public pour l'aider \u00e0 cr\u00e9er des environnements propices et \u00e0 concilier progr\u00e8s et pr\u00e9servation.\",\"breadcrumb\":{\"@id\":\"https:\/\/www.acoem.com\/france\/fr\/applications\/les-autorites-publiques\/#breadcrumb\"},\"inLanguage\":\"fr-FR\",\"potentialAction\":[{\"@type\":\"ReadAction\",\"target\":[\"https:\/\/www.acoem.com\/france\/fr\/applications\/les-autorites-publiques\/\"]}]},{\"@type\":\"BreadcrumbList\",\"@id\":\"https:\/\/www.acoem.com\/france\/fr\/applications\/les-autorites-publiques\/#breadcrumb\",\"itemListElement\":[{\"@type\":\"ListItem\",\"position\":1,\"name\":\"Accueil\",\"item\":\"https:\/\/www.acoem.com\/france\/fr\/\"},{\"@type\":\"ListItem\",\"position\":2,\"name\":\"Applications\",\"item\":\"https:\/\/www.acoem.com\/france\/fr\/applications\/\"},{\"@type\":\"ListItem\",\"position\":3,\"name\":\"Les autorit\u00e9s publiques\"}]},{\"@type\":\"WebSite\",\"@id\":\"https:\/\/www.acoem.com\/france\/fr\/#website\",\"url\":\"https:\/\/www.acoem.com\/france\/fr\/\",\"name\":\"Acoem France\",\"description\":\"Just another Les sites de ACOEM site\",\"potentialAction\":[{\"@type\":\"SearchAction\",\"target\":{\"@type\":\"EntryPoint\",\"urlTemplate\":\"https:\/\/www.acoem.com\/france\/fr\/?s={search_term_string}\"},\"query-input\":{\"@type\":\"PropertyValueSpecification\",\"valueRequired\":true,\"valueName\":\"search_term_string\"}}],\"inLanguage\":\"fr-FR\"}]}<\/script>\n<!-- \/ Yoast SEO plugin. -->","yoast_head_json":{"title":"Les autorit\u00e9s publiques - Acoem France","description":"Plus de 50 ans de partenariat avec le secteur public pour l'aider \u00e0 cr\u00e9er des environnements propices et \u00e0 concilier progr\u00e8s et pr\u00e9servation.","robots":{"index":"index","follow":"follow","max-snippet":"max-snippet:-1","max-image-preview":"max-image-preview:large","max-video-preview":"max-video-preview:-1"},"canonical":"https:\/\/www.acoem.com\/france\/fr\/applications\/les-autorites-publiques\/","og_locale":"fr_FR","og_type":"article","og_title":"Les autorit\u00e9s publiques - Acoem France","og_description":"Plus de 50 ans de partenariat avec le secteur public pour l'aider \u00e0 cr\u00e9er des environnements propices et \u00e0 concilier progr\u00e8s et pr\u00e9servation.","og_url":"https:\/\/www.acoem.com\/france\/fr\/applications\/les-autorites-publiques\/","og_site_name":"Acoem France","article_modified_time":"2022-09-20T08:14:14+00:00","twitter_card":"summary_large_image","schema":{"@context":"https:\/\/schema.org","@graph":[{"@type":"WebPage","@id":"https:\/\/www.acoem.com\/france\/fr\/applications\/les-autorites-publiques\/","url":"https:\/\/www.acoem.com\/france\/fr\/applications\/les-autorites-publiques\/","name":"Les autorit\u00e9s publiques - Acoem France","isPartOf":{"@id":"https:\/\/www.acoem.com\/france\/fr\/#website"},"datePublished":"2022-06-23T08:50:16+00:00","dateModified":"2022-09-20T08:14:14+00:00","description":"Plus de 50 ans de partenariat avec le secteur public pour l'aider \u00e0 cr\u00e9er des environnements propices et \u00e0 concilier progr\u00e8s et pr\u00e9servation.","breadcrumb":{"@id":"https:\/\/www.acoem.com\/france\/fr\/applications\/les-autorites-publiques\/#breadcrumb"},"inLanguage":"fr-FR","potentialAction":[{"@type":"ReadAction","target":["https:\/\/www.acoem.com\/france\/fr\/applications\/les-autorites-publiques\/"]}]},{"@type":"BreadcrumbList","@id":"https:\/\/www.acoem.com\/france\/fr\/applications\/les-autorites-publiques\/#breadcrumb","itemListElement":[{"@type":"ListItem","position":1,"name":"Accueil","item":"https:\/\/www.acoem.com\/france\/fr\/"},{"@type":"ListItem","position":2,"name":"Applications","item":"https:\/\/www.acoem.com\/france\/fr\/applications\/"},{"@type":"ListItem","position":3,"name":"Les autorit\u00e9s publiques"}]},{"@type":"WebSite","@id":"https:\/\/www.acoem.com\/france\/fr\/#website","url":"https:\/\/www.acoem.com\/france\/fr\/","name":"Acoem France","description":"Just another Les sites de ACOEM site","potentialAction":[{"@type":"SearchAction","target":{"@type":"EntryPoint","urlTemplate":"https:\/\/www.acoem.com\/france\/fr\/?s={search_term_string}"},"query-input":{"@type":"PropertyValueSpecification","valueRequired":true,"valueName":"search_term_string"}}],"inLanguage":"fr-FR"}]}},"_links":{"self":[{"href":"https:\/\/www.acoem.com\/france\/fr\/wp-json\/wp\/v2\/pages\/680","targetHints":{"allow":["GET"]}}],"collection":[{"href":"https:\/\/www.acoem.com\/france\/fr\/wp-json\/wp\/v2\/pages"}],"about":[{"href":"https:\/\/www.acoem.com\/france\/fr\/wp-json\/wp\/v2\/types\/page"}],"author":[{"embeddable":true,"href":"https:\/\/www.acoem.com\/france\/fr\/wp-json\/wp\/v2\/users\/25"}],"replies":[{"embeddable":true,"href":"https:\/\/www.acoem.com\/france\/fr\/wp-json\/wp\/v2\/comments?post=680"}],"version-history":[{"count":2,"href":"https:\/\/www.acoem.com\/france\/fr\/wp-json\/wp\/v2\/pages\/680\/revisions"}],"predecessor-version":[{"id":995,"href":"https:\/\/www.acoem.com\/france\/fr\/wp-json\/wp\/v2\/pages\/680\/revisions\/995"}],"up":[{"embeddable":true,"href":"https:\/\/www.acoem.com\/france\/fr\/wp-json\/wp\/v2\/pages\/673"}],"wp:attachment":[{"href":"https:\/\/www.acoem.com\/france\/fr\/wp-json\/wp\/v2\/media?parent=680"}],"curies":[{"name":"wp","href":"https:\/\/api.w.org\/{rel}","templated":true}]}}