{"id":669,"date":"2022-06-23T08:50:35","date_gmt":"2022-06-23T08:50:35","guid":{"rendered":"https:\/\/www.acoem.com\/france\/fr\/?page_id=669"},"modified":"2022-09-26T13:47:02","modified_gmt":"2022-09-26T13:47:02","slug":"lexperience-acoem","status":"publish","type":"page","link":"https:\/\/www.acoem.com\/france\/fr\/lexperience-acoem\/","title":{"rendered":"L'exp\u00e9rience Acoem"},"content":{"rendered":"","protected":false},"excerpt":{"rendered":"<p>Am\u00e9liorez votre exp\u00e9rience utilisateur gr\u00e2ce \u00e0 l&rsquo;intelligence artificielle en tant que service et \u00e0 l&rsquo;intelligence artificielle dans les r\u00e9seaux<\/p>\n","protected":false},"author":25,"featured_media":0,"parent":0,"menu_order":0,"comment_status":"closed","ping_status":"closed","template":"","meta":{"_acf_changed":false,"content-type":""},"class_list":["post-669","page","type-page","status-publish","hentry"],"acf":[],"yoast_head":"<!-- This site is optimized with the Yoast SEO plugin v27.4 - https:\/\/yoast.com\/product\/yoast-seo-wordpress\/ -->\n<title>L&#039;exp\u00e9rience Acoem - Acoem France<\/title>\n<meta name=\"description\" content=\"Acoem a une relation de longue date avec le traitement du signal qui pr\u00e9c\u00e8de l\u2019\u00e9mergence des nouveaux r\u00e9seaux neuronaux et de l\u2019intelligence artificielle.\" \/>\n<meta name=\"robots\" content=\"index, follow, max-snippet:-1, max-image-preview:large, max-video-preview:-1\" \/>\n<link rel=\"canonical\" href=\"https:\/\/www.acoem.com\/france\/fr\/lexperience-acoem\/\" \/>\n<meta property=\"og:locale\" content=\"fr_FR\" \/>\n<meta property=\"og:type\" content=\"article\" \/>\n<meta property=\"og:title\" content=\"L&#039;exp\u00e9rience Acoem - Acoem France\" \/>\n<meta property=\"og:description\" content=\"Acoem a une relation de longue date avec le traitement du signal qui pr\u00e9c\u00e8de l\u2019\u00e9mergence des nouveaux r\u00e9seaux neuronaux et de l\u2019intelligence artificielle.\" \/>\n<meta property=\"og:url\" content=\"https:\/\/www.acoem.com\/france\/fr\/lexperience-acoem\/\" \/>\n<meta property=\"og:site_name\" content=\"Acoem France\" \/>\n<meta property=\"article:modified_time\" content=\"2022-09-26T13:47:02+00:00\" \/>\n<meta name=\"twitter:card\" content=\"summary_large_image\" \/>\n<script type=\"application\/ld+json\" class=\"yoast-schema-graph\">{\"@context\":\"https:\\\/\\\/schema.org\",\"@graph\":[{\"@type\":\"WebPage\",\"@id\":\"https:\\\/\\\/www.acoem.com\\\/france\\\/fr\\\/lexperience-acoem\\\/\",\"url\":\"https:\\\/\\\/www.acoem.com\\\/france\\\/fr\\\/lexperience-acoem\\\/\",\"name\":\"L'exp\u00e9rience Acoem - Acoem France\",\"isPartOf\":{\"@id\":\"https:\\\/\\\/www.acoem.com\\\/france\\\/fr\\\/#website\"},\"datePublished\":\"2022-06-23T08:50:35+00:00\",\"dateModified\":\"2022-09-26T13:47:02+00:00\",\"description\":\"Acoem a une relation de longue date avec le traitement du signal qui pr\u00e9c\u00e8de l\u2019\u00e9mergence des nouveaux r\u00e9seaux neuronaux et de l\u2019intelligence artificielle.\",\"breadcrumb\":{\"@id\":\"https:\\\/\\\/www.acoem.com\\\/france\\\/fr\\\/lexperience-acoem\\\/#breadcrumb\"},\"inLanguage\":\"fr-FR\",\"potentialAction\":[{\"@type\":\"ReadAction\",\"target\":[\"https:\\\/\\\/www.acoem.com\\\/france\\\/fr\\\/lexperience-acoem\\\/\"]}]},{\"@type\":\"BreadcrumbList\",\"@id\":\"https:\\\/\\\/www.acoem.com\\\/france\\\/fr\\\/lexperience-acoem\\\/#breadcrumb\",\"itemListElement\":[{\"@type\":\"ListItem\",\"position\":1,\"name\":\"Accueil\",\"item\":\"https:\\\/\\\/www.acoem.com\\\/france\\\/fr\\\/\"},{\"@type\":\"ListItem\",\"position\":2,\"name\":\"L'exp\u00e9rience Acoem\"}]},{\"@type\":\"WebSite\",\"@id\":\"https:\\\/\\\/www.acoem.com\\\/france\\\/fr\\\/#website\",\"url\":\"https:\\\/\\\/www.acoem.com\\\/france\\\/fr\\\/\",\"name\":\"Acoem France\",\"description\":\"Just another Les sites de ACOEM site\",\"potentialAction\":[{\"@type\":\"SearchAction\",\"target\":{\"@type\":\"EntryPoint\",\"urlTemplate\":\"https:\\\/\\\/www.acoem.com\\\/france\\\/fr\\\/?s={search_term_string}\"},\"query-input\":{\"@type\":\"PropertyValueSpecification\",\"valueRequired\":true,\"valueName\":\"search_term_string\"}}],\"inLanguage\":\"fr-FR\"}]}<\/script>\n<!-- \/ Yoast SEO plugin. -->","yoast_head_json":{"title":"L'exp\u00e9rience Acoem - Acoem France","description":"Acoem a une relation de longue date avec le traitement du signal qui pr\u00e9c\u00e8de l\u2019\u00e9mergence des nouveaux r\u00e9seaux neuronaux et de l\u2019intelligence artificielle.","robots":{"index":"index","follow":"follow","max-snippet":"max-snippet:-1","max-image-preview":"max-image-preview:large","max-video-preview":"max-video-preview:-1"},"canonical":"https:\/\/www.acoem.com\/france\/fr\/lexperience-acoem\/","og_locale":"fr_FR","og_type":"article","og_title":"L'exp\u00e9rience Acoem - Acoem France","og_description":"Acoem a une relation de longue date avec le traitement du signal qui pr\u00e9c\u00e8de l\u2019\u00e9mergence des nouveaux r\u00e9seaux neuronaux et de l\u2019intelligence artificielle.","og_url":"https:\/\/www.acoem.com\/france\/fr\/lexperience-acoem\/","og_site_name":"Acoem France","article_modified_time":"2022-09-26T13:47:02+00:00","twitter_card":"summary_large_image","schema":{"@context":"https:\/\/schema.org","@graph":[{"@type":"WebPage","@id":"https:\/\/www.acoem.com\/france\/fr\/lexperience-acoem\/","url":"https:\/\/www.acoem.com\/france\/fr\/lexperience-acoem\/","name":"L'exp\u00e9rience Acoem - Acoem France","isPartOf":{"@id":"https:\/\/www.acoem.com\/france\/fr\/#website"},"datePublished":"2022-06-23T08:50:35+00:00","dateModified":"2022-09-26T13:47:02+00:00","description":"Acoem a une relation de longue date avec le traitement du signal qui pr\u00e9c\u00e8de l\u2019\u00e9mergence des nouveaux r\u00e9seaux neuronaux et de l\u2019intelligence artificielle.","breadcrumb":{"@id":"https:\/\/www.acoem.com\/france\/fr\/lexperience-acoem\/#breadcrumb"},"inLanguage":"fr-FR","potentialAction":[{"@type":"ReadAction","target":["https:\/\/www.acoem.com\/france\/fr\/lexperience-acoem\/"]}]},{"@type":"BreadcrumbList","@id":"https:\/\/www.acoem.com\/france\/fr\/lexperience-acoem\/#breadcrumb","itemListElement":[{"@type":"ListItem","position":1,"name":"Accueil","item":"https:\/\/www.acoem.com\/france\/fr\/"},{"@type":"ListItem","position":2,"name":"L'exp\u00e9rience Acoem"}]},{"@type":"WebSite","@id":"https:\/\/www.acoem.com\/france\/fr\/#website","url":"https:\/\/www.acoem.com\/france\/fr\/","name":"Acoem France","description":"Just another Les sites de ACOEM site","potentialAction":[{"@type":"SearchAction","target":{"@type":"EntryPoint","urlTemplate":"https:\/\/www.acoem.com\/france\/fr\/?s={search_term_string}"},"query-input":{"@type":"PropertyValueSpecification","valueRequired":true,"valueName":"search_term_string"}}],"inLanguage":"fr-FR"}]}},"_links":{"self":[{"href":"https:\/\/www.acoem.com\/france\/fr\/wp-json\/wp\/v2\/pages\/669","targetHints":{"allow":["GET"]}}],"collection":[{"href":"https:\/\/www.acoem.com\/france\/fr\/wp-json\/wp\/v2\/pages"}],"about":[{"href":"https:\/\/www.acoem.com\/france\/fr\/wp-json\/wp\/v2\/types\/page"}],"author":[{"embeddable":true,"href":"https:\/\/www.acoem.com\/france\/fr\/wp-json\/wp\/v2\/users\/25"}],"replies":[{"embeddable":true,"href":"https:\/\/www.acoem.com\/france\/fr\/wp-json\/wp\/v2\/comments?post=669"}],"version-history":[{"count":2,"href":"https:\/\/www.acoem.com\/france\/fr\/wp-json\/wp\/v2\/pages\/669\/revisions"}],"predecessor-version":[{"id":1004,"href":"https:\/\/www.acoem.com\/france\/fr\/wp-json\/wp\/v2\/pages\/669\/revisions\/1004"}],"wp:attachment":[{"href":"https:\/\/www.acoem.com\/france\/fr\/wp-json\/wp\/v2\/media?parent=669"}],"curies":[{"name":"wp","href":"https:\/\/api.w.org\/{rel}","templated":true}]}}