{"id":2566,"date":"2026-04-27T08:30:34","date_gmt":"2026-04-27T08:30:34","guid":{"rendered":"https:\/\/www.acoem.com\/enance\/fr\/?page_id=2566"},"modified":"2026-04-27T08:47:45","modified_gmt":"2026-04-27T08:47:45","slug":"ecosysteme-sans-fil-acoem","status":"publish","type":"page","link":"https:\/\/www.acoem.com\/france\/fr\/fiabilite-industrielle\/ecosysteme-sans-fil-acoem\/","title":{"rendered":"Ecosyst\u00e8me sans fil Acoem"},"content":{"rendered":"","protected":false},"excerpt":{"rendered":"","protected":false},"author":25,"featured_media":0,"parent":1765,"menu_order":0,"comment_status":"closed","ping_status":"closed","template":"","meta":{"_acf_changed":false,"content-type":""},"class_list":["post-2566","page","type-page","status-publish","hentry","solutionfamily-fiabilite"],"acf":[],"yoast_head":"<!-- This site is optimized with the Yoast SEO plugin v27.4 - https:\/\/yoast.com\/product\/yoast-seo-wordpress\/ -->\n<title>Ecosyst\u00e8me sans fil Acoem - Acoem France<\/title>\n<meta name=\"description\" content=\"D\u00e9couvrez l&#039;\u00e9cosyst\u00e8me sans fil d&#039;Acoem : des outils intelligents et connect\u00e9s pour simplifier la maintenance et optimiser la disponibilit\u00e9 des machines.\" \/>\n<meta name=\"robots\" content=\"index, follow, max-snippet:-1, max-image-preview:large, max-video-preview:-1\" \/>\n<link rel=\"canonical\" href=\"https:\/\/www.acoem.com\/france\/fr\/fiabilite-industrielle\/ecosysteme-sans-fil-acoem\/\" \/>\n<meta property=\"og:locale\" content=\"fr_FR\" \/>\n<meta property=\"og:type\" content=\"article\" \/>\n<meta property=\"og:title\" content=\"Ecosyst\u00e8me sans fil Acoem - Acoem France\" \/>\n<meta property=\"og:description\" content=\"D\u00e9couvrez l&#039;\u00e9cosyst\u00e8me sans fil d&#039;Acoem : des outils intelligents et connect\u00e9s pour simplifier la maintenance et optimiser la disponibilit\u00e9 des machines.\" \/>\n<meta property=\"og:url\" content=\"https:\/\/www.acoem.com\/france\/fr\/fiabilite-industrielle\/ecosysteme-sans-fil-acoem\/\" \/>\n<meta property=\"og:site_name\" content=\"Acoem France\" \/>\n<meta property=\"article:modified_time\" content=\"2026-04-27T08:47:45+00:00\" \/>\n<meta name=\"twitter:card\" content=\"summary_large_image\" \/>\n<script type=\"application\/ld+json\" class=\"yoast-schema-graph\">{\"@context\":\"https:\\\/\\\/schema.org\",\"@graph\":[{\"@type\":\"WebPage\",\"@id\":\"https:\\\/\\\/www.acoem.com\\\/france\\\/fr\\\/fiabilite-industrielle\\\/ecosysteme-sans-fil-acoem\\\/\",\"url\":\"https:\\\/\\\/www.acoem.com\\\/france\\\/fr\\\/fiabilite-industrielle\\\/ecosysteme-sans-fil-acoem\\\/\",\"name\":\"Ecosyst\u00e8me sans fil Acoem - Acoem France\",\"isPartOf\":{\"@id\":\"https:\\\/\\\/www.acoem.com\\\/france\\\/fr\\\/#website\"},\"datePublished\":\"2026-04-27T08:30:34+00:00\",\"dateModified\":\"2026-04-27T08:47:45+00:00\",\"description\":\"D\u00e9couvrez l'\u00e9cosyst\u00e8me sans fil d'Acoem : des outils intelligents et connect\u00e9s pour simplifier la maintenance et optimiser la disponibilit\u00e9 des machines.\",\"breadcrumb\":{\"@id\":\"https:\\\/\\\/www.acoem.com\\\/france\\\/fr\\\/fiabilite-industrielle\\\/ecosysteme-sans-fil-acoem\\\/#breadcrumb\"},\"inLanguage\":\"fr-FR\",\"potentialAction\":[{\"@type\":\"ReadAction\",\"target\":[\"https:\\\/\\\/www.acoem.com\\\/france\\\/fr\\\/fiabilite-industrielle\\\/ecosysteme-sans-fil-acoem\\\/\"]}]},{\"@type\":\"BreadcrumbList\",\"@id\":\"https:\\\/\\\/www.acoem.com\\\/france\\\/fr\\\/fiabilite-industrielle\\\/ecosysteme-sans-fil-acoem\\\/#breadcrumb\",\"itemListElement\":[{\"@type\":\"ListItem\",\"position\":1,\"name\":\"Accueil\",\"item\":\"https:\\\/\\\/www.acoem.com\\\/france\\\/fr\\\/\"},{\"@type\":\"ListItem\",\"position\":2,\"name\":\"Fiabilit\u00e9 industrielle\",\"item\":\"https:\\\/\\\/www.acoem.com\\\/france\\\/fr\\\/fiabilite-industrielle\\\/\"},{\"@type\":\"ListItem\",\"position\":3,\"name\":\"Ecosyst\u00e8me sans fil Acoem\"}]},{\"@type\":\"WebSite\",\"@id\":\"https:\\\/\\\/www.acoem.com\\\/france\\\/fr\\\/#website\",\"url\":\"https:\\\/\\\/www.acoem.com\\\/france\\\/fr\\\/\",\"name\":\"Acoem France\",\"description\":\"Just another Les sites de ACOEM site\",\"potentialAction\":[{\"@type\":\"SearchAction\",\"target\":{\"@type\":\"EntryPoint\",\"urlTemplate\":\"https:\\\/\\\/www.acoem.com\\\/france\\\/fr\\\/?s={search_term_string}\"},\"query-input\":{\"@type\":\"PropertyValueSpecification\",\"valueRequired\":true,\"valueName\":\"search_term_string\"}}],\"inLanguage\":\"fr-FR\"}]}<\/script>\n<!-- \/ Yoast SEO plugin. -->","yoast_head_json":{"title":"Ecosyst\u00e8me sans fil Acoem - Acoem France","description":"D\u00e9couvrez l'\u00e9cosyst\u00e8me sans fil d'Acoem : des outils intelligents et connect\u00e9s pour simplifier la maintenance et optimiser la disponibilit\u00e9 des machines.","robots":{"index":"index","follow":"follow","max-snippet":"max-snippet:-1","max-image-preview":"max-image-preview:large","max-video-preview":"max-video-preview:-1"},"canonical":"https:\/\/www.acoem.com\/france\/fr\/fiabilite-industrielle\/ecosysteme-sans-fil-acoem\/","og_locale":"fr_FR","og_type":"article","og_title":"Ecosyst\u00e8me sans fil Acoem - Acoem France","og_description":"D\u00e9couvrez l'\u00e9cosyst\u00e8me sans fil d'Acoem : des outils intelligents et connect\u00e9s pour simplifier la maintenance et optimiser la disponibilit\u00e9 des machines.","og_url":"https:\/\/www.acoem.com\/france\/fr\/fiabilite-industrielle\/ecosysteme-sans-fil-acoem\/","og_site_name":"Acoem France","article_modified_time":"2026-04-27T08:47:45+00:00","twitter_card":"summary_large_image","schema":{"@context":"https:\/\/schema.org","@graph":[{"@type":"WebPage","@id":"https:\/\/www.acoem.com\/france\/fr\/fiabilite-industrielle\/ecosysteme-sans-fil-acoem\/","url":"https:\/\/www.acoem.com\/france\/fr\/fiabilite-industrielle\/ecosysteme-sans-fil-acoem\/","name":"Ecosyst\u00e8me sans fil Acoem - Acoem France","isPartOf":{"@id":"https:\/\/www.acoem.com\/france\/fr\/#website"},"datePublished":"2026-04-27T08:30:34+00:00","dateModified":"2026-04-27T08:47:45+00:00","description":"D\u00e9couvrez l'\u00e9cosyst\u00e8me sans fil d'Acoem : des outils intelligents et connect\u00e9s pour simplifier la maintenance et optimiser la disponibilit\u00e9 des machines.","breadcrumb":{"@id":"https:\/\/www.acoem.com\/france\/fr\/fiabilite-industrielle\/ecosysteme-sans-fil-acoem\/#breadcrumb"},"inLanguage":"fr-FR","potentialAction":[{"@type":"ReadAction","target":["https:\/\/www.acoem.com\/france\/fr\/fiabilite-industrielle\/ecosysteme-sans-fil-acoem\/"]}]},{"@type":"BreadcrumbList","@id":"https:\/\/www.acoem.com\/france\/fr\/fiabilite-industrielle\/ecosysteme-sans-fil-acoem\/#breadcrumb","itemListElement":[{"@type":"ListItem","position":1,"name":"Accueil","item":"https:\/\/www.acoem.com\/france\/fr\/"},{"@type":"ListItem","position":2,"name":"Fiabilit\u00e9 industrielle","item":"https:\/\/www.acoem.com\/france\/fr\/fiabilite-industrielle\/"},{"@type":"ListItem","position":3,"name":"Ecosyst\u00e8me sans fil Acoem"}]},{"@type":"WebSite","@id":"https:\/\/www.acoem.com\/france\/fr\/#website","url":"https:\/\/www.acoem.com\/france\/fr\/","name":"Acoem France","description":"Just another Les sites de ACOEM site","potentialAction":[{"@type":"SearchAction","target":{"@type":"EntryPoint","urlTemplate":"https:\/\/www.acoem.com\/france\/fr\/?s={search_term_string}"},"query-input":{"@type":"PropertyValueSpecification","valueRequired":true,"valueName":"search_term_string"}}],"inLanguage":"fr-FR"}]}},"_links":{"self":[{"href":"https:\/\/www.acoem.com\/france\/fr\/wp-json\/wp\/v2\/pages\/2566","targetHints":{"allow":["GET"]}}],"collection":[{"href":"https:\/\/www.acoem.com\/france\/fr\/wp-json\/wp\/v2\/pages"}],"about":[{"href":"https:\/\/www.acoem.com\/france\/fr\/wp-json\/wp\/v2\/types\/page"}],"author":[{"embeddable":true,"href":"https:\/\/www.acoem.com\/france\/fr\/wp-json\/wp\/v2\/users\/25"}],"replies":[{"embeddable":true,"href":"https:\/\/www.acoem.com\/france\/fr\/wp-json\/wp\/v2\/comments?post=2566"}],"version-history":[{"count":2,"href":"https:\/\/www.acoem.com\/france\/fr\/wp-json\/wp\/v2\/pages\/2566\/revisions"}],"predecessor-version":[{"id":2571,"href":"https:\/\/www.acoem.com\/france\/fr\/wp-json\/wp\/v2\/pages\/2566\/revisions\/2571"}],"up":[{"embeddable":true,"href":"https:\/\/www.acoem.com\/france\/fr\/wp-json\/wp\/v2\/pages\/1765"}],"wp:attachment":[{"href":"https:\/\/www.acoem.com\/france\/fr\/wp-json\/wp\/v2\/media?parent=2566"}],"curies":[{"name":"wp","href":"https:\/\/api.w.org\/{rel}","templated":true}]}}