{"id":2473,"date":"2026-01-06T09:56:28","date_gmt":"2026-01-06T09:56:28","guid":{"rendered":"https:\/\/www.acoem.com\/enance\/fr\/?page_id=2473"},"modified":"2026-02-13T13:51:37","modified_gmt":"2026-02-13T13:51:37","slug":"monitoring-maintenance-predictive-pour-data-centers","status":"publish","type":"page","link":"https:\/\/www.acoem.com\/france\/fr\/applications\/monitoring-maintenance-predictive-pour-data-centers\/","title":{"rendered":"Data centers"},"content":{"rendered":"","protected":false},"excerpt":{"rendered":"","protected":false},"author":25,"featured_media":0,"parent":673,"menu_order":0,"comment_status":"closed","ping_status":"closed","template":"","meta":{"_acf_changed":false,"content-type":""},"class_list":["post-2473","page","type-page","status-publish","hentry","solutionfamily-fiabilite"],"acf":[],"yoast_head":"<!-- This site is optimized with the Yoast SEO plugin v27.4 - https:\/\/yoast.com\/product\/yoast-seo-wordpress\/ -->\n<title>Monitoring &amp; maintenance pr\u00e9dictive pour data centers<\/title>\n<meta name=\"description\" content=\"Prot\u00e9gez la disponibilit\u00e9 de vos data centers et r\u00e9duisez les co\u00fbts \u00e9nerg\u00e9tiques gr\u00e2ce au monitoring continu et \u00e0 la maintenance pr\u00e9dictive d\u2019Acoem.\" \/>\n<meta name=\"robots\" content=\"index, follow, max-snippet:-1, max-image-preview:large, max-video-preview:-1\" \/>\n<link rel=\"canonical\" href=\"https:\/\/www.acoem.com\/france\/fr\/applications\/monitoring-maintenance-predictive-pour-data-centers\/\" \/>\n<meta property=\"og:locale\" content=\"fr_FR\" \/>\n<meta property=\"og:type\" content=\"article\" \/>\n<meta property=\"og:title\" content=\"Monitoring &amp; maintenance pr\u00e9dictive pour data centers\" \/>\n<meta property=\"og:description\" content=\"Prot\u00e9gez la disponibilit\u00e9 de vos data centers et r\u00e9duisez les co\u00fbts \u00e9nerg\u00e9tiques gr\u00e2ce au monitoring continu et \u00e0 la maintenance pr\u00e9dictive d\u2019Acoem.\" \/>\n<meta property=\"og:url\" content=\"https:\/\/www.acoem.com\/france\/fr\/applications\/monitoring-maintenance-predictive-pour-data-centers\/\" \/>\n<meta property=\"og:site_name\" content=\"Acoem France\" \/>\n<meta property=\"article:modified_time\" content=\"2026-02-13T13:51:37+00:00\" \/>\n<meta name=\"twitter:card\" content=\"summary_large_image\" \/>\n<script type=\"application\/ld+json\" class=\"yoast-schema-graph\">{\"@context\":\"https:\\\/\\\/schema.org\",\"@graph\":[{\"@type\":\"WebPage\",\"@id\":\"https:\\\/\\\/www.acoem.com\\\/france\\\/fr\\\/applications\\\/monitoring-maintenance-predictive-pour-data-centers\\\/\",\"url\":\"https:\\\/\\\/www.acoem.com\\\/france\\\/fr\\\/applications\\\/monitoring-maintenance-predictive-pour-data-centers\\\/\",\"name\":\"Monitoring & maintenance pr\u00e9dictive pour data centers\",\"isPartOf\":{\"@id\":\"https:\\\/\\\/www.acoem.com\\\/france\\\/fr\\\/#website\"},\"datePublished\":\"2026-01-06T09:56:28+00:00\",\"dateModified\":\"2026-02-13T13:51:37+00:00\",\"description\":\"Prot\u00e9gez la disponibilit\u00e9 de vos data centers et r\u00e9duisez les co\u00fbts \u00e9nerg\u00e9tiques gr\u00e2ce au monitoring continu et \u00e0 la maintenance pr\u00e9dictive d\u2019Acoem.\",\"breadcrumb\":{\"@id\":\"https:\\\/\\\/www.acoem.com\\\/france\\\/fr\\\/applications\\\/monitoring-maintenance-predictive-pour-data-centers\\\/#breadcrumb\"},\"inLanguage\":\"fr-FR\",\"potentialAction\":[{\"@type\":\"ReadAction\",\"target\":[\"https:\\\/\\\/www.acoem.com\\\/france\\\/fr\\\/applications\\\/monitoring-maintenance-predictive-pour-data-centers\\\/\"]}]},{\"@type\":\"BreadcrumbList\",\"@id\":\"https:\\\/\\\/www.acoem.com\\\/france\\\/fr\\\/applications\\\/monitoring-maintenance-predictive-pour-data-centers\\\/#breadcrumb\",\"itemListElement\":[{\"@type\":\"ListItem\",\"position\":1,\"name\":\"Accueil\",\"item\":\"https:\\\/\\\/www.acoem.com\\\/france\\\/fr\\\/\"},{\"@type\":\"ListItem\",\"position\":2,\"name\":\"Applications\",\"item\":\"https:\\\/\\\/www.acoem.com\\\/france\\\/fr\\\/applications\\\/\"},{\"@type\":\"ListItem\",\"position\":3,\"name\":\"Data centers\"}]},{\"@type\":\"WebSite\",\"@id\":\"https:\\\/\\\/www.acoem.com\\\/france\\\/fr\\\/#website\",\"url\":\"https:\\\/\\\/www.acoem.com\\\/france\\\/fr\\\/\",\"name\":\"Acoem France\",\"description\":\"Just another Les sites de ACOEM site\",\"potentialAction\":[{\"@type\":\"SearchAction\",\"target\":{\"@type\":\"EntryPoint\",\"urlTemplate\":\"https:\\\/\\\/www.acoem.com\\\/france\\\/fr\\\/?s={search_term_string}\"},\"query-input\":{\"@type\":\"PropertyValueSpecification\",\"valueRequired\":true,\"valueName\":\"search_term_string\"}}],\"inLanguage\":\"fr-FR\"}]}<\/script>\n<!-- \/ Yoast SEO plugin. -->","yoast_head_json":{"title":"Monitoring & maintenance pr\u00e9dictive pour data centers","description":"Prot\u00e9gez la disponibilit\u00e9 de vos data centers et r\u00e9duisez les co\u00fbts \u00e9nerg\u00e9tiques gr\u00e2ce au monitoring continu et \u00e0 la maintenance pr\u00e9dictive d\u2019Acoem.","robots":{"index":"index","follow":"follow","max-snippet":"max-snippet:-1","max-image-preview":"max-image-preview:large","max-video-preview":"max-video-preview:-1"},"canonical":"https:\/\/www.acoem.com\/france\/fr\/applications\/monitoring-maintenance-predictive-pour-data-centers\/","og_locale":"fr_FR","og_type":"article","og_title":"Monitoring & maintenance pr\u00e9dictive pour data centers","og_description":"Prot\u00e9gez la disponibilit\u00e9 de vos data centers et r\u00e9duisez les co\u00fbts \u00e9nerg\u00e9tiques gr\u00e2ce au monitoring continu et \u00e0 la maintenance pr\u00e9dictive d\u2019Acoem.","og_url":"https:\/\/www.acoem.com\/france\/fr\/applications\/monitoring-maintenance-predictive-pour-data-centers\/","og_site_name":"Acoem France","article_modified_time":"2026-02-13T13:51:37+00:00","twitter_card":"summary_large_image","schema":{"@context":"https:\/\/schema.org","@graph":[{"@type":"WebPage","@id":"https:\/\/www.acoem.com\/france\/fr\/applications\/monitoring-maintenance-predictive-pour-data-centers\/","url":"https:\/\/www.acoem.com\/france\/fr\/applications\/monitoring-maintenance-predictive-pour-data-centers\/","name":"Monitoring & maintenance pr\u00e9dictive pour data centers","isPartOf":{"@id":"https:\/\/www.acoem.com\/france\/fr\/#website"},"datePublished":"2026-01-06T09:56:28+00:00","dateModified":"2026-02-13T13:51:37+00:00","description":"Prot\u00e9gez la disponibilit\u00e9 de vos data centers et r\u00e9duisez les co\u00fbts \u00e9nerg\u00e9tiques gr\u00e2ce au monitoring continu et \u00e0 la maintenance pr\u00e9dictive d\u2019Acoem.","breadcrumb":{"@id":"https:\/\/www.acoem.com\/france\/fr\/applications\/monitoring-maintenance-predictive-pour-data-centers\/#breadcrumb"},"inLanguage":"fr-FR","potentialAction":[{"@type":"ReadAction","target":["https:\/\/www.acoem.com\/france\/fr\/applications\/monitoring-maintenance-predictive-pour-data-centers\/"]}]},{"@type":"BreadcrumbList","@id":"https:\/\/www.acoem.com\/france\/fr\/applications\/monitoring-maintenance-predictive-pour-data-centers\/#breadcrumb","itemListElement":[{"@type":"ListItem","position":1,"name":"Accueil","item":"https:\/\/www.acoem.com\/france\/fr\/"},{"@type":"ListItem","position":2,"name":"Applications","item":"https:\/\/www.acoem.com\/france\/fr\/applications\/"},{"@type":"ListItem","position":3,"name":"Data centers"}]},{"@type":"WebSite","@id":"https:\/\/www.acoem.com\/france\/fr\/#website","url":"https:\/\/www.acoem.com\/france\/fr\/","name":"Acoem France","description":"Just another Les sites de ACOEM site","potentialAction":[{"@type":"SearchAction","target":{"@type":"EntryPoint","urlTemplate":"https:\/\/www.acoem.com\/france\/fr\/?s={search_term_string}"},"query-input":{"@type":"PropertyValueSpecification","valueRequired":true,"valueName":"search_term_string"}}],"inLanguage":"fr-FR"}]}},"_links":{"self":[{"href":"https:\/\/www.acoem.com\/france\/fr\/wp-json\/wp\/v2\/pages\/2473","targetHints":{"allow":["GET"]}}],"collection":[{"href":"https:\/\/www.acoem.com\/france\/fr\/wp-json\/wp\/v2\/pages"}],"about":[{"href":"https:\/\/www.acoem.com\/france\/fr\/wp-json\/wp\/v2\/types\/page"}],"author":[{"embeddable":true,"href":"https:\/\/www.acoem.com\/france\/fr\/wp-json\/wp\/v2\/users\/25"}],"replies":[{"embeddable":true,"href":"https:\/\/www.acoem.com\/france\/fr\/wp-json\/wp\/v2\/comments?post=2473"}],"version-history":[{"count":3,"href":"https:\/\/www.acoem.com\/france\/fr\/wp-json\/wp\/v2\/pages\/2473\/revisions"}],"predecessor-version":[{"id":2519,"href":"https:\/\/www.acoem.com\/france\/fr\/wp-json\/wp\/v2\/pages\/2473\/revisions\/2519"}],"up":[{"embeddable":true,"href":"https:\/\/www.acoem.com\/france\/fr\/wp-json\/wp\/v2\/pages\/673"}],"wp:attachment":[{"href":"https:\/\/www.acoem.com\/france\/fr\/wp-json\/wp\/v2\/media?parent=2473"}],"curies":[{"name":"wp","href":"https:\/\/api.w.org\/{rel}","templated":true}]}}