{"id":2458,"date":"2026-01-06T09:14:18","date_gmt":"2026-01-06T09:14:18","guid":{"rendered":"https:\/\/www.acoem.com\/france\/?page_id=2458"},"modified":"2026-02-13T13:30:10","modified_gmt":"2026-02-13T13:30:10","slug":"solutions-de-fiabilite-pour-lindustrie-miniere","status":"publish","type":"page","link":"https:\/\/www.acoem.com\/france\/fr\/applications\/solutions-de-fiabilite-pour-lindustrie-miniere\/","title":{"rendered":"Industrie mini\u00e8re"},"content":{"rendered":"","protected":false},"excerpt":{"rendered":"","protected":false},"author":25,"featured_media":0,"parent":673,"menu_order":0,"comment_status":"closed","ping_status":"closed","template":"","meta":{"_acf_changed":false,"content-type":""},"class_list":["post-2458","page","type-page","status-publish","hentry","solutionfamily-fiabilite"],"acf":[],"yoast_head":"<!-- This site is optimized with the Yoast SEO plugin v27.4 - https:\/\/yoast.com\/product\/yoast-seo-wordpress\/ -->\n<title>Industrie mini\u00e8re - Acoem France<\/title>\n<meta name=\"description\" content=\"Optimisez vos op\u00e9rations mini\u00e8res gr\u00e2ce aux solutions de fiabilit\u00e9 d\u2019Acoem : surveillance de l\u2019\u00e9tat des \u00e9quipements et monitoring sur mesure.\" \/>\n<meta name=\"robots\" content=\"index, follow, max-snippet:-1, max-image-preview:large, max-video-preview:-1\" \/>\n<link rel=\"canonical\" href=\"https:\/\/www.acoem.com\/france\/fr\/applications\/solutions-de-fiabilite-pour-lindustrie-miniere\/\" \/>\n<meta property=\"og:locale\" content=\"fr_FR\" \/>\n<meta property=\"og:type\" content=\"article\" \/>\n<meta property=\"og:title\" content=\"Industrie mini\u00e8re - Acoem France\" \/>\n<meta property=\"og:description\" content=\"Optimisez vos op\u00e9rations mini\u00e8res gr\u00e2ce aux solutions de fiabilit\u00e9 d\u2019Acoem : surveillance de l\u2019\u00e9tat des \u00e9quipements et monitoring sur mesure.\" \/>\n<meta property=\"og:url\" content=\"https:\/\/www.acoem.com\/france\/fr\/applications\/solutions-de-fiabilite-pour-lindustrie-miniere\/\" \/>\n<meta property=\"og:site_name\" content=\"Acoem France\" \/>\n<meta property=\"article:modified_time\" content=\"2026-02-13T13:30:10+00:00\" \/>\n<meta name=\"twitter:card\" content=\"summary_large_image\" \/>\n<script type=\"application\/ld+json\" class=\"yoast-schema-graph\">{\"@context\":\"https:\\\/\\\/schema.org\",\"@graph\":[{\"@type\":\"WebPage\",\"@id\":\"https:\\\/\\\/www.acoem.com\\\/france\\\/fr\\\/applications\\\/solutions-de-fiabilite-pour-lindustrie-miniere\\\/\",\"url\":\"https:\\\/\\\/www.acoem.com\\\/france\\\/fr\\\/applications\\\/solutions-de-fiabilite-pour-lindustrie-miniere\\\/\",\"name\":\"Industrie mini\u00e8re - Acoem France\",\"isPartOf\":{\"@id\":\"https:\\\/\\\/www.acoem.com\\\/france\\\/fr\\\/#website\"},\"datePublished\":\"2026-01-06T09:14:18+00:00\",\"dateModified\":\"2026-02-13T13:30:10+00:00\",\"description\":\"Optimisez vos op\u00e9rations mini\u00e8res gr\u00e2ce aux solutions de fiabilit\u00e9 d\u2019Acoem : surveillance de l\u2019\u00e9tat des \u00e9quipements et monitoring sur mesure.\",\"breadcrumb\":{\"@id\":\"https:\\\/\\\/www.acoem.com\\\/france\\\/fr\\\/applications\\\/solutions-de-fiabilite-pour-lindustrie-miniere\\\/#breadcrumb\"},\"inLanguage\":\"fr-FR\",\"potentialAction\":[{\"@type\":\"ReadAction\",\"target\":[\"https:\\\/\\\/www.acoem.com\\\/france\\\/fr\\\/applications\\\/solutions-de-fiabilite-pour-lindustrie-miniere\\\/\"]}]},{\"@type\":\"BreadcrumbList\",\"@id\":\"https:\\\/\\\/www.acoem.com\\\/france\\\/fr\\\/applications\\\/solutions-de-fiabilite-pour-lindustrie-miniere\\\/#breadcrumb\",\"itemListElement\":[{\"@type\":\"ListItem\",\"position\":1,\"name\":\"Accueil\",\"item\":\"https:\\\/\\\/www.acoem.com\\\/france\\\/fr\\\/\"},{\"@type\":\"ListItem\",\"position\":2,\"name\":\"Applications\",\"item\":\"https:\\\/\\\/www.acoem.com\\\/france\\\/fr\\\/applications\\\/\"},{\"@type\":\"ListItem\",\"position\":3,\"name\":\"Industrie mini\u00e8re\"}]},{\"@type\":\"WebSite\",\"@id\":\"https:\\\/\\\/www.acoem.com\\\/france\\\/fr\\\/#website\",\"url\":\"https:\\\/\\\/www.acoem.com\\\/france\\\/fr\\\/\",\"name\":\"Acoem France\",\"description\":\"Just another Les sites de ACOEM site\",\"potentialAction\":[{\"@type\":\"SearchAction\",\"target\":{\"@type\":\"EntryPoint\",\"urlTemplate\":\"https:\\\/\\\/www.acoem.com\\\/france\\\/fr\\\/?s={search_term_string}\"},\"query-input\":{\"@type\":\"PropertyValueSpecification\",\"valueRequired\":true,\"valueName\":\"search_term_string\"}}],\"inLanguage\":\"fr-FR\"}]}<\/script>\n<!-- \/ Yoast SEO plugin. -->","yoast_head_json":{"title":"Industrie mini\u00e8re - Acoem France","description":"Optimisez vos op\u00e9rations mini\u00e8res gr\u00e2ce aux solutions de fiabilit\u00e9 d\u2019Acoem : surveillance de l\u2019\u00e9tat des \u00e9quipements et monitoring sur mesure.","robots":{"index":"index","follow":"follow","max-snippet":"max-snippet:-1","max-image-preview":"max-image-preview:large","max-video-preview":"max-video-preview:-1"},"canonical":"https:\/\/www.acoem.com\/france\/fr\/applications\/solutions-de-fiabilite-pour-lindustrie-miniere\/","og_locale":"fr_FR","og_type":"article","og_title":"Industrie mini\u00e8re - Acoem France","og_description":"Optimisez vos op\u00e9rations mini\u00e8res gr\u00e2ce aux solutions de fiabilit\u00e9 d\u2019Acoem : surveillance de l\u2019\u00e9tat des \u00e9quipements et monitoring sur mesure.","og_url":"https:\/\/www.acoem.com\/france\/fr\/applications\/solutions-de-fiabilite-pour-lindustrie-miniere\/","og_site_name":"Acoem France","article_modified_time":"2026-02-13T13:30:10+00:00","twitter_card":"summary_large_image","schema":{"@context":"https:\/\/schema.org","@graph":[{"@type":"WebPage","@id":"https:\/\/www.acoem.com\/france\/fr\/applications\/solutions-de-fiabilite-pour-lindustrie-miniere\/","url":"https:\/\/www.acoem.com\/france\/fr\/applications\/solutions-de-fiabilite-pour-lindustrie-miniere\/","name":"Industrie mini\u00e8re - Acoem France","isPartOf":{"@id":"https:\/\/www.acoem.com\/france\/fr\/#website"},"datePublished":"2026-01-06T09:14:18+00:00","dateModified":"2026-02-13T13:30:10+00:00","description":"Optimisez vos op\u00e9rations mini\u00e8res gr\u00e2ce aux solutions de fiabilit\u00e9 d\u2019Acoem : surveillance de l\u2019\u00e9tat des \u00e9quipements et monitoring sur mesure.","breadcrumb":{"@id":"https:\/\/www.acoem.com\/france\/fr\/applications\/solutions-de-fiabilite-pour-lindustrie-miniere\/#breadcrumb"},"inLanguage":"fr-FR","potentialAction":[{"@type":"ReadAction","target":["https:\/\/www.acoem.com\/france\/fr\/applications\/solutions-de-fiabilite-pour-lindustrie-miniere\/"]}]},{"@type":"BreadcrumbList","@id":"https:\/\/www.acoem.com\/france\/fr\/applications\/solutions-de-fiabilite-pour-lindustrie-miniere\/#breadcrumb","itemListElement":[{"@type":"ListItem","position":1,"name":"Accueil","item":"https:\/\/www.acoem.com\/france\/fr\/"},{"@type":"ListItem","position":2,"name":"Applications","item":"https:\/\/www.acoem.com\/france\/fr\/applications\/"},{"@type":"ListItem","position":3,"name":"Industrie mini\u00e8re"}]},{"@type":"WebSite","@id":"https:\/\/www.acoem.com\/france\/fr\/#website","url":"https:\/\/www.acoem.com\/france\/fr\/","name":"Acoem France","description":"Just another Les sites de ACOEM site","potentialAction":[{"@type":"SearchAction","target":{"@type":"EntryPoint","urlTemplate":"https:\/\/www.acoem.com\/france\/fr\/?s={search_term_string}"},"query-input":{"@type":"PropertyValueSpecification","valueRequired":true,"valueName":"search_term_string"}}],"inLanguage":"fr-FR"}]}},"_links":{"self":[{"href":"https:\/\/www.acoem.com\/france\/fr\/wp-json\/wp\/v2\/pages\/2458","targetHints":{"allow":["GET"]}}],"collection":[{"href":"https:\/\/www.acoem.com\/france\/fr\/wp-json\/wp\/v2\/pages"}],"about":[{"href":"https:\/\/www.acoem.com\/france\/fr\/wp-json\/wp\/v2\/types\/page"}],"author":[{"embeddable":true,"href":"https:\/\/www.acoem.com\/france\/fr\/wp-json\/wp\/v2\/users\/25"}],"replies":[{"embeddable":true,"href":"https:\/\/www.acoem.com\/france\/fr\/wp-json\/wp\/v2\/comments?post=2458"}],"version-history":[{"count":3,"href":"https:\/\/www.acoem.com\/france\/fr\/wp-json\/wp\/v2\/pages\/2458\/revisions"}],"predecessor-version":[{"id":2515,"href":"https:\/\/www.acoem.com\/france\/fr\/wp-json\/wp\/v2\/pages\/2458\/revisions\/2515"}],"up":[{"embeddable":true,"href":"https:\/\/www.acoem.com\/france\/fr\/wp-json\/wp\/v2\/pages\/673"}],"wp:attachment":[{"href":"https:\/\/www.acoem.com\/france\/fr\/wp-json\/wp\/v2\/media?parent=2458"}],"curies":[{"name":"wp","href":"https:\/\/api.w.org\/{rel}","templated":true}]}}