{"id":2391,"date":"2025-11-10T13:08:42","date_gmt":"2025-11-10T13:08:42","guid":{"rendered":"https:\/\/www.acoem.com\/enance\/fr\/?page_id=2391"},"modified":"2026-02-13T13:19:22","modified_gmt":"2026-02-13T13:19:22","slug":"solutions-de-fiabilite-energetique","status":"publish","type":"page","link":"https:\/\/www.acoem.com\/france\/fr\/applications\/solutions-de-fiabilite-energetique\/","title":{"rendered":"Solutions de fiabilit\u00e9 \u00e9nerg\u00e9tique"},"content":{"rendered":"","protected":false},"excerpt":{"rendered":"<p>Tous les processus industriels, agricoles, de transport, domestiques ou li\u00e9s \u00e0 la sant\u00e9 d\u00e9pendent dans une certaine mesure des \u00e9nergies renouvelables ou artificielles : \u00e9nergie \u00e9olienne, \u00e9nergie solaire, p\u00e9trole et gaz, \u00e9nergie nucl\u00e9aire.<\/p>\n","protected":false},"author":25,"featured_media":0,"parent":673,"menu_order":0,"comment_status":"closed","ping_status":"closed","template":"","meta":{"_acf_changed":false,"content-type":""},"class_list":["post-2391","page","type-page","status-publish","hentry","solutionfamily-fiabilite"],"acf":[],"yoast_head":"<!-- This site is optimized with the Yoast SEO plugin v27.1.1 - https:\/\/yoast.com\/product\/yoast-seo-wordpress\/ -->\n<title>Solutions de fiabilit\u00e9 \u00e9nerg\u00e9tique - Acoem France<\/title>\n<meta name=\"description\" content=\"Des solutions \u00e0 s\u00e9curit\u00e9 int\u00e9gr\u00e9e pour r\u00e9pondre aux besoins des industries productrices d&#039;\u00e9nergie en mati\u00e8re de surveillance de la fiabilit\u00e9.\" \/>\n<meta name=\"robots\" content=\"index, follow, max-snippet:-1, max-image-preview:large, max-video-preview:-1\" \/>\n<link rel=\"canonical\" href=\"https:\/\/www.acoem.com\/france\/fr\/applications\/solutions-de-fiabilite-energetique\/\" \/>\n<meta property=\"og:locale\" content=\"fr_FR\" \/>\n<meta property=\"og:type\" content=\"article\" \/>\n<meta property=\"og:title\" content=\"Solutions de fiabilit\u00e9 \u00e9nerg\u00e9tique - Acoem France\" \/>\n<meta property=\"og:description\" content=\"Des solutions \u00e0 s\u00e9curit\u00e9 int\u00e9gr\u00e9e pour r\u00e9pondre aux besoins des industries productrices d&#039;\u00e9nergie en mati\u00e8re de surveillance de la fiabilit\u00e9.\" \/>\n<meta property=\"og:url\" content=\"https:\/\/www.acoem.com\/france\/fr\/applications\/solutions-de-fiabilite-energetique\/\" \/>\n<meta property=\"og:site_name\" content=\"Acoem France\" \/>\n<meta property=\"article:modified_time\" content=\"2026-02-13T13:19:22+00:00\" \/>\n<meta name=\"twitter:card\" content=\"summary_large_image\" \/>\n<script type=\"application\/ld+json\" class=\"yoast-schema-graph\">{\"@context\":\"https:\/\/schema.org\",\"@graph\":[{\"@type\":\"WebPage\",\"@id\":\"https:\/\/www.acoem.com\/france\/fr\/applications\/solutions-de-fiabilite-energetique\/\",\"url\":\"https:\/\/www.acoem.com\/france\/fr\/applications\/solutions-de-fiabilite-energetique\/\",\"name\":\"Solutions de fiabilit\u00e9 \u00e9nerg\u00e9tique - Acoem France\",\"isPartOf\":{\"@id\":\"https:\/\/www.acoem.com\/france\/fr\/#website\"},\"datePublished\":\"2025-11-10T13:08:42+00:00\",\"dateModified\":\"2026-02-13T13:19:22+00:00\",\"description\":\"Des solutions \u00e0 s\u00e9curit\u00e9 int\u00e9gr\u00e9e pour r\u00e9pondre aux besoins des industries productrices d'\u00e9nergie en mati\u00e8re de surveillance de la fiabilit\u00e9.\",\"breadcrumb\":{\"@id\":\"https:\/\/www.acoem.com\/france\/fr\/applications\/solutions-de-fiabilite-energetique\/#breadcrumb\"},\"inLanguage\":\"fr-FR\",\"potentialAction\":[{\"@type\":\"ReadAction\",\"target\":[\"https:\/\/www.acoem.com\/france\/fr\/applications\/solutions-de-fiabilite-energetique\/\"]}]},{\"@type\":\"BreadcrumbList\",\"@id\":\"https:\/\/www.acoem.com\/france\/fr\/applications\/solutions-de-fiabilite-energetique\/#breadcrumb\",\"itemListElement\":[{\"@type\":\"ListItem\",\"position\":1,\"name\":\"Accueil\",\"item\":\"https:\/\/www.acoem.com\/france\/fr\/\"},{\"@type\":\"ListItem\",\"position\":2,\"name\":\"Applications\",\"item\":\"https:\/\/www.acoem.com\/france\/fr\/applications\/\"},{\"@type\":\"ListItem\",\"position\":3,\"name\":\"Solutions de fiabilit\u00e9 \u00e9nerg\u00e9tique\"}]},{\"@type\":\"WebSite\",\"@id\":\"https:\/\/www.acoem.com\/france\/fr\/#website\",\"url\":\"https:\/\/www.acoem.com\/france\/fr\/\",\"name\":\"Acoem France\",\"description\":\"Just another Les sites de ACOEM site\",\"potentialAction\":[{\"@type\":\"SearchAction\",\"target\":{\"@type\":\"EntryPoint\",\"urlTemplate\":\"https:\/\/www.acoem.com\/france\/fr\/?s={search_term_string}\"},\"query-input\":{\"@type\":\"PropertyValueSpecification\",\"valueRequired\":true,\"valueName\":\"search_term_string\"}}],\"inLanguage\":\"fr-FR\"}]}<\/script>\n<!-- \/ Yoast SEO plugin. -->","yoast_head_json":{"title":"Solutions de fiabilit\u00e9 \u00e9nerg\u00e9tique - Acoem France","description":"Des solutions \u00e0 s\u00e9curit\u00e9 int\u00e9gr\u00e9e pour r\u00e9pondre aux besoins des industries productrices d'\u00e9nergie en mati\u00e8re de surveillance de la fiabilit\u00e9.","robots":{"index":"index","follow":"follow","max-snippet":"max-snippet:-1","max-image-preview":"max-image-preview:large","max-video-preview":"max-video-preview:-1"},"canonical":"https:\/\/www.acoem.com\/france\/fr\/applications\/solutions-de-fiabilite-energetique\/","og_locale":"fr_FR","og_type":"article","og_title":"Solutions de fiabilit\u00e9 \u00e9nerg\u00e9tique - Acoem France","og_description":"Des solutions \u00e0 s\u00e9curit\u00e9 int\u00e9gr\u00e9e pour r\u00e9pondre aux besoins des industries productrices d'\u00e9nergie en mati\u00e8re de surveillance de la fiabilit\u00e9.","og_url":"https:\/\/www.acoem.com\/france\/fr\/applications\/solutions-de-fiabilite-energetique\/","og_site_name":"Acoem France","article_modified_time":"2026-02-13T13:19:22+00:00","twitter_card":"summary_large_image","schema":{"@context":"https:\/\/schema.org","@graph":[{"@type":"WebPage","@id":"https:\/\/www.acoem.com\/france\/fr\/applications\/solutions-de-fiabilite-energetique\/","url":"https:\/\/www.acoem.com\/france\/fr\/applications\/solutions-de-fiabilite-energetique\/","name":"Solutions de fiabilit\u00e9 \u00e9nerg\u00e9tique - Acoem France","isPartOf":{"@id":"https:\/\/www.acoem.com\/france\/fr\/#website"},"datePublished":"2025-11-10T13:08:42+00:00","dateModified":"2026-02-13T13:19:22+00:00","description":"Des solutions \u00e0 s\u00e9curit\u00e9 int\u00e9gr\u00e9e pour r\u00e9pondre aux besoins des industries productrices d'\u00e9nergie en mati\u00e8re de surveillance de la fiabilit\u00e9.","breadcrumb":{"@id":"https:\/\/www.acoem.com\/france\/fr\/applications\/solutions-de-fiabilite-energetique\/#breadcrumb"},"inLanguage":"fr-FR","potentialAction":[{"@type":"ReadAction","target":["https:\/\/www.acoem.com\/france\/fr\/applications\/solutions-de-fiabilite-energetique\/"]}]},{"@type":"BreadcrumbList","@id":"https:\/\/www.acoem.com\/france\/fr\/applications\/solutions-de-fiabilite-energetique\/#breadcrumb","itemListElement":[{"@type":"ListItem","position":1,"name":"Accueil","item":"https:\/\/www.acoem.com\/france\/fr\/"},{"@type":"ListItem","position":2,"name":"Applications","item":"https:\/\/www.acoem.com\/france\/fr\/applications\/"},{"@type":"ListItem","position":3,"name":"Solutions de fiabilit\u00e9 \u00e9nerg\u00e9tique"}]},{"@type":"WebSite","@id":"https:\/\/www.acoem.com\/france\/fr\/#website","url":"https:\/\/www.acoem.com\/france\/fr\/","name":"Acoem France","description":"Just another Les sites de ACOEM site","potentialAction":[{"@type":"SearchAction","target":{"@type":"EntryPoint","urlTemplate":"https:\/\/www.acoem.com\/france\/fr\/?s={search_term_string}"},"query-input":{"@type":"PropertyValueSpecification","valueRequired":true,"valueName":"search_term_string"}}],"inLanguage":"fr-FR"}]}},"_links":{"self":[{"href":"https:\/\/www.acoem.com\/france\/fr\/wp-json\/wp\/v2\/pages\/2391","targetHints":{"allow":["GET"]}}],"collection":[{"href":"https:\/\/www.acoem.com\/france\/fr\/wp-json\/wp\/v2\/pages"}],"about":[{"href":"https:\/\/www.acoem.com\/france\/fr\/wp-json\/wp\/v2\/types\/page"}],"author":[{"embeddable":true,"href":"https:\/\/www.acoem.com\/france\/fr\/wp-json\/wp\/v2\/users\/25"}],"replies":[{"embeddable":true,"href":"https:\/\/www.acoem.com\/france\/fr\/wp-json\/wp\/v2\/comments?post=2391"}],"version-history":[{"count":2,"href":"https:\/\/www.acoem.com\/france\/fr\/wp-json\/wp\/v2\/pages\/2391\/revisions"}],"predecessor-version":[{"id":2512,"href":"https:\/\/www.acoem.com\/france\/fr\/wp-json\/wp\/v2\/pages\/2391\/revisions\/2512"}],"up":[{"embeddable":true,"href":"https:\/\/www.acoem.com\/france\/fr\/wp-json\/wp\/v2\/pages\/673"}],"wp:attachment":[{"href":"https:\/\/www.acoem.com\/france\/fr\/wp-json\/wp\/v2\/media?parent=2391"}],"curies":[{"name":"wp","href":"https:\/\/api.w.org\/{rel}","templated":true}]}}