{"id":2114,"date":"2026-01-06T09:00:34","date_gmt":"2026-01-06T09:00:34","guid":{"rendered":"https:\/\/www.acoem.com\/france\/?page_id=2114"},"modified":"2026-01-06T09:00:34","modified_gmt":"2026-01-06T09:00:34","slug":"accurex","status":"publish","type":"page","link":"https:\/\/www.acoem.com\/france\/fr\/fiabilite-industrielle\/accurex\/","title":{"rendered":"Accurex\u2122"},"content":{"rendered":"","protected":false},"excerpt":{"rendered":"","protected":false},"author":66,"featured_media":0,"parent":1765,"menu_order":0,"comment_status":"closed","ping_status":"closed","template":"","meta":{"_acf_changed":false,"content-type":""},"class_list":["post-2114","page","type-page","status-publish","hentry","solutionfamily-fiabilite"],"acf":[],"yoast_head":"<!-- This site is optimized with the Yoast SEO plugin v27.1.1 - https:\/\/yoast.com\/product\/yoast-seo-wordpress\/ -->\n<title>Accurex\u2122 - Acoem France<\/title>\n<meta name=\"description\" content=\"Accurex\u2122 est la solution de maintenance pr\u00e9dictive par l\u2019IA d\u2019Acoem, am\u00e9liorant le diagnostic, l\u2019efficacit\u00e9 et la fiabilit\u00e9 d\u00e8s la premi\u00e8re mesure.\" \/>\n<meta name=\"robots\" content=\"index, follow, max-snippet:-1, max-image-preview:large, max-video-preview:-1\" \/>\n<link rel=\"canonical\" href=\"https:\/\/www.acoem.com\/france\/fr\/fiabilite-industrielle\/accurex\/\" \/>\n<meta property=\"og:locale\" content=\"fr_FR\" \/>\n<meta property=\"og:type\" content=\"article\" \/>\n<meta property=\"og:title\" content=\"Accurex\u2122 - Acoem France\" \/>\n<meta property=\"og:description\" content=\"Accurex\u2122 est la solution de maintenance pr\u00e9dictive par l\u2019IA d\u2019Acoem, am\u00e9liorant le diagnostic, l\u2019efficacit\u00e9 et la fiabilit\u00e9 d\u00e8s la premi\u00e8re mesure.\" \/>\n<meta property=\"og:url\" content=\"https:\/\/www.acoem.com\/france\/fr\/fiabilite-industrielle\/accurex\/\" \/>\n<meta property=\"og:site_name\" content=\"Acoem France\" \/>\n<meta name=\"twitter:card\" content=\"summary_large_image\" \/>\n<script type=\"application\/ld+json\" class=\"yoast-schema-graph\">{\"@context\":\"https:\/\/schema.org\",\"@graph\":[{\"@type\":\"WebPage\",\"@id\":\"https:\/\/www.acoem.com\/france\/fr\/fiabilite-industrielle\/accurex\/\",\"url\":\"https:\/\/www.acoem.com\/france\/fr\/fiabilite-industrielle\/accurex\/\",\"name\":\"Accurex\u2122 - Acoem France\",\"isPartOf\":{\"@id\":\"https:\/\/www.acoem.com\/france\/fr\/#website\"},\"datePublished\":\"2026-01-06T09:00:34+00:00\",\"description\":\"Accurex\u2122 est la solution de maintenance pr\u00e9dictive par l\u2019IA d\u2019Acoem, am\u00e9liorant le diagnostic, l\u2019efficacit\u00e9 et la fiabilit\u00e9 d\u00e8s la premi\u00e8re mesure.\",\"breadcrumb\":{\"@id\":\"https:\/\/www.acoem.com\/france\/fr\/fiabilite-industrielle\/accurex\/#breadcrumb\"},\"inLanguage\":\"fr-FR\",\"potentialAction\":[{\"@type\":\"ReadAction\",\"target\":[\"https:\/\/www.acoem.com\/france\/fr\/fiabilite-industrielle\/accurex\/\"]}]},{\"@type\":\"BreadcrumbList\",\"@id\":\"https:\/\/www.acoem.com\/france\/fr\/fiabilite-industrielle\/accurex\/#breadcrumb\",\"itemListElement\":[{\"@type\":\"ListItem\",\"position\":1,\"name\":\"Accueil\",\"item\":\"https:\/\/www.acoem.com\/france\/fr\/\"},{\"@type\":\"ListItem\",\"position\":2,\"name\":\"Fiabilit\u00e9 industrielle\",\"item\":\"https:\/\/www.acoem.com\/france\/fr\/fiabilite-industrielle\/\"},{\"@type\":\"ListItem\",\"position\":3,\"name\":\"Accurex\u2122\"}]},{\"@type\":\"WebSite\",\"@id\":\"https:\/\/www.acoem.com\/france\/fr\/#website\",\"url\":\"https:\/\/www.acoem.com\/france\/fr\/\",\"name\":\"Acoem France\",\"description\":\"Just another Les sites de ACOEM site\",\"potentialAction\":[{\"@type\":\"SearchAction\",\"target\":{\"@type\":\"EntryPoint\",\"urlTemplate\":\"https:\/\/www.acoem.com\/france\/fr\/?s={search_term_string}\"},\"query-input\":{\"@type\":\"PropertyValueSpecification\",\"valueRequired\":true,\"valueName\":\"search_term_string\"}}],\"inLanguage\":\"fr-FR\"}]}<\/script>\n<!-- \/ Yoast SEO plugin. -->","yoast_head_json":{"title":"Accurex\u2122 - Acoem France","description":"Accurex\u2122 est la solution de maintenance pr\u00e9dictive par l\u2019IA d\u2019Acoem, am\u00e9liorant le diagnostic, l\u2019efficacit\u00e9 et la fiabilit\u00e9 d\u00e8s la premi\u00e8re mesure.","robots":{"index":"index","follow":"follow","max-snippet":"max-snippet:-1","max-image-preview":"max-image-preview:large","max-video-preview":"max-video-preview:-1"},"canonical":"https:\/\/www.acoem.com\/france\/fr\/fiabilite-industrielle\/accurex\/","og_locale":"fr_FR","og_type":"article","og_title":"Accurex\u2122 - Acoem France","og_description":"Accurex\u2122 est la solution de maintenance pr\u00e9dictive par l\u2019IA d\u2019Acoem, am\u00e9liorant le diagnostic, l\u2019efficacit\u00e9 et la fiabilit\u00e9 d\u00e8s la premi\u00e8re mesure.","og_url":"https:\/\/www.acoem.com\/france\/fr\/fiabilite-industrielle\/accurex\/","og_site_name":"Acoem France","twitter_card":"summary_large_image","schema":{"@context":"https:\/\/schema.org","@graph":[{"@type":"WebPage","@id":"https:\/\/www.acoem.com\/france\/fr\/fiabilite-industrielle\/accurex\/","url":"https:\/\/www.acoem.com\/france\/fr\/fiabilite-industrielle\/accurex\/","name":"Accurex\u2122 - Acoem France","isPartOf":{"@id":"https:\/\/www.acoem.com\/france\/fr\/#website"},"datePublished":"2026-01-06T09:00:34+00:00","description":"Accurex\u2122 est la solution de maintenance pr\u00e9dictive par l\u2019IA d\u2019Acoem, am\u00e9liorant le diagnostic, l\u2019efficacit\u00e9 et la fiabilit\u00e9 d\u00e8s la premi\u00e8re mesure.","breadcrumb":{"@id":"https:\/\/www.acoem.com\/france\/fr\/fiabilite-industrielle\/accurex\/#breadcrumb"},"inLanguage":"fr-FR","potentialAction":[{"@type":"ReadAction","target":["https:\/\/www.acoem.com\/france\/fr\/fiabilite-industrielle\/accurex\/"]}]},{"@type":"BreadcrumbList","@id":"https:\/\/www.acoem.com\/france\/fr\/fiabilite-industrielle\/accurex\/#breadcrumb","itemListElement":[{"@type":"ListItem","position":1,"name":"Accueil","item":"https:\/\/www.acoem.com\/france\/fr\/"},{"@type":"ListItem","position":2,"name":"Fiabilit\u00e9 industrielle","item":"https:\/\/www.acoem.com\/france\/fr\/fiabilite-industrielle\/"},{"@type":"ListItem","position":3,"name":"Accurex\u2122"}]},{"@type":"WebSite","@id":"https:\/\/www.acoem.com\/france\/fr\/#website","url":"https:\/\/www.acoem.com\/france\/fr\/","name":"Acoem France","description":"Just another Les sites de ACOEM site","potentialAction":[{"@type":"SearchAction","target":{"@type":"EntryPoint","urlTemplate":"https:\/\/www.acoem.com\/france\/fr\/?s={search_term_string}"},"query-input":{"@type":"PropertyValueSpecification","valueRequired":true,"valueName":"search_term_string"}}],"inLanguage":"fr-FR"}]}},"_links":{"self":[{"href":"https:\/\/www.acoem.com\/france\/fr\/wp-json\/wp\/v2\/pages\/2114","targetHints":{"allow":["GET"]}}],"collection":[{"href":"https:\/\/www.acoem.com\/france\/fr\/wp-json\/wp\/v2\/pages"}],"about":[{"href":"https:\/\/www.acoem.com\/france\/fr\/wp-json\/wp\/v2\/types\/page"}],"author":[{"embeddable":true,"href":"https:\/\/www.acoem.com\/france\/fr\/wp-json\/wp\/v2\/users\/66"}],"replies":[{"embeddable":true,"href":"https:\/\/www.acoem.com\/france\/fr\/wp-json\/wp\/v2\/comments?post=2114"}],"version-history":[{"count":1,"href":"https:\/\/www.acoem.com\/france\/fr\/wp-json\/wp\/v2\/pages\/2114\/revisions"}],"predecessor-version":[{"id":2465,"href":"https:\/\/www.acoem.com\/france\/fr\/wp-json\/wp\/v2\/pages\/2114\/revisions\/2465"}],"up":[{"embeddable":true,"href":"https:\/\/www.acoem.com\/france\/fr\/wp-json\/wp\/v2\/pages\/1765"}],"wp:attachment":[{"href":"https:\/\/www.acoem.com\/france\/fr\/wp-json\/wp\/v2\/media?parent=2114"}],"curies":[{"name":"wp","href":"https:\/\/api.w.org\/{rel}","templated":true}]}}