{"id":9732,"date":"2024-10-15T03:20:52","date_gmt":"2024-10-15T08:20:52","guid":{"rendered":"https:\/\/www.acoem.com\/?page_id=9732"},"modified":"2024-10-15T03:20:52","modified_gmt":"2024-10-15T08:20:52","slug":"trabajar-en-acoem","status":"publish","type":"page","link":"https:\/\/www.acoem.com\/es\/trabajar-en-acoem\/","title":{"rendered":"Trabajar en Acoem"},"content":{"rendered":"","protected":false},"excerpt":{"rendered":"<p>\u00bfBusca un grupo internacional que le permita mejorar sus competencias y trabajar con colaboradores de todo el mundo?<\/p>\n","protected":false},"author":25,"featured_media":0,"parent":0,"menu_order":0,"comment_status":"closed","ping_status":"closed","template":"","meta":{"_acf_changed":false,"content-type":""},"class_list":["post-9732","page","type-page","status-publish","hentry"],"acf":[],"yoast_head":"<!-- This site is optimized with the Yoast SEO plugin v27.1.1 - https:\/\/yoast.com\/product\/yoast-seo-wordpress\/ -->\n<title>Trabajar en Acoem - Acoem<\/title>\n<meta name=\"description\" content=\"Acoem siempre est\u00e1 buscando nuevos talentos apasionados por su trabajo. Aqu\u00ed est\u00e1n nuestras ofertas de trabajo actuales.\" \/>\n<meta name=\"robots\" content=\"index, follow, max-snippet:-1, max-image-preview:large, max-video-preview:-1\" \/>\n<link rel=\"canonical\" href=\"https:\/\/www.acoem.com\/es\/trabajar-en-acoem\/\" \/>\n<meta property=\"og:locale\" content=\"es_ES\" \/>\n<meta property=\"og:type\" content=\"article\" \/>\n<meta property=\"og:title\" content=\"Trabajar en Acoem - Acoem\" \/>\n<meta property=\"og:description\" content=\"Acoem siempre est\u00e1 buscando nuevos talentos apasionados por su trabajo. Aqu\u00ed est\u00e1n nuestras ofertas de trabajo actuales.\" \/>\n<meta property=\"og:url\" content=\"https:\/\/www.acoem.com\/es\/trabajar-en-acoem\/\" \/>\n<meta property=\"og:site_name\" content=\"Acoem\" \/>\n<meta property=\"article:publisher\" content=\"https:\/\/www.facebook.com\/p\/Acoem-100061948014775\/?locale=fr_FR\" \/>\n<meta name=\"twitter:card\" content=\"summary_large_image\" \/>\n<script type=\"application\/ld+json\" class=\"yoast-schema-graph\">{\"@context\":\"https:\/\/schema.org\",\"@graph\":[{\"@type\":\"WebPage\",\"@id\":\"https:\/\/www.acoem.com\/es\/trabajar-en-acoem\/\",\"url\":\"https:\/\/www.acoem.com\/es\/trabajar-en-acoem\/\",\"name\":\"Trabajar en Acoem - Acoem\",\"isPartOf\":{\"@id\":\"https:\/\/www.acoem.com\/es\/#website\"},\"datePublished\":\"2024-10-15T08:20:52+00:00\",\"description\":\"Acoem siempre est\u00e1 buscando nuevos talentos apasionados por su trabajo. Aqu\u00ed est\u00e1n nuestras ofertas de trabajo actuales.\",\"breadcrumb\":{\"@id\":\"https:\/\/www.acoem.com\/es\/trabajar-en-acoem\/#breadcrumb\"},\"inLanguage\":\"es\",\"potentialAction\":[{\"@type\":\"ReadAction\",\"target\":[\"https:\/\/www.acoem.com\/es\/trabajar-en-acoem\/\"]}]},{\"@type\":\"BreadcrumbList\",\"@id\":\"https:\/\/www.acoem.com\/es\/trabajar-en-acoem\/#breadcrumb\",\"itemListElement\":[{\"@type\":\"ListItem\",\"position\":1,\"name\":\"Inicio\",\"item\":\"https:\/\/www.acoem.com\/es\/\"},{\"@type\":\"ListItem\",\"position\":2,\"name\":\"Trabajar en Acoem\"}]},{\"@type\":\"WebSite\",\"@id\":\"https:\/\/www.acoem.com\/es\/#website\",\"url\":\"https:\/\/www.acoem.com\/es\/\",\"name\":\"Acoem\",\"description\":\"Un site utilisant WordPress\",\"potentialAction\":[{\"@type\":\"SearchAction\",\"target\":{\"@type\":\"EntryPoint\",\"urlTemplate\":\"https:\/\/www.acoem.com\/es\/?s={search_term_string}\"},\"query-input\":{\"@type\":\"PropertyValueSpecification\",\"valueRequired\":true,\"valueName\":\"search_term_string\"}}],\"inLanguage\":\"es\"}]}<\/script>\n<!-- \/ Yoast SEO plugin. -->","yoast_head_json":{"title":"Trabajar en Acoem - Acoem","description":"Acoem siempre est\u00e1 buscando nuevos talentos apasionados por su trabajo. Aqu\u00ed est\u00e1n nuestras ofertas de trabajo actuales.","robots":{"index":"index","follow":"follow","max-snippet":"max-snippet:-1","max-image-preview":"max-image-preview:large","max-video-preview":"max-video-preview:-1"},"canonical":"https:\/\/www.acoem.com\/es\/trabajar-en-acoem\/","og_locale":"es_ES","og_type":"article","og_title":"Trabajar en Acoem - Acoem","og_description":"Acoem siempre est\u00e1 buscando nuevos talentos apasionados por su trabajo. Aqu\u00ed est\u00e1n nuestras ofertas de trabajo actuales.","og_url":"https:\/\/www.acoem.com\/es\/trabajar-en-acoem\/","og_site_name":"Acoem","article_publisher":"https:\/\/www.facebook.com\/p\/Acoem-100061948014775\/?locale=fr_FR","twitter_card":"summary_large_image","schema":{"@context":"https:\/\/schema.org","@graph":[{"@type":"WebPage","@id":"https:\/\/www.acoem.com\/es\/trabajar-en-acoem\/","url":"https:\/\/www.acoem.com\/es\/trabajar-en-acoem\/","name":"Trabajar en Acoem - Acoem","isPartOf":{"@id":"https:\/\/www.acoem.com\/es\/#website"},"datePublished":"2024-10-15T08:20:52+00:00","description":"Acoem siempre est\u00e1 buscando nuevos talentos apasionados por su trabajo. Aqu\u00ed est\u00e1n nuestras ofertas de trabajo actuales.","breadcrumb":{"@id":"https:\/\/www.acoem.com\/es\/trabajar-en-acoem\/#breadcrumb"},"inLanguage":"es","potentialAction":[{"@type":"ReadAction","target":["https:\/\/www.acoem.com\/es\/trabajar-en-acoem\/"]}]},{"@type":"BreadcrumbList","@id":"https:\/\/www.acoem.com\/es\/trabajar-en-acoem\/#breadcrumb","itemListElement":[{"@type":"ListItem","position":1,"name":"Inicio","item":"https:\/\/www.acoem.com\/es\/"},{"@type":"ListItem","position":2,"name":"Trabajar en Acoem"}]},{"@type":"WebSite","@id":"https:\/\/www.acoem.com\/es\/#website","url":"https:\/\/www.acoem.com\/es\/","name":"Acoem","description":"Un site utilisant WordPress","potentialAction":[{"@type":"SearchAction","target":{"@type":"EntryPoint","urlTemplate":"https:\/\/www.acoem.com\/es\/?s={search_term_string}"},"query-input":{"@type":"PropertyValueSpecification","valueRequired":true,"valueName":"search_term_string"}}],"inLanguage":"es"}]}},"_links":{"self":[{"href":"https:\/\/www.acoem.com\/es\/wp-json\/wp\/v2\/pages\/9732","targetHints":{"allow":["GET"]}}],"collection":[{"href":"https:\/\/www.acoem.com\/es\/wp-json\/wp\/v2\/pages"}],"about":[{"href":"https:\/\/www.acoem.com\/es\/wp-json\/wp\/v2\/types\/page"}],"author":[{"embeddable":true,"href":"https:\/\/www.acoem.com\/es\/wp-json\/wp\/v2\/users\/25"}],"replies":[{"embeddable":true,"href":"https:\/\/www.acoem.com\/es\/wp-json\/wp\/v2\/comments?post=9732"}],"version-history":[{"count":1,"href":"https:\/\/www.acoem.com\/es\/wp-json\/wp\/v2\/pages\/9732\/revisions"}],"predecessor-version":[{"id":10014,"href":"https:\/\/www.acoem.com\/es\/wp-json\/wp\/v2\/pages\/9732\/revisions\/10014"}],"wp:attachment":[{"href":"https:\/\/www.acoem.com\/es\/wp-json\/wp\/v2\/media?parent=9732"}],"curies":[{"name":"wp","href":"https:\/\/api.w.org\/{rel}","templated":true}]}}