{"id":11516,"date":"2024-12-02T04:35:11","date_gmt":"2024-12-02T10:35:11","guid":{"rendered":"https:\/\/www.acoem.com\/?page_id=11516"},"modified":"2024-12-02T04:35:11","modified_gmt":"2024-12-02T10:35:11","slug":"energia-eolica","status":"publish","type":"page","link":"https:\/\/www.acoem.com\/es\/aplicaciones\/energia-eolica\/","title":{"rendered":"Energ\u00eda e\u00f3lica"},"content":{"rendered":"","protected":false},"excerpt":{"rendered":"","protected":false},"author":2,"featured_media":0,"parent":10054,"menu_order":0,"comment_status":"closed","ping_status":"closed","template":"","meta":{"_acf_changed":false,"content-type":""},"class_list":["post-11516","page","type-page","status-publish","hentry","solutionfamily-fiabilidad"],"acf":[],"yoast_head":"<!-- This site is optimized with the Yoast SEO plugin v27.1.1 - https:\/\/yoast.com\/product\/yoast-seo-wordpress\/ -->\n<title>Energ\u00eda e\u00f3lica - Reliability Solutions Acoem<\/title>\n<meta name=\"description\" content=\"Maximice el tiempo de actividad y el retorno de la inversi\u00f3n de las turbinas e\u00f3licas con las soluciones de confiabilidad de Acoem.\" \/>\n<meta name=\"robots\" content=\"index, follow, max-snippet:-1, max-image-preview:large, max-video-preview:-1\" \/>\n<link rel=\"canonical\" href=\"https:\/\/www.acoem.com\/es\/aplicaciones\/energia-eolica\/\" \/>\n<meta property=\"og:locale\" content=\"es_ES\" \/>\n<meta property=\"og:type\" content=\"article\" \/>\n<meta property=\"og:title\" content=\"Energ\u00eda e\u00f3lica - Reliability Solutions Acoem\" \/>\n<meta property=\"og:description\" content=\"Maximice el tiempo de actividad y el retorno de la inversi\u00f3n de las turbinas e\u00f3licas con las soluciones de confiabilidad de Acoem.\" \/>\n<meta property=\"og:url\" content=\"https:\/\/www.acoem.com\/es\/aplicaciones\/energia-eolica\/\" \/>\n<meta property=\"og:site_name\" content=\"Acoem\" \/>\n<meta property=\"article:publisher\" content=\"https:\/\/www.facebook.com\/p\/Acoem-100061948014775\/?locale=fr_FR\" \/>\n<meta name=\"twitter:card\" content=\"summary_large_image\" \/>\n<script type=\"application\/ld+json\" class=\"yoast-schema-graph\">{\"@context\":\"https:\/\/schema.org\",\"@graph\":[{\"@type\":\"WebPage\",\"@id\":\"https:\/\/www.acoem.com\/es\/aplicaciones\/energia-eolica\/\",\"url\":\"https:\/\/www.acoem.com\/es\/aplicaciones\/energia-eolica\/\",\"name\":\"Energ\u00eda e\u00f3lica - Reliability Solutions Acoem\",\"isPartOf\":{\"@id\":\"https:\/\/www.acoem.com\/es\/#website\"},\"datePublished\":\"2024-12-02T10:35:11+00:00\",\"description\":\"Maximice el tiempo de actividad y el retorno de la inversi\u00f3n de las turbinas e\u00f3licas con las soluciones de confiabilidad de Acoem.\",\"breadcrumb\":{\"@id\":\"https:\/\/www.acoem.com\/es\/aplicaciones\/energia-eolica\/#breadcrumb\"},\"inLanguage\":\"es\",\"potentialAction\":[{\"@type\":\"ReadAction\",\"target\":[\"https:\/\/www.acoem.com\/es\/aplicaciones\/energia-eolica\/\"]}]},{\"@type\":\"BreadcrumbList\",\"@id\":\"https:\/\/www.acoem.com\/es\/aplicaciones\/energia-eolica\/#breadcrumb\",\"itemListElement\":[{\"@type\":\"ListItem\",\"position\":1,\"name\":\"Inicio\",\"item\":\"https:\/\/www.acoem.com\/es\/\"},{\"@type\":\"ListItem\",\"position\":2,\"name\":\"Aplicaciones\",\"item\":\"https:\/\/www.acoem.com\/es\/aplicaciones\/\"},{\"@type\":\"ListItem\",\"position\":3,\"name\":\"Energ\u00eda e\u00f3lica\"}]},{\"@type\":\"WebSite\",\"@id\":\"https:\/\/www.acoem.com\/es\/#website\",\"url\":\"https:\/\/www.acoem.com\/es\/\",\"name\":\"Acoem\",\"description\":\"Un site utilisant WordPress\",\"potentialAction\":[{\"@type\":\"SearchAction\",\"target\":{\"@type\":\"EntryPoint\",\"urlTemplate\":\"https:\/\/www.acoem.com\/es\/?s={search_term_string}\"},\"query-input\":{\"@type\":\"PropertyValueSpecification\",\"valueRequired\":true,\"valueName\":\"search_term_string\"}}],\"inLanguage\":\"es\"}]}<\/script>\n<!-- \/ Yoast SEO plugin. -->","yoast_head_json":{"title":"Energ\u00eda e\u00f3lica - Reliability Solutions Acoem","description":"Maximice el tiempo de actividad y el retorno de la inversi\u00f3n de las turbinas e\u00f3licas con las soluciones de confiabilidad de Acoem.","robots":{"index":"index","follow":"follow","max-snippet":"max-snippet:-1","max-image-preview":"max-image-preview:large","max-video-preview":"max-video-preview:-1"},"canonical":"https:\/\/www.acoem.com\/es\/aplicaciones\/energia-eolica\/","og_locale":"es_ES","og_type":"article","og_title":"Energ\u00eda e\u00f3lica - Reliability Solutions Acoem","og_description":"Maximice el tiempo de actividad y el retorno de la inversi\u00f3n de las turbinas e\u00f3licas con las soluciones de confiabilidad de Acoem.","og_url":"https:\/\/www.acoem.com\/es\/aplicaciones\/energia-eolica\/","og_site_name":"Acoem","article_publisher":"https:\/\/www.facebook.com\/p\/Acoem-100061948014775\/?locale=fr_FR","twitter_card":"summary_large_image","schema":{"@context":"https:\/\/schema.org","@graph":[{"@type":"WebPage","@id":"https:\/\/www.acoem.com\/es\/aplicaciones\/energia-eolica\/","url":"https:\/\/www.acoem.com\/es\/aplicaciones\/energia-eolica\/","name":"Energ\u00eda e\u00f3lica - Reliability Solutions Acoem","isPartOf":{"@id":"https:\/\/www.acoem.com\/es\/#website"},"datePublished":"2024-12-02T10:35:11+00:00","description":"Maximice el tiempo de actividad y el retorno de la inversi\u00f3n de las turbinas e\u00f3licas con las soluciones de confiabilidad de Acoem.","breadcrumb":{"@id":"https:\/\/www.acoem.com\/es\/aplicaciones\/energia-eolica\/#breadcrumb"},"inLanguage":"es","potentialAction":[{"@type":"ReadAction","target":["https:\/\/www.acoem.com\/es\/aplicaciones\/energia-eolica\/"]}]},{"@type":"BreadcrumbList","@id":"https:\/\/www.acoem.com\/es\/aplicaciones\/energia-eolica\/#breadcrumb","itemListElement":[{"@type":"ListItem","position":1,"name":"Inicio","item":"https:\/\/www.acoem.com\/es\/"},{"@type":"ListItem","position":2,"name":"Aplicaciones","item":"https:\/\/www.acoem.com\/es\/aplicaciones\/"},{"@type":"ListItem","position":3,"name":"Energ\u00eda e\u00f3lica"}]},{"@type":"WebSite","@id":"https:\/\/www.acoem.com\/es\/#website","url":"https:\/\/www.acoem.com\/es\/","name":"Acoem","description":"Un site utilisant WordPress","potentialAction":[{"@type":"SearchAction","target":{"@type":"EntryPoint","urlTemplate":"https:\/\/www.acoem.com\/es\/?s={search_term_string}"},"query-input":{"@type":"PropertyValueSpecification","valueRequired":true,"valueName":"search_term_string"}}],"inLanguage":"es"}]}},"_links":{"self":[{"href":"https:\/\/www.acoem.com\/es\/wp-json\/wp\/v2\/pages\/11516","targetHints":{"allow":["GET"]}}],"collection":[{"href":"https:\/\/www.acoem.com\/es\/wp-json\/wp\/v2\/pages"}],"about":[{"href":"https:\/\/www.acoem.com\/es\/wp-json\/wp\/v2\/types\/page"}],"author":[{"embeddable":true,"href":"https:\/\/www.acoem.com\/es\/wp-json\/wp\/v2\/users\/2"}],"replies":[{"embeddable":true,"href":"https:\/\/www.acoem.com\/es\/wp-json\/wp\/v2\/comments?post=11516"}],"version-history":[{"count":1,"href":"https:\/\/www.acoem.com\/es\/wp-json\/wp\/v2\/pages\/11516\/revisions"}],"predecessor-version":[{"id":11517,"href":"https:\/\/www.acoem.com\/es\/wp-json\/wp\/v2\/pages\/11516\/revisions\/11517"}],"up":[{"embeddable":true,"href":"https:\/\/www.acoem.com\/es\/wp-json\/wp\/v2\/pages\/10054"}],"wp:attachment":[{"href":"https:\/\/www.acoem.com\/es\/wp-json\/wp\/v2\/media?parent=11516"}],"curies":[{"name":"wp","href":"https:\/\/api.w.org\/{rel}","templated":true}]}}