{"id":10150,"date":"2024-10-15T06:26:06","date_gmt":"2024-10-15T11:26:06","guid":{"rendered":"https:\/\/www.acoem.com\/?page_id=10150"},"modified":"2024-10-15T06:26:06","modified_gmt":"2024-10-15T11:26:06","slug":"por-que-elegir-sparrow","status":"publish","type":"page","link":"https:\/\/www.acoem.com\/es\/por-que-elegir-sparrow\/","title":{"rendered":"\u00bfPor qu\u00e9 elegir SPARROW?"},"content":{"rendered":"","protected":false},"excerpt":{"rendered":"<p>Sparrow es una completa soluci\u00f3n de supervisi\u00f3n inal\u00e1mbrica meticulosamente dise\u00f1ada para responder a las necesidades espec\u00edficas del sector.<\/p>\n","protected":false},"author":78,"featured_media":0,"parent":0,"menu_order":0,"comment_status":"closed","ping_status":"closed","template":"","meta":{"_acf_changed":false,"content-type":""},"class_list":["post-10150","page","type-page","status-publish","hentry","solutionfamily-fiabilidad"],"acf":[],"yoast_head":"<!-- This site is optimized with the Yoast SEO plugin v27.1.1 - https:\/\/yoast.com\/product\/yoast-seo-wordpress\/ -->\n<title>\u00bfPor qu\u00e9 elegir SPARROW? - Acoem<\/title>\n<meta name=\"description\" content=\"Sparrow es una completa soluci\u00f3n de supervisi\u00f3n inal\u00e1mbrica meticulosamente dise\u00f1ada para responder a las necesidades espec\u00edficas del sector.\" \/>\n<meta name=\"robots\" content=\"index, follow, max-snippet:-1, max-image-preview:large, max-video-preview:-1\" \/>\n<link rel=\"canonical\" href=\"https:\/\/www.acoem.com\/es\/por-que-elegir-sparrow\/\" \/>\n<meta property=\"og:locale\" content=\"es_ES\" \/>\n<meta property=\"og:type\" content=\"article\" \/>\n<meta property=\"og:title\" content=\"\u00bfPor qu\u00e9 elegir SPARROW? - Acoem\" \/>\n<meta property=\"og:description\" content=\"Sparrow es una completa soluci\u00f3n de supervisi\u00f3n inal\u00e1mbrica meticulosamente dise\u00f1ada para responder a las necesidades espec\u00edficas del sector.\" \/>\n<meta property=\"og:url\" content=\"https:\/\/www.acoem.com\/es\/por-que-elegir-sparrow\/\" \/>\n<meta property=\"og:site_name\" content=\"Acoem\" \/>\n<meta property=\"article:publisher\" content=\"https:\/\/www.facebook.com\/p\/Acoem-100061948014775\/?locale=fr_FR\" \/>\n<meta name=\"twitter:card\" content=\"summary_large_image\" \/>\n<script type=\"application\/ld+json\" class=\"yoast-schema-graph\">{\"@context\":\"https:\/\/schema.org\",\"@graph\":[{\"@type\":\"WebPage\",\"@id\":\"https:\/\/www.acoem.com\/es\/por-que-elegir-sparrow\/\",\"url\":\"https:\/\/www.acoem.com\/es\/por-que-elegir-sparrow\/\",\"name\":\"\u00bfPor qu\u00e9 elegir SPARROW? - Acoem\",\"isPartOf\":{\"@id\":\"https:\/\/www.acoem.com\/es\/#website\"},\"datePublished\":\"2024-10-15T11:26:06+00:00\",\"description\":\"Sparrow es una completa soluci\u00f3n de supervisi\u00f3n inal\u00e1mbrica meticulosamente dise\u00f1ada para responder a las necesidades espec\u00edficas del sector.\",\"breadcrumb\":{\"@id\":\"https:\/\/www.acoem.com\/es\/por-que-elegir-sparrow\/#breadcrumb\"},\"inLanguage\":\"es\",\"potentialAction\":[{\"@type\":\"ReadAction\",\"target\":[\"https:\/\/www.acoem.com\/es\/por-que-elegir-sparrow\/\"]}]},{\"@type\":\"BreadcrumbList\",\"@id\":\"https:\/\/www.acoem.com\/es\/por-que-elegir-sparrow\/#breadcrumb\",\"itemListElement\":[{\"@type\":\"ListItem\",\"position\":1,\"name\":\"Inicio\",\"item\":\"https:\/\/www.acoem.com\/es\/\"},{\"@type\":\"ListItem\",\"position\":2,\"name\":\"\u00bfPor qu\u00e9 elegir SPARROW?\"}]},{\"@type\":\"WebSite\",\"@id\":\"https:\/\/www.acoem.com\/es\/#website\",\"url\":\"https:\/\/www.acoem.com\/es\/\",\"name\":\"Acoem\",\"description\":\"Un site utilisant WordPress\",\"potentialAction\":[{\"@type\":\"SearchAction\",\"target\":{\"@type\":\"EntryPoint\",\"urlTemplate\":\"https:\/\/www.acoem.com\/es\/?s={search_term_string}\"},\"query-input\":{\"@type\":\"PropertyValueSpecification\",\"valueRequired\":true,\"valueName\":\"search_term_string\"}}],\"inLanguage\":\"es\"}]}<\/script>\n<!-- \/ Yoast SEO plugin. -->","yoast_head_json":{"title":"\u00bfPor qu\u00e9 elegir SPARROW? - Acoem","description":"Sparrow es una completa soluci\u00f3n de supervisi\u00f3n inal\u00e1mbrica meticulosamente dise\u00f1ada para responder a las necesidades espec\u00edficas del sector.","robots":{"index":"index","follow":"follow","max-snippet":"max-snippet:-1","max-image-preview":"max-image-preview:large","max-video-preview":"max-video-preview:-1"},"canonical":"https:\/\/www.acoem.com\/es\/por-que-elegir-sparrow\/","og_locale":"es_ES","og_type":"article","og_title":"\u00bfPor qu\u00e9 elegir SPARROW? - Acoem","og_description":"Sparrow es una completa soluci\u00f3n de supervisi\u00f3n inal\u00e1mbrica meticulosamente dise\u00f1ada para responder a las necesidades espec\u00edficas del sector.","og_url":"https:\/\/www.acoem.com\/es\/por-que-elegir-sparrow\/","og_site_name":"Acoem","article_publisher":"https:\/\/www.facebook.com\/p\/Acoem-100061948014775\/?locale=fr_FR","twitter_card":"summary_large_image","schema":{"@context":"https:\/\/schema.org","@graph":[{"@type":"WebPage","@id":"https:\/\/www.acoem.com\/es\/por-que-elegir-sparrow\/","url":"https:\/\/www.acoem.com\/es\/por-que-elegir-sparrow\/","name":"\u00bfPor qu\u00e9 elegir SPARROW? - Acoem","isPartOf":{"@id":"https:\/\/www.acoem.com\/es\/#website"},"datePublished":"2024-10-15T11:26:06+00:00","description":"Sparrow es una completa soluci\u00f3n de supervisi\u00f3n inal\u00e1mbrica meticulosamente dise\u00f1ada para responder a las necesidades espec\u00edficas del sector.","breadcrumb":{"@id":"https:\/\/www.acoem.com\/es\/por-que-elegir-sparrow\/#breadcrumb"},"inLanguage":"es","potentialAction":[{"@type":"ReadAction","target":["https:\/\/www.acoem.com\/es\/por-que-elegir-sparrow\/"]}]},{"@type":"BreadcrumbList","@id":"https:\/\/www.acoem.com\/es\/por-que-elegir-sparrow\/#breadcrumb","itemListElement":[{"@type":"ListItem","position":1,"name":"Inicio","item":"https:\/\/www.acoem.com\/es\/"},{"@type":"ListItem","position":2,"name":"\u00bfPor qu\u00e9 elegir SPARROW?"}]},{"@type":"WebSite","@id":"https:\/\/www.acoem.com\/es\/#website","url":"https:\/\/www.acoem.com\/es\/","name":"Acoem","description":"Un site utilisant WordPress","potentialAction":[{"@type":"SearchAction","target":{"@type":"EntryPoint","urlTemplate":"https:\/\/www.acoem.com\/es\/?s={search_term_string}"},"query-input":{"@type":"PropertyValueSpecification","valueRequired":true,"valueName":"search_term_string"}}],"inLanguage":"es"}]}},"_links":{"self":[{"href":"https:\/\/www.acoem.com\/es\/wp-json\/wp\/v2\/pages\/10150","targetHints":{"allow":["GET"]}}],"collection":[{"href":"https:\/\/www.acoem.com\/es\/wp-json\/wp\/v2\/pages"}],"about":[{"href":"https:\/\/www.acoem.com\/es\/wp-json\/wp\/v2\/types\/page"}],"author":[{"embeddable":true,"href":"https:\/\/www.acoem.com\/es\/wp-json\/wp\/v2\/users\/78"}],"replies":[{"embeddable":true,"href":"https:\/\/www.acoem.com\/es\/wp-json\/wp\/v2\/comments?post=10150"}],"version-history":[{"count":1,"href":"https:\/\/www.acoem.com\/es\/wp-json\/wp\/v2\/pages\/10150\/revisions"}],"predecessor-version":[{"id":10151,"href":"https:\/\/www.acoem.com\/es\/wp-json\/wp\/v2\/pages\/10150\/revisions\/10151"}],"wp:attachment":[{"href":"https:\/\/www.acoem.com\/es\/wp-json\/wp\/v2\/media?parent=10150"}],"curies":[{"name":"wp","href":"https:\/\/api.w.org\/{rel}","templated":true}]}}