{"id":10117,"date":"2024-10-15T04:57:14","date_gmt":"2024-10-15T09:57:14","guid":{"rendered":"https:\/\/www.acoem.com\/?page_id=10117"},"modified":"2024-10-15T04:57:14","modified_gmt":"2024-10-15T09:57:14","slug":"colaboracion-con-acoem","status":"publish","type":"page","link":"https:\/\/www.acoem.com\/es\/quienes-somos\/experiencia-acoem\/colaboracion-con-acoem\/","title":{"rendered":"Colaboraci\u00f3n con Acoem"},"content":{"rendered":"","protected":false},"excerpt":{"rendered":"","protected":false},"author":78,"featured_media":0,"parent":10021,"menu_order":0,"comment_status":"closed","ping_status":"closed","template":"","meta":{"_acf_changed":false,"content-type":""},"class_list":["post-10117","page","type-page","status-publish","hentry"],"acf":[],"yoast_head":"<!-- This site is optimized with the Yoast SEO plugin v27.1.1 - https:\/\/yoast.com\/product\/yoast-seo-wordpress\/ -->\n<title>Colaboraci\u00f3n con Acoem - Acoem<\/title>\n<meta name=\"description\" content=\"Con\u00e9ctese con Acoem para obtener una soluci\u00f3n para el futuro sistema de automatizaci\u00f3n de manera sencilla y sin inconvenientes con una f\u00e1cil integraci\u00f3n.\" \/>\n<meta name=\"robots\" content=\"index, follow, max-snippet:-1, max-image-preview:large, max-video-preview:-1\" \/>\n<link rel=\"canonical\" href=\"https:\/\/www.acoem.com\/es\/quienes-somos\/experiencia-acoem\/colaboracion-con-acoem\/\" \/>\n<meta property=\"og:locale\" content=\"es_ES\" \/>\n<meta property=\"og:type\" content=\"article\" \/>\n<meta property=\"og:title\" content=\"Colaboraci\u00f3n con Acoem - Acoem\" \/>\n<meta property=\"og:description\" content=\"Con\u00e9ctese con Acoem para obtener una soluci\u00f3n para el futuro sistema de automatizaci\u00f3n de manera sencilla y sin inconvenientes con una f\u00e1cil integraci\u00f3n.\" \/>\n<meta property=\"og:url\" content=\"https:\/\/www.acoem.com\/es\/quienes-somos\/experiencia-acoem\/colaboracion-con-acoem\/\" \/>\n<meta property=\"og:site_name\" content=\"Acoem\" \/>\n<meta property=\"article:publisher\" content=\"https:\/\/www.facebook.com\/p\/Acoem-100061948014775\/?locale=fr_FR\" \/>\n<meta name=\"twitter:card\" content=\"summary_large_image\" \/>\n<script type=\"application\/ld+json\" class=\"yoast-schema-graph\">{\"@context\":\"https:\/\/schema.org\",\"@graph\":[{\"@type\":\"WebPage\",\"@id\":\"https:\/\/www.acoem.com\/es\/quienes-somos\/experiencia-acoem\/colaboracion-con-acoem\/\",\"url\":\"https:\/\/www.acoem.com\/es\/quienes-somos\/experiencia-acoem\/colaboracion-con-acoem\/\",\"name\":\"Colaboraci\u00f3n con Acoem - Acoem\",\"isPartOf\":{\"@id\":\"https:\/\/www.acoem.com\/es\/#website\"},\"datePublished\":\"2024-10-15T09:57:14+00:00\",\"description\":\"Con\u00e9ctese con Acoem para obtener una soluci\u00f3n para el futuro sistema de automatizaci\u00f3n de manera sencilla y sin inconvenientes con una f\u00e1cil integraci\u00f3n.\",\"breadcrumb\":{\"@id\":\"https:\/\/www.acoem.com\/es\/quienes-somos\/experiencia-acoem\/colaboracion-con-acoem\/#breadcrumb\"},\"inLanguage\":\"es\",\"potentialAction\":[{\"@type\":\"ReadAction\",\"target\":[\"https:\/\/www.acoem.com\/es\/quienes-somos\/experiencia-acoem\/colaboracion-con-acoem\/\"]}]},{\"@type\":\"BreadcrumbList\",\"@id\":\"https:\/\/www.acoem.com\/es\/quienes-somos\/experiencia-acoem\/colaboracion-con-acoem\/#breadcrumb\",\"itemListElement\":[{\"@type\":\"ListItem\",\"position\":1,\"name\":\"Inicio\",\"item\":\"https:\/\/www.acoem.com\/es\/\"},{\"@type\":\"ListItem\",\"position\":2,\"name\":\"Qui\u00e9nes somos\",\"item\":\"https:\/\/www.acoem.com\/es\/quienes-somos\/\"},{\"@type\":\"ListItem\",\"position\":3,\"name\":\"Experiencia Acoem\",\"item\":\"https:\/\/www.acoem.com\/es\/quienes-somos\/experiencia-acoem\/\"},{\"@type\":\"ListItem\",\"position\":4,\"name\":\"Colaboraci\u00f3n con Acoem\"}]},{\"@type\":\"WebSite\",\"@id\":\"https:\/\/www.acoem.com\/es\/#website\",\"url\":\"https:\/\/www.acoem.com\/es\/\",\"name\":\"Acoem\",\"description\":\"Un site utilisant WordPress\",\"potentialAction\":[{\"@type\":\"SearchAction\",\"target\":{\"@type\":\"EntryPoint\",\"urlTemplate\":\"https:\/\/www.acoem.com\/es\/?s={search_term_string}\"},\"query-input\":{\"@type\":\"PropertyValueSpecification\",\"valueRequired\":true,\"valueName\":\"search_term_string\"}}],\"inLanguage\":\"es\"}]}<\/script>\n<!-- \/ Yoast SEO plugin. -->","yoast_head_json":{"title":"Colaboraci\u00f3n con Acoem - Acoem","description":"Con\u00e9ctese con Acoem para obtener una soluci\u00f3n para el futuro sistema de automatizaci\u00f3n de manera sencilla y sin inconvenientes con una f\u00e1cil integraci\u00f3n.","robots":{"index":"index","follow":"follow","max-snippet":"max-snippet:-1","max-image-preview":"max-image-preview:large","max-video-preview":"max-video-preview:-1"},"canonical":"https:\/\/www.acoem.com\/es\/quienes-somos\/experiencia-acoem\/colaboracion-con-acoem\/","og_locale":"es_ES","og_type":"article","og_title":"Colaboraci\u00f3n con Acoem - Acoem","og_description":"Con\u00e9ctese con Acoem para obtener una soluci\u00f3n para el futuro sistema de automatizaci\u00f3n de manera sencilla y sin inconvenientes con una f\u00e1cil integraci\u00f3n.","og_url":"https:\/\/www.acoem.com\/es\/quienes-somos\/experiencia-acoem\/colaboracion-con-acoem\/","og_site_name":"Acoem","article_publisher":"https:\/\/www.facebook.com\/p\/Acoem-100061948014775\/?locale=fr_FR","twitter_card":"summary_large_image","schema":{"@context":"https:\/\/schema.org","@graph":[{"@type":"WebPage","@id":"https:\/\/www.acoem.com\/es\/quienes-somos\/experiencia-acoem\/colaboracion-con-acoem\/","url":"https:\/\/www.acoem.com\/es\/quienes-somos\/experiencia-acoem\/colaboracion-con-acoem\/","name":"Colaboraci\u00f3n con Acoem - Acoem","isPartOf":{"@id":"https:\/\/www.acoem.com\/es\/#website"},"datePublished":"2024-10-15T09:57:14+00:00","description":"Con\u00e9ctese con Acoem para obtener una soluci\u00f3n para el futuro sistema de automatizaci\u00f3n de manera sencilla y sin inconvenientes con una f\u00e1cil integraci\u00f3n.","breadcrumb":{"@id":"https:\/\/www.acoem.com\/es\/quienes-somos\/experiencia-acoem\/colaboracion-con-acoem\/#breadcrumb"},"inLanguage":"es","potentialAction":[{"@type":"ReadAction","target":["https:\/\/www.acoem.com\/es\/quienes-somos\/experiencia-acoem\/colaboracion-con-acoem\/"]}]},{"@type":"BreadcrumbList","@id":"https:\/\/www.acoem.com\/es\/quienes-somos\/experiencia-acoem\/colaboracion-con-acoem\/#breadcrumb","itemListElement":[{"@type":"ListItem","position":1,"name":"Inicio","item":"https:\/\/www.acoem.com\/es\/"},{"@type":"ListItem","position":2,"name":"Qui\u00e9nes somos","item":"https:\/\/www.acoem.com\/es\/quienes-somos\/"},{"@type":"ListItem","position":3,"name":"Experiencia Acoem","item":"https:\/\/www.acoem.com\/es\/quienes-somos\/experiencia-acoem\/"},{"@type":"ListItem","position":4,"name":"Colaboraci\u00f3n con Acoem"}]},{"@type":"WebSite","@id":"https:\/\/www.acoem.com\/es\/#website","url":"https:\/\/www.acoem.com\/es\/","name":"Acoem","description":"Un site utilisant WordPress","potentialAction":[{"@type":"SearchAction","target":{"@type":"EntryPoint","urlTemplate":"https:\/\/www.acoem.com\/es\/?s={search_term_string}"},"query-input":{"@type":"PropertyValueSpecification","valueRequired":true,"valueName":"search_term_string"}}],"inLanguage":"es"}]}},"_links":{"self":[{"href":"https:\/\/www.acoem.com\/es\/wp-json\/wp\/v2\/pages\/10117","targetHints":{"allow":["GET"]}}],"collection":[{"href":"https:\/\/www.acoem.com\/es\/wp-json\/wp\/v2\/pages"}],"about":[{"href":"https:\/\/www.acoem.com\/es\/wp-json\/wp\/v2\/types\/page"}],"author":[{"embeddable":true,"href":"https:\/\/www.acoem.com\/es\/wp-json\/wp\/v2\/users\/78"}],"replies":[{"embeddable":true,"href":"https:\/\/www.acoem.com\/es\/wp-json\/wp\/v2\/comments?post=10117"}],"version-history":[{"count":1,"href":"https:\/\/www.acoem.com\/es\/wp-json\/wp\/v2\/pages\/10117\/revisions"}],"predecessor-version":[{"id":10118,"href":"https:\/\/www.acoem.com\/es\/wp-json\/wp\/v2\/pages\/10117\/revisions\/10118"}],"up":[{"embeddable":true,"href":"https:\/\/www.acoem.com\/es\/wp-json\/wp\/v2\/pages\/10021"}],"wp:attachment":[{"href":"https:\/\/www.acoem.com\/es\/wp-json\/wp\/v2\/media?parent=10117"}],"curies":[{"name":"wp","href":"https:\/\/api.w.org\/{rel}","templated":true}]}}