{"id":10097,"date":"2024-10-15T04:45:08","date_gmt":"2024-10-15T09:45:08","guid":{"rendered":"https:\/\/www.acoem.com\/?page_id=10097"},"modified":"2024-10-15T04:45:08","modified_gmt":"2024-10-15T09:45:08","slug":"unete-a-nosotros","status":"publish","type":"page","link":"https:\/\/www.acoem.com\/es\/unete-a-nosotros\/","title":{"rendered":"\u00danete a nosotros"},"content":{"rendered":"","protected":false},"excerpt":{"rendered":"","protected":false},"author":78,"featured_media":0,"parent":0,"menu_order":0,"comment_status":"closed","ping_status":"closed","template":"","meta":{"_acf_changed":false,"content-type":""},"class_list":["post-10097","page","type-page","status-publish","hentry"],"acf":[],"yoast_head":"<!-- This site is optimized with the Yoast SEO plugin v27.4 - https:\/\/yoast.com\/product\/yoast-seo-wordpress\/ -->\n<title>\u00danete a nosotros - Acoem<\/title>\n<meta name=\"description\" content=\"\u00danete a la aventura de Acoem y lucha por crear un mayor impacto imaginando el mundo del ma\u00f1ana. Juntos, actuemos por un mundo mejor.\" \/>\n<meta name=\"robots\" content=\"index, follow, max-snippet:-1, max-image-preview:large, max-video-preview:-1\" \/>\n<link rel=\"canonical\" href=\"https:\/\/www.acoem.com\/es\/unete-a-nosotros\/\" \/>\n<meta property=\"og:locale\" content=\"es_ES\" \/>\n<meta property=\"og:type\" content=\"article\" \/>\n<meta property=\"og:title\" content=\"\u00danete a nosotros - Acoem\" \/>\n<meta property=\"og:description\" content=\"\u00danete a la aventura de Acoem y lucha por crear un mayor impacto imaginando el mundo del ma\u00f1ana. Juntos, actuemos por un mundo mejor.\" \/>\n<meta property=\"og:url\" content=\"https:\/\/www.acoem.com\/es\/unete-a-nosotros\/\" \/>\n<meta property=\"og:site_name\" content=\"Acoem\" \/>\n<meta property=\"article:publisher\" content=\"https:\/\/www.facebook.com\/p\/Acoem-100061948014775\/?locale=fr_FR\" \/>\n<meta name=\"twitter:card\" content=\"summary_large_image\" \/>\n<script type=\"application\/ld+json\" class=\"yoast-schema-graph\">{\"@context\":\"https:\\\/\\\/schema.org\",\"@graph\":[{\"@type\":\"WebPage\",\"@id\":\"https:\\\/\\\/www.acoem.com\\\/es\\\/unete-a-nosotros\\\/\",\"url\":\"https:\\\/\\\/www.acoem.com\\\/es\\\/unete-a-nosotros\\\/\",\"name\":\"\u00danete a nosotros - Acoem\",\"isPartOf\":{\"@id\":\"https:\\\/\\\/www.acoem.com\\\/es\\\/#website\"},\"datePublished\":\"2024-10-15T09:45:08+00:00\",\"description\":\"\u00danete a la aventura de Acoem y lucha por crear un mayor impacto imaginando el mundo del ma\u00f1ana. Juntos, actuemos por un mundo mejor.\",\"breadcrumb\":{\"@id\":\"https:\\\/\\\/www.acoem.com\\\/es\\\/unete-a-nosotros\\\/#breadcrumb\"},\"inLanguage\":\"es\",\"potentialAction\":[{\"@type\":\"ReadAction\",\"target\":[\"https:\\\/\\\/www.acoem.com\\\/es\\\/unete-a-nosotros\\\/\"]}]},{\"@type\":\"BreadcrumbList\",\"@id\":\"https:\\\/\\\/www.acoem.com\\\/es\\\/unete-a-nosotros\\\/#breadcrumb\",\"itemListElement\":[{\"@type\":\"ListItem\",\"position\":1,\"name\":\"Inicio\",\"item\":\"https:\\\/\\\/www.acoem.com\\\/es\\\/\"},{\"@type\":\"ListItem\",\"position\":2,\"name\":\"\u00danete a nosotros\"}]},{\"@type\":\"WebSite\",\"@id\":\"https:\\\/\\\/www.acoem.com\\\/es\\\/#website\",\"url\":\"https:\\\/\\\/www.acoem.com\\\/es\\\/\",\"name\":\"Acoem\",\"description\":\"Un site utilisant WordPress\",\"potentialAction\":[{\"@type\":\"SearchAction\",\"target\":{\"@type\":\"EntryPoint\",\"urlTemplate\":\"https:\\\/\\\/www.acoem.com\\\/es\\\/?s={search_term_string}\"},\"query-input\":{\"@type\":\"PropertyValueSpecification\",\"valueRequired\":true,\"valueName\":\"search_term_string\"}}],\"inLanguage\":\"es\"}]}<\/script>\n<!-- \/ Yoast SEO plugin. -->","yoast_head_json":{"title":"\u00danete a nosotros - Acoem","description":"\u00danete a la aventura de Acoem y lucha por crear un mayor impacto imaginando el mundo del ma\u00f1ana. Juntos, actuemos por un mundo mejor.","robots":{"index":"index","follow":"follow","max-snippet":"max-snippet:-1","max-image-preview":"max-image-preview:large","max-video-preview":"max-video-preview:-1"},"canonical":"https:\/\/www.acoem.com\/es\/unete-a-nosotros\/","og_locale":"es_ES","og_type":"article","og_title":"\u00danete a nosotros - Acoem","og_description":"\u00danete a la aventura de Acoem y lucha por crear un mayor impacto imaginando el mundo del ma\u00f1ana. Juntos, actuemos por un mundo mejor.","og_url":"https:\/\/www.acoem.com\/es\/unete-a-nosotros\/","og_site_name":"Acoem","article_publisher":"https:\/\/www.facebook.com\/p\/Acoem-100061948014775\/?locale=fr_FR","twitter_card":"summary_large_image","schema":{"@context":"https:\/\/schema.org","@graph":[{"@type":"WebPage","@id":"https:\/\/www.acoem.com\/es\/unete-a-nosotros\/","url":"https:\/\/www.acoem.com\/es\/unete-a-nosotros\/","name":"\u00danete a nosotros - Acoem","isPartOf":{"@id":"https:\/\/www.acoem.com\/es\/#website"},"datePublished":"2024-10-15T09:45:08+00:00","description":"\u00danete a la aventura de Acoem y lucha por crear un mayor impacto imaginando el mundo del ma\u00f1ana. Juntos, actuemos por un mundo mejor.","breadcrumb":{"@id":"https:\/\/www.acoem.com\/es\/unete-a-nosotros\/#breadcrumb"},"inLanguage":"es","potentialAction":[{"@type":"ReadAction","target":["https:\/\/www.acoem.com\/es\/unete-a-nosotros\/"]}]},{"@type":"BreadcrumbList","@id":"https:\/\/www.acoem.com\/es\/unete-a-nosotros\/#breadcrumb","itemListElement":[{"@type":"ListItem","position":1,"name":"Inicio","item":"https:\/\/www.acoem.com\/es\/"},{"@type":"ListItem","position":2,"name":"\u00danete a nosotros"}]},{"@type":"WebSite","@id":"https:\/\/www.acoem.com\/es\/#website","url":"https:\/\/www.acoem.com\/es\/","name":"Acoem","description":"Un site utilisant WordPress","potentialAction":[{"@type":"SearchAction","target":{"@type":"EntryPoint","urlTemplate":"https:\/\/www.acoem.com\/es\/?s={search_term_string}"},"query-input":{"@type":"PropertyValueSpecification","valueRequired":true,"valueName":"search_term_string"}}],"inLanguage":"es"}]}},"_links":{"self":[{"href":"https:\/\/www.acoem.com\/es\/wp-json\/wp\/v2\/pages\/10097","targetHints":{"allow":["GET"]}}],"collection":[{"href":"https:\/\/www.acoem.com\/es\/wp-json\/wp\/v2\/pages"}],"about":[{"href":"https:\/\/www.acoem.com\/es\/wp-json\/wp\/v2\/types\/page"}],"author":[{"embeddable":true,"href":"https:\/\/www.acoem.com\/es\/wp-json\/wp\/v2\/users\/78"}],"replies":[{"embeddable":true,"href":"https:\/\/www.acoem.com\/es\/wp-json\/wp\/v2\/comments?post=10097"}],"version-history":[{"count":1,"href":"https:\/\/www.acoem.com\/es\/wp-json\/wp\/v2\/pages\/10097\/revisions"}],"predecessor-version":[{"id":10098,"href":"https:\/\/www.acoem.com\/es\/wp-json\/wp\/v2\/pages\/10097\/revisions\/10098"}],"wp:attachment":[{"href":"https:\/\/www.acoem.com\/es\/wp-json\/wp\/v2\/media?parent=10097"}],"curies":[{"name":"wp","href":"https:\/\/api.w.org\/{rel}","templated":true}]}}