{"id":10062,"date":"2024-10-15T04:00:35","date_gmt":"2024-10-15T09:00:35","guid":{"rendered":"https:\/\/www.acoem.com\/?page_id=10062"},"modified":"2024-10-15T04:00:35","modified_gmt":"2024-10-15T09:00:35","slug":"construccion","status":"publish","type":"page","link":"https:\/\/www.acoem.com\/es\/aplicaciones\/construccion\/","title":{"rendered":"Construcci\u00f3n"},"content":{"rendered":"","protected":false},"excerpt":{"rendered":"<p>El sector de la construcci\u00f3n est\u00e1 ampliamente regulado en todo el mundo para minimizar los posibles da\u00f1os al medio ambiente y garantizar la seguridad y el bienestar de los trabajadores y las comunidades afectadas.<\/p>\n","protected":false},"author":78,"featured_media":0,"parent":10054,"menu_order":0,"comment_status":"closed","ping_status":"closed","template":"","meta":{"_acf_changed":false,"content-type":""},"class_list":["post-10062","page","type-page","status-publish","hentry","solutionfamily-control-medioambiental","solutionfamily-fiabilidad","solutionfamily-seguridad"],"acf":[],"yoast_head":"<!-- This site is optimized with the Yoast SEO plugin v27.1.1 - https:\/\/yoast.com\/product\/yoast-seo-wordpress\/ -->\n<title>Construcci\u00f3n - Acoem<\/title>\n<meta name=\"description\" content=\"Optimice el cumplimiento ambiental de su sitio y las estrategias de mitigaci\u00f3n de riesgos gracias a las soluciones de monitoreo de construcci\u00f3n de Acoem.\" \/>\n<meta name=\"robots\" content=\"index, follow, max-snippet:-1, max-image-preview:large, max-video-preview:-1\" \/>\n<link rel=\"canonical\" href=\"https:\/\/www.acoem.com\/es\/aplicaciones\/construccion\/\" \/>\n<meta property=\"og:locale\" content=\"es_ES\" \/>\n<meta property=\"og:type\" content=\"article\" \/>\n<meta property=\"og:title\" content=\"Construcci\u00f3n - Acoem\" \/>\n<meta property=\"og:description\" content=\"Optimice el cumplimiento ambiental de su sitio y las estrategias de mitigaci\u00f3n de riesgos gracias a las soluciones de monitoreo de construcci\u00f3n de Acoem.\" \/>\n<meta property=\"og:url\" content=\"https:\/\/www.acoem.com\/es\/aplicaciones\/construccion\/\" \/>\n<meta property=\"og:site_name\" content=\"Acoem\" \/>\n<meta property=\"article:publisher\" content=\"https:\/\/www.facebook.com\/p\/Acoem-100061948014775\/?locale=fr_FR\" \/>\n<meta name=\"twitter:card\" content=\"summary_large_image\" \/>\n<script type=\"application\/ld+json\" class=\"yoast-schema-graph\">{\"@context\":\"https:\/\/schema.org\",\"@graph\":[{\"@type\":\"WebPage\",\"@id\":\"https:\/\/www.acoem.com\/es\/aplicaciones\/construccion\/\",\"url\":\"https:\/\/www.acoem.com\/es\/aplicaciones\/construccion\/\",\"name\":\"Construcci\u00f3n - Acoem\",\"isPartOf\":{\"@id\":\"https:\/\/www.acoem.com\/es\/#website\"},\"datePublished\":\"2024-10-15T09:00:35+00:00\",\"description\":\"Optimice el cumplimiento ambiental de su sitio y las estrategias de mitigaci\u00f3n de riesgos gracias a las soluciones de monitoreo de construcci\u00f3n de Acoem.\",\"breadcrumb\":{\"@id\":\"https:\/\/www.acoem.com\/es\/aplicaciones\/construccion\/#breadcrumb\"},\"inLanguage\":\"es\",\"potentialAction\":[{\"@type\":\"ReadAction\",\"target\":[\"https:\/\/www.acoem.com\/es\/aplicaciones\/construccion\/\"]}]},{\"@type\":\"BreadcrumbList\",\"@id\":\"https:\/\/www.acoem.com\/es\/aplicaciones\/construccion\/#breadcrumb\",\"itemListElement\":[{\"@type\":\"ListItem\",\"position\":1,\"name\":\"Inicio\",\"item\":\"https:\/\/www.acoem.com\/es\/\"},{\"@type\":\"ListItem\",\"position\":2,\"name\":\"Aplicaciones\",\"item\":\"https:\/\/www.acoem.com\/es\/aplicaciones\/\"},{\"@type\":\"ListItem\",\"position\":3,\"name\":\"Construcci\u00f3n\"}]},{\"@type\":\"WebSite\",\"@id\":\"https:\/\/www.acoem.com\/es\/#website\",\"url\":\"https:\/\/www.acoem.com\/es\/\",\"name\":\"Acoem\",\"description\":\"Un site utilisant WordPress\",\"potentialAction\":[{\"@type\":\"SearchAction\",\"target\":{\"@type\":\"EntryPoint\",\"urlTemplate\":\"https:\/\/www.acoem.com\/es\/?s={search_term_string}\"},\"query-input\":{\"@type\":\"PropertyValueSpecification\",\"valueRequired\":true,\"valueName\":\"search_term_string\"}}],\"inLanguage\":\"es\"}]}<\/script>\n<!-- \/ Yoast SEO plugin. -->","yoast_head_json":{"title":"Construcci\u00f3n - Acoem","description":"Optimice el cumplimiento ambiental de su sitio y las estrategias de mitigaci\u00f3n de riesgos gracias a las soluciones de monitoreo de construcci\u00f3n de Acoem.","robots":{"index":"index","follow":"follow","max-snippet":"max-snippet:-1","max-image-preview":"max-image-preview:large","max-video-preview":"max-video-preview:-1"},"canonical":"https:\/\/www.acoem.com\/es\/aplicaciones\/construccion\/","og_locale":"es_ES","og_type":"article","og_title":"Construcci\u00f3n - Acoem","og_description":"Optimice el cumplimiento ambiental de su sitio y las estrategias de mitigaci\u00f3n de riesgos gracias a las soluciones de monitoreo de construcci\u00f3n de Acoem.","og_url":"https:\/\/www.acoem.com\/es\/aplicaciones\/construccion\/","og_site_name":"Acoem","article_publisher":"https:\/\/www.facebook.com\/p\/Acoem-100061948014775\/?locale=fr_FR","twitter_card":"summary_large_image","schema":{"@context":"https:\/\/schema.org","@graph":[{"@type":"WebPage","@id":"https:\/\/www.acoem.com\/es\/aplicaciones\/construccion\/","url":"https:\/\/www.acoem.com\/es\/aplicaciones\/construccion\/","name":"Construcci\u00f3n - Acoem","isPartOf":{"@id":"https:\/\/www.acoem.com\/es\/#website"},"datePublished":"2024-10-15T09:00:35+00:00","description":"Optimice el cumplimiento ambiental de su sitio y las estrategias de mitigaci\u00f3n de riesgos gracias a las soluciones de monitoreo de construcci\u00f3n de Acoem.","breadcrumb":{"@id":"https:\/\/www.acoem.com\/es\/aplicaciones\/construccion\/#breadcrumb"},"inLanguage":"es","potentialAction":[{"@type":"ReadAction","target":["https:\/\/www.acoem.com\/es\/aplicaciones\/construccion\/"]}]},{"@type":"BreadcrumbList","@id":"https:\/\/www.acoem.com\/es\/aplicaciones\/construccion\/#breadcrumb","itemListElement":[{"@type":"ListItem","position":1,"name":"Inicio","item":"https:\/\/www.acoem.com\/es\/"},{"@type":"ListItem","position":2,"name":"Aplicaciones","item":"https:\/\/www.acoem.com\/es\/aplicaciones\/"},{"@type":"ListItem","position":3,"name":"Construcci\u00f3n"}]},{"@type":"WebSite","@id":"https:\/\/www.acoem.com\/es\/#website","url":"https:\/\/www.acoem.com\/es\/","name":"Acoem","description":"Un site utilisant WordPress","potentialAction":[{"@type":"SearchAction","target":{"@type":"EntryPoint","urlTemplate":"https:\/\/www.acoem.com\/es\/?s={search_term_string}"},"query-input":{"@type":"PropertyValueSpecification","valueRequired":true,"valueName":"search_term_string"}}],"inLanguage":"es"}]}},"_links":{"self":[{"href":"https:\/\/www.acoem.com\/es\/wp-json\/wp\/v2\/pages\/10062","targetHints":{"allow":["GET"]}}],"collection":[{"href":"https:\/\/www.acoem.com\/es\/wp-json\/wp\/v2\/pages"}],"about":[{"href":"https:\/\/www.acoem.com\/es\/wp-json\/wp\/v2\/types\/page"}],"author":[{"embeddable":true,"href":"https:\/\/www.acoem.com\/es\/wp-json\/wp\/v2\/users\/78"}],"replies":[{"embeddable":true,"href":"https:\/\/www.acoem.com\/es\/wp-json\/wp\/v2\/comments?post=10062"}],"version-history":[{"count":1,"href":"https:\/\/www.acoem.com\/es\/wp-json\/wp\/v2\/pages\/10062\/revisions"}],"predecessor-version":[{"id":10063,"href":"https:\/\/www.acoem.com\/es\/wp-json\/wp\/v2\/pages\/10062\/revisions\/10063"}],"up":[{"embeddable":true,"href":"https:\/\/www.acoem.com\/es\/wp-json\/wp\/v2\/pages\/10054"}],"wp:attachment":[{"href":"https:\/\/www.acoem.com\/es\/wp-json\/wp\/v2\/media?parent=10062"}],"curies":[{"name":"wp","href":"https:\/\/api.w.org\/{rel}","templated":true}]}}