{"id":10058,"date":"2024-10-15T03:56:07","date_gmt":"2024-10-15T08:56:07","guid":{"rendered":"https:\/\/www.acoem.com\/?page_id=10058"},"modified":"2024-10-15T03:56:07","modified_gmt":"2024-10-15T08:56:07","slug":"inteligencia-artificial-en-las-redes","status":"publish","type":"page","link":"https:\/\/www.acoem.com\/es\/quienes-somos\/experiencia-acoem\/inteligencia-artificial-en-las-redes\/","title":{"rendered":"Inteligencia artificial en las redes"},"content":{"rendered":"","protected":false},"excerpt":{"rendered":"<p>Las ventajas del diagn\u00f3stico automatizado y el an\u00e1lisis de datos para mejorar la toma de decisiones se amplifican cuando se utiliza una red completa de sensores o monitores en todo el proyecto, la regi\u00f3n geogr\u00e1fica, la f\u00e1brica o la planta.<\/p>\n","protected":false},"author":78,"featured_media":0,"parent":10021,"menu_order":0,"comment_status":"closed","ping_status":"closed","template":"","meta":{"_acf_changed":false,"content-type":""},"class_list":["post-10058","page","type-page","status-publish","hentry"],"acf":[],"yoast_head":"<!-- This site is optimized with the Yoast SEO plugin v27.4 - https:\/\/yoast.com\/product\/yoast-seo-wordpress\/ -->\n<title>Inteligencia artificial en las redes - Acoem<\/title>\n<meta name=\"description\" content=\"Las ventajas del diagn\u00f3stico automatizado y el an\u00e1lisis de datos para mejorar la toma de decisiones se amplifican cuando se utiliza una red completa de sensores o monitores en todo el proyecto, la regi\u00f3n geogr\u00e1fica, la f\u00e1brica o la planta.\" \/>\n<meta name=\"robots\" content=\"index, follow, max-snippet:-1, max-image-preview:large, max-video-preview:-1\" \/>\n<link rel=\"canonical\" href=\"https:\/\/www.acoem.com\/es\/quienes-somos\/experiencia-acoem\/inteligencia-artificial-en-las-redes\/\" \/>\n<meta property=\"og:locale\" content=\"es_ES\" \/>\n<meta property=\"og:type\" content=\"article\" \/>\n<meta property=\"og:title\" content=\"Inteligencia artificial en las redes - Acoem\" \/>\n<meta property=\"og:description\" content=\"Las ventajas del diagn\u00f3stico automatizado y el an\u00e1lisis de datos para mejorar la toma de decisiones se amplifican cuando se utiliza una red completa de sensores o monitores en todo el proyecto, la regi\u00f3n geogr\u00e1fica, la f\u00e1brica o la planta.\" \/>\n<meta property=\"og:url\" content=\"https:\/\/www.acoem.com\/es\/quienes-somos\/experiencia-acoem\/inteligencia-artificial-en-las-redes\/\" \/>\n<meta property=\"og:site_name\" content=\"Acoem\" \/>\n<meta property=\"article:publisher\" content=\"https:\/\/www.facebook.com\/p\/Acoem-100061948014775\/?locale=fr_FR\" \/>\n<meta name=\"twitter:card\" content=\"summary_large_image\" \/>\n<script type=\"application\/ld+json\" class=\"yoast-schema-graph\">{\"@context\":\"https:\\\/\\\/schema.org\",\"@graph\":[{\"@type\":\"WebPage\",\"@id\":\"https:\\\/\\\/www.acoem.com\\\/es\\\/quienes-somos\\\/experiencia-acoem\\\/inteligencia-artificial-en-las-redes\\\/\",\"url\":\"https:\\\/\\\/www.acoem.com\\\/es\\\/quienes-somos\\\/experiencia-acoem\\\/inteligencia-artificial-en-las-redes\\\/\",\"name\":\"Inteligencia artificial en las redes - Acoem\",\"isPartOf\":{\"@id\":\"https:\\\/\\\/www.acoem.com\\\/es\\\/#website\"},\"datePublished\":\"2024-10-15T08:56:07+00:00\",\"description\":\"Las ventajas del diagn\u00f3stico automatizado y el an\u00e1lisis de datos para mejorar la toma de decisiones se amplifican cuando se utiliza una red completa de sensores o monitores en todo el proyecto, la regi\u00f3n geogr\u00e1fica, la f\u00e1brica o la planta.\",\"breadcrumb\":{\"@id\":\"https:\\\/\\\/www.acoem.com\\\/es\\\/quienes-somos\\\/experiencia-acoem\\\/inteligencia-artificial-en-las-redes\\\/#breadcrumb\"},\"inLanguage\":\"es\",\"potentialAction\":[{\"@type\":\"ReadAction\",\"target\":[\"https:\\\/\\\/www.acoem.com\\\/es\\\/quienes-somos\\\/experiencia-acoem\\\/inteligencia-artificial-en-las-redes\\\/\"]}]},{\"@type\":\"BreadcrumbList\",\"@id\":\"https:\\\/\\\/www.acoem.com\\\/es\\\/quienes-somos\\\/experiencia-acoem\\\/inteligencia-artificial-en-las-redes\\\/#breadcrumb\",\"itemListElement\":[{\"@type\":\"ListItem\",\"position\":1,\"name\":\"Inicio\",\"item\":\"https:\\\/\\\/www.acoem.com\\\/es\\\/\"},{\"@type\":\"ListItem\",\"position\":2,\"name\":\"Qui\u00e9nes somos\",\"item\":\"https:\\\/\\\/www.acoem.com\\\/es\\\/quienes-somos\\\/\"},{\"@type\":\"ListItem\",\"position\":3,\"name\":\"Experiencia Acoem\",\"item\":\"https:\\\/\\\/www.acoem.com\\\/es\\\/quienes-somos\\\/experiencia-acoem\\\/\"},{\"@type\":\"ListItem\",\"position\":4,\"name\":\"Inteligencia artificial en las redes\"}]},{\"@type\":\"WebSite\",\"@id\":\"https:\\\/\\\/www.acoem.com\\\/es\\\/#website\",\"url\":\"https:\\\/\\\/www.acoem.com\\\/es\\\/\",\"name\":\"Acoem\",\"description\":\"Un site utilisant WordPress\",\"potentialAction\":[{\"@type\":\"SearchAction\",\"target\":{\"@type\":\"EntryPoint\",\"urlTemplate\":\"https:\\\/\\\/www.acoem.com\\\/es\\\/?s={search_term_string}\"},\"query-input\":{\"@type\":\"PropertyValueSpecification\",\"valueRequired\":true,\"valueName\":\"search_term_string\"}}],\"inLanguage\":\"es\"}]}<\/script>\n<!-- \/ Yoast SEO plugin. -->","yoast_head_json":{"title":"Inteligencia artificial en las redes - Acoem","description":"Las ventajas del diagn\u00f3stico automatizado y el an\u00e1lisis de datos para mejorar la toma de decisiones se amplifican cuando se utiliza una red completa de sensores o monitores en todo el proyecto, la regi\u00f3n geogr\u00e1fica, la f\u00e1brica o la planta.","robots":{"index":"index","follow":"follow","max-snippet":"max-snippet:-1","max-image-preview":"max-image-preview:large","max-video-preview":"max-video-preview:-1"},"canonical":"https:\/\/www.acoem.com\/es\/quienes-somos\/experiencia-acoem\/inteligencia-artificial-en-las-redes\/","og_locale":"es_ES","og_type":"article","og_title":"Inteligencia artificial en las redes - Acoem","og_description":"Las ventajas del diagn\u00f3stico automatizado y el an\u00e1lisis de datos para mejorar la toma de decisiones se amplifican cuando se utiliza una red completa de sensores o monitores en todo el proyecto, la regi\u00f3n geogr\u00e1fica, la f\u00e1brica o la planta.","og_url":"https:\/\/www.acoem.com\/es\/quienes-somos\/experiencia-acoem\/inteligencia-artificial-en-las-redes\/","og_site_name":"Acoem","article_publisher":"https:\/\/www.facebook.com\/p\/Acoem-100061948014775\/?locale=fr_FR","twitter_card":"summary_large_image","schema":{"@context":"https:\/\/schema.org","@graph":[{"@type":"WebPage","@id":"https:\/\/www.acoem.com\/es\/quienes-somos\/experiencia-acoem\/inteligencia-artificial-en-las-redes\/","url":"https:\/\/www.acoem.com\/es\/quienes-somos\/experiencia-acoem\/inteligencia-artificial-en-las-redes\/","name":"Inteligencia artificial en las redes - Acoem","isPartOf":{"@id":"https:\/\/www.acoem.com\/es\/#website"},"datePublished":"2024-10-15T08:56:07+00:00","description":"Las ventajas del diagn\u00f3stico automatizado y el an\u00e1lisis de datos para mejorar la toma de decisiones se amplifican cuando se utiliza una red completa de sensores o monitores en todo el proyecto, la regi\u00f3n geogr\u00e1fica, la f\u00e1brica o la planta.","breadcrumb":{"@id":"https:\/\/www.acoem.com\/es\/quienes-somos\/experiencia-acoem\/inteligencia-artificial-en-las-redes\/#breadcrumb"},"inLanguage":"es","potentialAction":[{"@type":"ReadAction","target":["https:\/\/www.acoem.com\/es\/quienes-somos\/experiencia-acoem\/inteligencia-artificial-en-las-redes\/"]}]},{"@type":"BreadcrumbList","@id":"https:\/\/www.acoem.com\/es\/quienes-somos\/experiencia-acoem\/inteligencia-artificial-en-las-redes\/#breadcrumb","itemListElement":[{"@type":"ListItem","position":1,"name":"Inicio","item":"https:\/\/www.acoem.com\/es\/"},{"@type":"ListItem","position":2,"name":"Qui\u00e9nes somos","item":"https:\/\/www.acoem.com\/es\/quienes-somos\/"},{"@type":"ListItem","position":3,"name":"Experiencia Acoem","item":"https:\/\/www.acoem.com\/es\/quienes-somos\/experiencia-acoem\/"},{"@type":"ListItem","position":4,"name":"Inteligencia artificial en las redes"}]},{"@type":"WebSite","@id":"https:\/\/www.acoem.com\/es\/#website","url":"https:\/\/www.acoem.com\/es\/","name":"Acoem","description":"Un site utilisant WordPress","potentialAction":[{"@type":"SearchAction","target":{"@type":"EntryPoint","urlTemplate":"https:\/\/www.acoem.com\/es\/?s={search_term_string}"},"query-input":{"@type":"PropertyValueSpecification","valueRequired":true,"valueName":"search_term_string"}}],"inLanguage":"es"}]}},"_links":{"self":[{"href":"https:\/\/www.acoem.com\/es\/wp-json\/wp\/v2\/pages\/10058","targetHints":{"allow":["GET"]}}],"collection":[{"href":"https:\/\/www.acoem.com\/es\/wp-json\/wp\/v2\/pages"}],"about":[{"href":"https:\/\/www.acoem.com\/es\/wp-json\/wp\/v2\/types\/page"}],"author":[{"embeddable":true,"href":"https:\/\/www.acoem.com\/es\/wp-json\/wp\/v2\/users\/78"}],"replies":[{"embeddable":true,"href":"https:\/\/www.acoem.com\/es\/wp-json\/wp\/v2\/comments?post=10058"}],"version-history":[{"count":1,"href":"https:\/\/www.acoem.com\/es\/wp-json\/wp\/v2\/pages\/10058\/revisions"}],"predecessor-version":[{"id":10059,"href":"https:\/\/www.acoem.com\/es\/wp-json\/wp\/v2\/pages\/10058\/revisions\/10059"}],"up":[{"embeddable":true,"href":"https:\/\/www.acoem.com\/es\/wp-json\/wp\/v2\/pages\/10021"}],"wp:attachment":[{"href":"https:\/\/www.acoem.com\/es\/wp-json\/wp\/v2\/media?parent=10058"}],"curies":[{"name":"wp","href":"https:\/\/api.w.org\/{rel}","templated":true}]}}