{"id":10017,"date":"2024-10-15T03:31:30","date_gmt":"2024-10-15T08:31:30","guid":{"rendered":"https:\/\/www.acoem.com\/?page_id=10017"},"modified":"2024-12-02T04:12:27","modified_gmt":"2024-12-02T10:12:27","slug":"accurextm","status":"publish","type":"page","link":"https:\/\/www.acoem.com\/es\/fiabilidad-industrial\/accurextm\/","title":{"rendered":"Accurex\u2122"},"content":{"rendered":"","protected":false},"excerpt":{"rendered":"","protected":false},"author":78,"featured_media":0,"parent":10092,"menu_order":0,"comment_status":"closed","ping_status":"closed","template":"","meta":{"_acf_changed":false,"content-type":""},"class_list":["post-10017","page","type-page","status-publish","hentry","solutionfamily-fiabilidad"],"acf":[],"yoast_head":"<!-- This site is optimized with the Yoast SEO plugin v27.4 - https:\/\/yoast.com\/product\/yoast-seo-wordpress\/ -->\n<title>Accurex\u2122 - Acoem<\/title>\n<meta name=\"description\" content=\"Accurex\u2122 es la soluci\u00f3n de mantenimiento predictivo impulsada por IA de Acoem, que mejora el diagn\u00f3stico, la eficiencia y la confiabilidad de las m\u00e1quinas desde la primera medici\u00f3n.\" \/>\n<meta name=\"robots\" content=\"index, follow, max-snippet:-1, max-image-preview:large, max-video-preview:-1\" \/>\n<link rel=\"canonical\" href=\"https:\/\/www.acoem.com\/es\/fiabilidad-industrial\/accurextm\/\" \/>\n<meta property=\"og:locale\" content=\"es_ES\" \/>\n<meta property=\"og:type\" content=\"article\" \/>\n<meta property=\"og:title\" content=\"Accurex\u2122 - Acoem\" \/>\n<meta property=\"og:description\" content=\"Accurex\u2122 es la soluci\u00f3n de mantenimiento predictivo impulsada por IA de Acoem, que mejora el diagn\u00f3stico, la eficiencia y la confiabilidad de las m\u00e1quinas desde la primera medici\u00f3n.\" \/>\n<meta property=\"og:url\" content=\"https:\/\/www.acoem.com\/es\/fiabilidad-industrial\/accurextm\/\" \/>\n<meta property=\"og:site_name\" content=\"Acoem\" \/>\n<meta property=\"article:publisher\" content=\"https:\/\/www.facebook.com\/p\/Acoem-100061948014775\/?locale=fr_FR\" \/>\n<meta property=\"article:modified_time\" content=\"2024-12-02T10:12:27+00:00\" \/>\n<meta name=\"twitter:card\" content=\"summary_large_image\" \/>\n<script type=\"application\/ld+json\" class=\"yoast-schema-graph\">{\"@context\":\"https:\\\/\\\/schema.org\",\"@graph\":[{\"@type\":\"WebPage\",\"@id\":\"https:\\\/\\\/www.acoem.com\\\/es\\\/fiabilidad-industrial\\\/accurextm\\\/\",\"url\":\"https:\\\/\\\/www.acoem.com\\\/es\\\/fiabilidad-industrial\\\/accurextm\\\/\",\"name\":\"Accurex\u2122 - Acoem\",\"isPartOf\":{\"@id\":\"https:\\\/\\\/www.acoem.com\\\/es\\\/#website\"},\"datePublished\":\"2024-10-15T08:31:30+00:00\",\"dateModified\":\"2024-12-02T10:12:27+00:00\",\"description\":\"Accurex\u2122 es la soluci\u00f3n de mantenimiento predictivo impulsada por IA de Acoem, que mejora el diagn\u00f3stico, la eficiencia y la confiabilidad de las m\u00e1quinas desde la primera medici\u00f3n.\",\"breadcrumb\":{\"@id\":\"https:\\\/\\\/www.acoem.com\\\/es\\\/fiabilidad-industrial\\\/accurextm\\\/#breadcrumb\"},\"inLanguage\":\"es\",\"potentialAction\":[{\"@type\":\"ReadAction\",\"target\":[\"https:\\\/\\\/www.acoem.com\\\/es\\\/fiabilidad-industrial\\\/accurextm\\\/\"]}]},{\"@type\":\"BreadcrumbList\",\"@id\":\"https:\\\/\\\/www.acoem.com\\\/es\\\/fiabilidad-industrial\\\/accurextm\\\/#breadcrumb\",\"itemListElement\":[{\"@type\":\"ListItem\",\"position\":1,\"name\":\"Inicio\",\"item\":\"https:\\\/\\\/www.acoem.com\\\/es\\\/\"},{\"@type\":\"ListItem\",\"position\":2,\"name\":\"Fiabilidad industrial\",\"item\":\"https:\\\/\\\/www.acoem.com\\\/es\\\/fiabilidad-industrial\\\/\"},{\"@type\":\"ListItem\",\"position\":3,\"name\":\"Accurex\u2122\"}]},{\"@type\":\"WebSite\",\"@id\":\"https:\\\/\\\/www.acoem.com\\\/es\\\/#website\",\"url\":\"https:\\\/\\\/www.acoem.com\\\/es\\\/\",\"name\":\"Acoem\",\"description\":\"Un site utilisant WordPress\",\"potentialAction\":[{\"@type\":\"SearchAction\",\"target\":{\"@type\":\"EntryPoint\",\"urlTemplate\":\"https:\\\/\\\/www.acoem.com\\\/es\\\/?s={search_term_string}\"},\"query-input\":{\"@type\":\"PropertyValueSpecification\",\"valueRequired\":true,\"valueName\":\"search_term_string\"}}],\"inLanguage\":\"es\"}]}<\/script>\n<!-- \/ Yoast SEO plugin. -->","yoast_head_json":{"title":"Accurex\u2122 - Acoem","description":"Accurex\u2122 es la soluci\u00f3n de mantenimiento predictivo impulsada por IA de Acoem, que mejora el diagn\u00f3stico, la eficiencia y la confiabilidad de las m\u00e1quinas desde la primera medici\u00f3n.","robots":{"index":"index","follow":"follow","max-snippet":"max-snippet:-1","max-image-preview":"max-image-preview:large","max-video-preview":"max-video-preview:-1"},"canonical":"https:\/\/www.acoem.com\/es\/fiabilidad-industrial\/accurextm\/","og_locale":"es_ES","og_type":"article","og_title":"Accurex\u2122 - Acoem","og_description":"Accurex\u2122 es la soluci\u00f3n de mantenimiento predictivo impulsada por IA de Acoem, que mejora el diagn\u00f3stico, la eficiencia y la confiabilidad de las m\u00e1quinas desde la primera medici\u00f3n.","og_url":"https:\/\/www.acoem.com\/es\/fiabilidad-industrial\/accurextm\/","og_site_name":"Acoem","article_publisher":"https:\/\/www.facebook.com\/p\/Acoem-100061948014775\/?locale=fr_FR","article_modified_time":"2024-12-02T10:12:27+00:00","twitter_card":"summary_large_image","schema":{"@context":"https:\/\/schema.org","@graph":[{"@type":"WebPage","@id":"https:\/\/www.acoem.com\/es\/fiabilidad-industrial\/accurextm\/","url":"https:\/\/www.acoem.com\/es\/fiabilidad-industrial\/accurextm\/","name":"Accurex\u2122 - Acoem","isPartOf":{"@id":"https:\/\/www.acoem.com\/es\/#website"},"datePublished":"2024-10-15T08:31:30+00:00","dateModified":"2024-12-02T10:12:27+00:00","description":"Accurex\u2122 es la soluci\u00f3n de mantenimiento predictivo impulsada por IA de Acoem, que mejora el diagn\u00f3stico, la eficiencia y la confiabilidad de las m\u00e1quinas desde la primera medici\u00f3n.","breadcrumb":{"@id":"https:\/\/www.acoem.com\/es\/fiabilidad-industrial\/accurextm\/#breadcrumb"},"inLanguage":"es","potentialAction":[{"@type":"ReadAction","target":["https:\/\/www.acoem.com\/es\/fiabilidad-industrial\/accurextm\/"]}]},{"@type":"BreadcrumbList","@id":"https:\/\/www.acoem.com\/es\/fiabilidad-industrial\/accurextm\/#breadcrumb","itemListElement":[{"@type":"ListItem","position":1,"name":"Inicio","item":"https:\/\/www.acoem.com\/es\/"},{"@type":"ListItem","position":2,"name":"Fiabilidad industrial","item":"https:\/\/www.acoem.com\/es\/fiabilidad-industrial\/"},{"@type":"ListItem","position":3,"name":"Accurex\u2122"}]},{"@type":"WebSite","@id":"https:\/\/www.acoem.com\/es\/#website","url":"https:\/\/www.acoem.com\/es\/","name":"Acoem","description":"Un site utilisant WordPress","potentialAction":[{"@type":"SearchAction","target":{"@type":"EntryPoint","urlTemplate":"https:\/\/www.acoem.com\/es\/?s={search_term_string}"},"query-input":{"@type":"PropertyValueSpecification","valueRequired":true,"valueName":"search_term_string"}}],"inLanguage":"es"}]}},"_links":{"self":[{"href":"https:\/\/www.acoem.com\/es\/wp-json\/wp\/v2\/pages\/10017","targetHints":{"allow":["GET"]}}],"collection":[{"href":"https:\/\/www.acoem.com\/es\/wp-json\/wp\/v2\/pages"}],"about":[{"href":"https:\/\/www.acoem.com\/es\/wp-json\/wp\/v2\/types\/page"}],"author":[{"embeddable":true,"href":"https:\/\/www.acoem.com\/es\/wp-json\/wp\/v2\/users\/78"}],"replies":[{"embeddable":true,"href":"https:\/\/www.acoem.com\/es\/wp-json\/wp\/v2\/comments?post=10017"}],"version-history":[{"count":3,"href":"https:\/\/www.acoem.com\/es\/wp-json\/wp\/v2\/pages\/10017\/revisions"}],"predecessor-version":[{"id":11515,"href":"https:\/\/www.acoem.com\/es\/wp-json\/wp\/v2\/pages\/10017\/revisions\/11515"}],"up":[{"embeddable":true,"href":"https:\/\/www.acoem.com\/es\/wp-json\/wp\/v2\/pages\/10092"}],"wp:attachment":[{"href":"https:\/\/www.acoem.com\/es\/wp-json\/wp\/v2\/media?parent=10017"}],"curies":[{"name":"wp","href":"https:\/\/api.w.org\/{rel}","templated":true}]}}