{"id":3939,"date":"2022-02-09T09:48:03","date_gmt":"2022-02-09T08:48:03","guid":{"rendered":"https:\/\/www.acoem.com\/?page_id=3939"},"modified":"2025-03-12T05:52:33","modified_gmt":"2025-03-12T10:52:33","slug":"artificial-intelligence-in-networks","status":"publish","type":"page","link":"https:\/\/www.acoem.com\/en\/about-us\/acoem-experience\/artificial-intelligence-in-networks\/","title":{"rendered":"Artificial Intelligence in networks"},"content":{"rendered":"","protected":false},"excerpt":{"rendered":"<p>The advantages of automated diagnostics and data analysis to inform better decision making are amplified when operating an entire network of sensors or monitors across your project, geographical region, factory or plant.<\/p>\n","protected":false},"author":2,"featured_media":0,"parent":681,"menu_order":0,"comment_status":"closed","ping_status":"closed","template":"","meta":{"_acf_changed":false,"content-type":""},"class_list":["post-3939","page","type-page","status-publish","hentry"],"acf":[],"yoast_head":"<!-- This site is optimized with the Yoast SEO plugin v27.1.1 - https:\/\/yoast.com\/product\/yoast-seo-wordpress\/ -->\n<title>Artificial Intelligence in networks - Acoem<\/title>\n<meta name=\"description\" content=\"Entdecken Sie, wie Acoem K\u00fcnstliche Intelligenz (KI) in Netzwerk\u00fcberwachungssysteme f\u00fcr industrielle und Umweltanwendungen integriert. Erfahren Sie mehr \u00fcber die Vorteile von KI-gest\u00fctzter Diagnostik, Edge Computing und verbesserter Datenverarbeitung in gro\u00dfen Netzwerken.\" \/>\n<meta name=\"robots\" content=\"index, follow, max-snippet:-1, max-image-preview:large, max-video-preview:-1\" \/>\n<link rel=\"canonical\" href=\"https:\/\/www.acoem.com\/en\/about-us\/acoem-experience\/artificial-intelligence-in-networks\/\" \/>\n<meta property=\"og:locale\" content=\"en_US\" \/>\n<meta property=\"og:type\" content=\"article\" \/>\n<meta property=\"og:title\" content=\"Artificial Intelligence in networks - Acoem\" \/>\n<meta property=\"og:description\" content=\"Entdecken Sie, wie Acoem K\u00fcnstliche Intelligenz (KI) in Netzwerk\u00fcberwachungssysteme f\u00fcr industrielle und Umweltanwendungen integriert. Erfahren Sie mehr \u00fcber die Vorteile von KI-gest\u00fctzter Diagnostik, Edge Computing und verbesserter Datenverarbeitung in gro\u00dfen Netzwerken.\" \/>\n<meta property=\"og:url\" content=\"https:\/\/www.acoem.com\/en\/about-us\/acoem-experience\/artificial-intelligence-in-networks\/\" \/>\n<meta property=\"og:site_name\" content=\"Acoem\" \/>\n<meta property=\"article:publisher\" content=\"https:\/\/www.facebook.com\/p\/Acoem-100061948014775\/?locale=fr_FR\" \/>\n<meta property=\"article:modified_time\" content=\"2025-03-12T10:52:33+00:00\" \/>\n<meta name=\"twitter:card\" content=\"summary_large_image\" \/>\n<script type=\"application\/ld+json\" class=\"yoast-schema-graph\">{\"@context\":\"https:\/\/schema.org\",\"@graph\":[{\"@type\":\"WebPage\",\"@id\":\"https:\/\/www.acoem.com\/en\/about-us\/acoem-experience\/artificial-intelligence-in-networks\/\",\"url\":\"https:\/\/www.acoem.com\/en\/about-us\/acoem-experience\/artificial-intelligence-in-networks\/\",\"name\":\"Artificial Intelligence in networks - Acoem\",\"isPartOf\":{\"@id\":\"https:\/\/www.acoem.com\/en\/#website\"},\"datePublished\":\"2022-02-09T08:48:03+00:00\",\"dateModified\":\"2025-03-12T10:52:33+00:00\",\"description\":\"Entdecken Sie, wie Acoem K\u00fcnstliche Intelligenz (KI) in Netzwerk\u00fcberwachungssysteme f\u00fcr industrielle und Umweltanwendungen integriert. Erfahren Sie mehr \u00fcber die Vorteile von KI-gest\u00fctzter Diagnostik, Edge Computing und verbesserter Datenverarbeitung in gro\u00dfen Netzwerken.\",\"breadcrumb\":{\"@id\":\"https:\/\/www.acoem.com\/en\/about-us\/acoem-experience\/artificial-intelligence-in-networks\/#breadcrumb\"},\"inLanguage\":\"en-US\",\"potentialAction\":[{\"@type\":\"ReadAction\",\"target\":[\"https:\/\/www.acoem.com\/en\/about-us\/acoem-experience\/artificial-intelligence-in-networks\/\"]}]},{\"@type\":\"BreadcrumbList\",\"@id\":\"https:\/\/www.acoem.com\/en\/about-us\/acoem-experience\/artificial-intelligence-in-networks\/#breadcrumb\",\"itemListElement\":[{\"@type\":\"ListItem\",\"position\":1,\"name\":\"Home\",\"item\":\"https:\/\/www.acoem.com\/en\/\"},{\"@type\":\"ListItem\",\"position\":2,\"name\":\"About us\",\"item\":\"https:\/\/www.acoem.com\/en\/about-us\/\"},{\"@type\":\"ListItem\",\"position\":3,\"name\":\"Acoem Experience\",\"item\":\"https:\/\/www.acoem.com\/en\/about-us\/acoem-experience\/\"},{\"@type\":\"ListItem\",\"position\":4,\"name\":\"Artificial Intelligence in networks\"}]},{\"@type\":\"WebSite\",\"@id\":\"https:\/\/www.acoem.com\/en\/#website\",\"url\":\"https:\/\/www.acoem.com\/en\/\",\"name\":\"Acoem\",\"description\":\"Un site utilisant WordPress\",\"potentialAction\":[{\"@type\":\"SearchAction\",\"target\":{\"@type\":\"EntryPoint\",\"urlTemplate\":\"https:\/\/www.acoem.com\/en\/?s={search_term_string}\"},\"query-input\":{\"@type\":\"PropertyValueSpecification\",\"valueRequired\":true,\"valueName\":\"search_term_string\"}}],\"inLanguage\":\"en-US\"}]}<\/script>\n<!-- \/ Yoast SEO plugin. -->","yoast_head_json":{"title":"Artificial Intelligence in networks - Acoem","description":"Entdecken Sie, wie Acoem K\u00fcnstliche Intelligenz (KI) in Netzwerk\u00fcberwachungssysteme f\u00fcr industrielle und Umweltanwendungen integriert. Erfahren Sie mehr \u00fcber die Vorteile von KI-gest\u00fctzter Diagnostik, Edge Computing und verbesserter Datenverarbeitung in gro\u00dfen Netzwerken.","robots":{"index":"index","follow":"follow","max-snippet":"max-snippet:-1","max-image-preview":"max-image-preview:large","max-video-preview":"max-video-preview:-1"},"canonical":"https:\/\/www.acoem.com\/en\/about-us\/acoem-experience\/artificial-intelligence-in-networks\/","og_locale":"en_US","og_type":"article","og_title":"Artificial Intelligence in networks - Acoem","og_description":"Entdecken Sie, wie Acoem K\u00fcnstliche Intelligenz (KI) in Netzwerk\u00fcberwachungssysteme f\u00fcr industrielle und Umweltanwendungen integriert. Erfahren Sie mehr \u00fcber die Vorteile von KI-gest\u00fctzter Diagnostik, Edge Computing und verbesserter Datenverarbeitung in gro\u00dfen Netzwerken.","og_url":"https:\/\/www.acoem.com\/en\/about-us\/acoem-experience\/artificial-intelligence-in-networks\/","og_site_name":"Acoem","article_publisher":"https:\/\/www.facebook.com\/p\/Acoem-100061948014775\/?locale=fr_FR","article_modified_time":"2025-03-12T10:52:33+00:00","twitter_card":"summary_large_image","schema":{"@context":"https:\/\/schema.org","@graph":[{"@type":"WebPage","@id":"https:\/\/www.acoem.com\/en\/about-us\/acoem-experience\/artificial-intelligence-in-networks\/","url":"https:\/\/www.acoem.com\/en\/about-us\/acoem-experience\/artificial-intelligence-in-networks\/","name":"Artificial Intelligence in networks - Acoem","isPartOf":{"@id":"https:\/\/www.acoem.com\/en\/#website"},"datePublished":"2022-02-09T08:48:03+00:00","dateModified":"2025-03-12T10:52:33+00:00","description":"Entdecken Sie, wie Acoem K\u00fcnstliche Intelligenz (KI) in Netzwerk\u00fcberwachungssysteme f\u00fcr industrielle und Umweltanwendungen integriert. Erfahren Sie mehr \u00fcber die Vorteile von KI-gest\u00fctzter Diagnostik, Edge Computing und verbesserter Datenverarbeitung in gro\u00dfen Netzwerken.","breadcrumb":{"@id":"https:\/\/www.acoem.com\/en\/about-us\/acoem-experience\/artificial-intelligence-in-networks\/#breadcrumb"},"inLanguage":"en-US","potentialAction":[{"@type":"ReadAction","target":["https:\/\/www.acoem.com\/en\/about-us\/acoem-experience\/artificial-intelligence-in-networks\/"]}]},{"@type":"BreadcrumbList","@id":"https:\/\/www.acoem.com\/en\/about-us\/acoem-experience\/artificial-intelligence-in-networks\/#breadcrumb","itemListElement":[{"@type":"ListItem","position":1,"name":"Home","item":"https:\/\/www.acoem.com\/en\/"},{"@type":"ListItem","position":2,"name":"About us","item":"https:\/\/www.acoem.com\/en\/about-us\/"},{"@type":"ListItem","position":3,"name":"Acoem Experience","item":"https:\/\/www.acoem.com\/en\/about-us\/acoem-experience\/"},{"@type":"ListItem","position":4,"name":"Artificial Intelligence in networks"}]},{"@type":"WebSite","@id":"https:\/\/www.acoem.com\/en\/#website","url":"https:\/\/www.acoem.com\/en\/","name":"Acoem","description":"Un site utilisant WordPress","potentialAction":[{"@type":"SearchAction","target":{"@type":"EntryPoint","urlTemplate":"https:\/\/www.acoem.com\/en\/?s={search_term_string}"},"query-input":{"@type":"PropertyValueSpecification","valueRequired":true,"valueName":"search_term_string"}}],"inLanguage":"en-US"}]}},"_links":{"self":[{"href":"https:\/\/www.acoem.com\/en\/wp-json\/wp\/v2\/pages\/3939","targetHints":{"allow":["GET"]}}],"collection":[{"href":"https:\/\/www.acoem.com\/en\/wp-json\/wp\/v2\/pages"}],"about":[{"href":"https:\/\/www.acoem.com\/en\/wp-json\/wp\/v2\/types\/page"}],"author":[{"embeddable":true,"href":"https:\/\/www.acoem.com\/en\/wp-json\/wp\/v2\/users\/2"}],"replies":[{"embeddable":true,"href":"https:\/\/www.acoem.com\/en\/wp-json\/wp\/v2\/comments?post=3939"}],"version-history":[{"count":11,"href":"https:\/\/www.acoem.com\/en\/wp-json\/wp\/v2\/pages\/3939\/revisions"}],"predecessor-version":[{"id":4497,"href":"https:\/\/www.acoem.com\/en\/wp-json\/wp\/v2\/pages\/3939\/revisions\/4497"}],"up":[{"embeddable":true,"href":"https:\/\/www.acoem.com\/en\/wp-json\/wp\/v2\/pages\/681"}],"wp:attachment":[{"href":"https:\/\/www.acoem.com\/en\/wp-json\/wp\/v2\/media?parent=3939"}],"curies":[{"name":"wp","href":"https:\/\/api.w.org\/{rel}","templated":true}]}}