{"id":359,"date":"2022-05-20T08:42:00","date_gmt":"2022-05-20T08:42:00","guid":{"rendered":"https:\/\/www.acoem.com\/brazil\/pt-br\/?page_id=359"},"modified":"2026-01-19T15:49:18","modified_gmt":"2026-01-19T15:49:18","slug":"seguranca-e-protecao","status":"publish","type":"page","link":"https:\/\/www.acoem.com\/brasil\/pt-br\/seguranca-e-protecao\/","title":{"rendered":"Seguran\u00e7a e prote\u00e7\u00e3o"},"content":{"rendered":"","protected":false},"excerpt":{"rendered":"","protected":false},"author":25,"featured_media":0,"parent":0,"menu_order":0,"comment_status":"closed","ping_status":"closed","template":"","meta":{"_acf_changed":false,"content-type":""},"class_list":["post-359","page","type-page","status-publish","hentry"],"acf":[],"yoast_head":"<!-- This site is optimized with the Yoast SEO plugin v27.4 - https:\/\/yoast.com\/product\/yoast-seo-wordpress\/ -->\n<title>Seguran\u00e7a e prote\u00e7\u00e3o - Acoem Brasil<\/title>\n<meta name=\"description\" content=\"Learn more about Acoem&#039;s security &amp; safety solutions. We provide solutions dedicated to acoustic threat detection and urban noise monitoring.\" \/>\n<meta name=\"robots\" content=\"index, follow, max-snippet:-1, max-image-preview:large, max-video-preview:-1\" \/>\n<link rel=\"canonical\" href=\"https:\/\/www.acoem.com\/brasil\/pt-br\/seguranca-e-protecao\/\" \/>\n<meta property=\"og:locale\" content=\"pt_BR\" \/>\n<meta property=\"og:type\" content=\"article\" \/>\n<meta property=\"og:title\" content=\"Seguran\u00e7a e prote\u00e7\u00e3o - Acoem Brasil\" \/>\n<meta property=\"og:description\" content=\"Learn more about Acoem&#039;s security &amp; safety solutions. We provide solutions dedicated to acoustic threat detection and urban noise monitoring.\" \/>\n<meta property=\"og:url\" content=\"https:\/\/www.acoem.com\/brasil\/pt-br\/seguranca-e-protecao\/\" \/>\n<meta property=\"og:site_name\" content=\"Acoem Brasil\" \/>\n<meta property=\"article:modified_time\" content=\"2026-01-19T15:49:18+00:00\" \/>\n<meta name=\"twitter:card\" content=\"summary_large_image\" \/>\n<script type=\"application\/ld+json\" class=\"yoast-schema-graph\">{\"@context\":\"https:\\\/\\\/schema.org\",\"@graph\":[{\"@type\":\"WebPage\",\"@id\":\"https:\\\/\\\/www.acoem.com\\\/brasil\\\/pt-br\\\/seguranca-e-protecao\\\/\",\"url\":\"https:\\\/\\\/www.acoem.com\\\/brasil\\\/pt-br\\\/seguranca-e-protecao\\\/\",\"name\":\"Seguran\u00e7a e prote\u00e7\u00e3o - Acoem Brasil\",\"isPartOf\":{\"@id\":\"https:\\\/\\\/www.acoem.com\\\/brasil\\\/pt-br\\\/#website\"},\"datePublished\":\"2022-05-20T08:42:00+00:00\",\"dateModified\":\"2026-01-19T15:49:18+00:00\",\"description\":\"Learn more about Acoem's security & safety solutions. We provide solutions dedicated to acoustic threat detection and urban noise monitoring.\",\"breadcrumb\":{\"@id\":\"https:\\\/\\\/www.acoem.com\\\/brasil\\\/pt-br\\\/seguranca-e-protecao\\\/#breadcrumb\"},\"inLanguage\":\"pt-BR\",\"potentialAction\":[{\"@type\":\"ReadAction\",\"target\":[\"https:\\\/\\\/www.acoem.com\\\/brasil\\\/pt-br\\\/seguranca-e-protecao\\\/\"]}]},{\"@type\":\"BreadcrumbList\",\"@id\":\"https:\\\/\\\/www.acoem.com\\\/brasil\\\/pt-br\\\/seguranca-e-protecao\\\/#breadcrumb\",\"itemListElement\":[{\"@type\":\"ListItem\",\"position\":1,\"name\":\"In\u00edcio\",\"item\":\"https:\\\/\\\/www.acoem.com\\\/brasil\\\/pt-br\\\/\"},{\"@type\":\"ListItem\",\"position\":2,\"name\":\"Seguran\u00e7a e prote\u00e7\u00e3o\"}]},{\"@type\":\"WebSite\",\"@id\":\"https:\\\/\\\/www.acoem.com\\\/brasil\\\/pt-br\\\/#website\",\"url\":\"https:\\\/\\\/www.acoem.com\\\/brasil\\\/pt-br\\\/\",\"name\":\"Acoem Brasil\",\"description\":\"Just another Les sites de ACOEM site\",\"potentialAction\":[{\"@type\":\"SearchAction\",\"target\":{\"@type\":\"EntryPoint\",\"urlTemplate\":\"https:\\\/\\\/www.acoem.com\\\/brasil\\\/pt-br\\\/?s={search_term_string}\"},\"query-input\":{\"@type\":\"PropertyValueSpecification\",\"valueRequired\":true,\"valueName\":\"search_term_string\"}}],\"inLanguage\":\"pt-BR\"}]}<\/script>\n<!-- \/ Yoast SEO plugin. -->","yoast_head_json":{"title":"Seguran\u00e7a e prote\u00e7\u00e3o - Acoem Brasil","description":"Learn more about Acoem's security & safety solutions. We provide solutions dedicated to acoustic threat detection and urban noise monitoring.","robots":{"index":"index","follow":"follow","max-snippet":"max-snippet:-1","max-image-preview":"max-image-preview:large","max-video-preview":"max-video-preview:-1"},"canonical":"https:\/\/www.acoem.com\/brasil\/pt-br\/seguranca-e-protecao\/","og_locale":"pt_BR","og_type":"article","og_title":"Seguran\u00e7a e prote\u00e7\u00e3o - Acoem Brasil","og_description":"Learn more about Acoem's security & safety solutions. We provide solutions dedicated to acoustic threat detection and urban noise monitoring.","og_url":"https:\/\/www.acoem.com\/brasil\/pt-br\/seguranca-e-protecao\/","og_site_name":"Acoem Brasil","article_modified_time":"2026-01-19T15:49:18+00:00","twitter_card":"summary_large_image","schema":{"@context":"https:\/\/schema.org","@graph":[{"@type":"WebPage","@id":"https:\/\/www.acoem.com\/brasil\/pt-br\/seguranca-e-protecao\/","url":"https:\/\/www.acoem.com\/brasil\/pt-br\/seguranca-e-protecao\/","name":"Seguran\u00e7a e prote\u00e7\u00e3o - Acoem Brasil","isPartOf":{"@id":"https:\/\/www.acoem.com\/brasil\/pt-br\/#website"},"datePublished":"2022-05-20T08:42:00+00:00","dateModified":"2026-01-19T15:49:18+00:00","description":"Learn more about Acoem's security & safety solutions. We provide solutions dedicated to acoustic threat detection and urban noise monitoring.","breadcrumb":{"@id":"https:\/\/www.acoem.com\/brasil\/pt-br\/seguranca-e-protecao\/#breadcrumb"},"inLanguage":"pt-BR","potentialAction":[{"@type":"ReadAction","target":["https:\/\/www.acoem.com\/brasil\/pt-br\/seguranca-e-protecao\/"]}]},{"@type":"BreadcrumbList","@id":"https:\/\/www.acoem.com\/brasil\/pt-br\/seguranca-e-protecao\/#breadcrumb","itemListElement":[{"@type":"ListItem","position":1,"name":"In\u00edcio","item":"https:\/\/www.acoem.com\/brasil\/pt-br\/"},{"@type":"ListItem","position":2,"name":"Seguran\u00e7a e prote\u00e7\u00e3o"}]},{"@type":"WebSite","@id":"https:\/\/www.acoem.com\/brasil\/pt-br\/#website","url":"https:\/\/www.acoem.com\/brasil\/pt-br\/","name":"Acoem Brasil","description":"Just another Les sites de ACOEM site","potentialAction":[{"@type":"SearchAction","target":{"@type":"EntryPoint","urlTemplate":"https:\/\/www.acoem.com\/brasil\/pt-br\/?s={search_term_string}"},"query-input":{"@type":"PropertyValueSpecification","valueRequired":true,"valueName":"search_term_string"}}],"inLanguage":"pt-BR"}]}},"_links":{"self":[{"href":"https:\/\/www.acoem.com\/brasil\/pt-br\/wp-json\/wp\/v2\/pages\/359","targetHints":{"allow":["GET"]}}],"collection":[{"href":"https:\/\/www.acoem.com\/brasil\/pt-br\/wp-json\/wp\/v2\/pages"}],"about":[{"href":"https:\/\/www.acoem.com\/brasil\/pt-br\/wp-json\/wp\/v2\/types\/page"}],"author":[{"embeddable":true,"href":"https:\/\/www.acoem.com\/brasil\/pt-br\/wp-json\/wp\/v2\/users\/25"}],"replies":[{"embeddable":true,"href":"https:\/\/www.acoem.com\/brasil\/pt-br\/wp-json\/wp\/v2\/comments?post=359"}],"version-history":[{"count":6,"href":"https:\/\/www.acoem.com\/brasil\/pt-br\/wp-json\/wp\/v2\/pages\/359\/revisions"}],"predecessor-version":[{"id":1580,"href":"https:\/\/www.acoem.com\/brasil\/pt-br\/wp-json\/wp\/v2\/pages\/359\/revisions\/1580"}],"wp:attachment":[{"href":"https:\/\/www.acoem.com\/brasil\/pt-br\/wp-json\/wp\/v2\/media?parent=359"}],"curies":[{"name":"wp","href":"https:\/\/api.w.org\/{rel}","templated":true}]}}