{"id":305,"date":"2022-05-20T08:41:58","date_gmt":"2022-05-20T08:41:58","guid":{"rendered":"https:\/\/www.acoem.com\/brazil\/pt-br\/?page_id=305"},"modified":"2026-01-19T15:46:51","modified_gmt":"2026-01-19T15:46:51","slug":"nossas-marcas","status":"publish","type":"page","link":"https:\/\/www.acoem.com\/brasil\/pt-br\/sobre-nos\/nossa-empresa\/nossas-marcas\/","title":{"rendered":"Nossas marcas"},"content":{"rendered":"","protected":false},"excerpt":{"rendered":"<p>A uni\u00e3o para formar a Acoem e a evolu\u00e7\u00e3o cont\u00ednua desde ent\u00e3o para acolher outras organiza\u00e7\u00f5es que pensam da mesma forma \u00e9 a fonte de nossa for\u00e7a.<\/p>\n","protected":false},"author":25,"featured_media":0,"parent":1444,"menu_order":0,"comment_status":"closed","ping_status":"closed","template":"","meta":{"_acf_changed":false,"content-type":""},"class_list":["post-305","page","type-page","status-publish","hentry"],"acf":[],"yoast_head":"<!-- This site is optimized with the Yoast SEO plugin v27.1.1 - https:\/\/yoast.com\/product\/yoast-seo-wordpress\/ -->\n<title>Nossas marcas - Acoem Brasil<\/title>\n<meta name=\"description\" content=\"Acoem is built on a legacy of trusted brands like 01dB, OneProd, and Metravib. Discover the diverse expertise that makes us a leader in environmental and industrial solutions.\" \/>\n<meta name=\"robots\" content=\"index, follow, max-snippet:-1, max-image-preview:large, max-video-preview:-1\" \/>\n<link rel=\"canonical\" href=\"https:\/\/www.acoem.com\/brasil\/pt-br\/sobre-nos\/nossa-empresa\/nossas-marcas\/\" \/>\n<meta property=\"og:locale\" content=\"pt_BR\" \/>\n<meta property=\"og:type\" content=\"article\" \/>\n<meta property=\"og:title\" content=\"Nossas marcas - Acoem Brasil\" \/>\n<meta property=\"og:description\" content=\"Acoem is built on a legacy of trusted brands like 01dB, OneProd, and Metravib. Discover the diverse expertise that makes us a leader in environmental and industrial solutions.\" \/>\n<meta property=\"og:url\" content=\"https:\/\/www.acoem.com\/brasil\/pt-br\/sobre-nos\/nossa-empresa\/nossas-marcas\/\" \/>\n<meta property=\"og:site_name\" content=\"Acoem Brasil\" \/>\n<meta property=\"article:modified_time\" content=\"2026-01-19T15:46:51+00:00\" \/>\n<meta name=\"twitter:card\" content=\"summary_large_image\" \/>\n<script type=\"application\/ld+json\" class=\"yoast-schema-graph\">{\"@context\":\"https:\/\/schema.org\",\"@graph\":[{\"@type\":\"WebPage\",\"@id\":\"https:\/\/www.acoem.com\/brasil\/pt-br\/sobre-nos\/nossa-empresa\/nossas-marcas\/\",\"url\":\"https:\/\/www.acoem.com\/brasil\/pt-br\/sobre-nos\/nossa-empresa\/nossas-marcas\/\",\"name\":\"Nossas marcas - Acoem Brasil\",\"isPartOf\":{\"@id\":\"https:\/\/www.acoem.com\/brasil\/pt-br\/#website\"},\"datePublished\":\"2022-05-20T08:41:58+00:00\",\"dateModified\":\"2026-01-19T15:46:51+00:00\",\"description\":\"Acoem is built on a legacy of trusted brands like 01dB, OneProd, and Metravib. Discover the diverse expertise that makes us a leader in environmental and industrial solutions.\",\"breadcrumb\":{\"@id\":\"https:\/\/www.acoem.com\/brasil\/pt-br\/sobre-nos\/nossa-empresa\/nossas-marcas\/#breadcrumb\"},\"inLanguage\":\"pt-BR\",\"potentialAction\":[{\"@type\":\"ReadAction\",\"target\":[\"https:\/\/www.acoem.com\/brasil\/pt-br\/sobre-nos\/nossa-empresa\/nossas-marcas\/\"]}]},{\"@type\":\"BreadcrumbList\",\"@id\":\"https:\/\/www.acoem.com\/brasil\/pt-br\/sobre-nos\/nossa-empresa\/nossas-marcas\/#breadcrumb\",\"itemListElement\":[{\"@type\":\"ListItem\",\"position\":1,\"name\":\"In\u00edcio\",\"item\":\"https:\/\/www.acoem.com\/brasil\/pt-br\/\"},{\"@type\":\"ListItem\",\"position\":2,\"name\":\"Sobre n\u00f3s\",\"item\":\"https:\/\/www.acoem.com\/brasil\/pt-br\/sobre-nos\/\"},{\"@type\":\"ListItem\",\"position\":3,\"name\":\"Nossa empresa\",\"item\":\"https:\/\/www.acoem.com\/brasil\/pt-br\/sobre-nos\/nossa-empresa\/\"},{\"@type\":\"ListItem\",\"position\":4,\"name\":\"Nossas marcas\"}]},{\"@type\":\"WebSite\",\"@id\":\"https:\/\/www.acoem.com\/brasil\/pt-br\/#website\",\"url\":\"https:\/\/www.acoem.com\/brasil\/pt-br\/\",\"name\":\"Acoem Brasil\",\"description\":\"Just another Les sites de ACOEM site\",\"potentialAction\":[{\"@type\":\"SearchAction\",\"target\":{\"@type\":\"EntryPoint\",\"urlTemplate\":\"https:\/\/www.acoem.com\/brasil\/pt-br\/?s={search_term_string}\"},\"query-input\":{\"@type\":\"PropertyValueSpecification\",\"valueRequired\":true,\"valueName\":\"search_term_string\"}}],\"inLanguage\":\"pt-BR\"}]}<\/script>\n<!-- \/ Yoast SEO plugin. -->","yoast_head_json":{"title":"Nossas marcas - Acoem Brasil","description":"Acoem is built on a legacy of trusted brands like 01dB, OneProd, and Metravib. Discover the diverse expertise that makes us a leader in environmental and industrial solutions.","robots":{"index":"index","follow":"follow","max-snippet":"max-snippet:-1","max-image-preview":"max-image-preview:large","max-video-preview":"max-video-preview:-1"},"canonical":"https:\/\/www.acoem.com\/brasil\/pt-br\/sobre-nos\/nossa-empresa\/nossas-marcas\/","og_locale":"pt_BR","og_type":"article","og_title":"Nossas marcas - Acoem Brasil","og_description":"Acoem is built on a legacy of trusted brands like 01dB, OneProd, and Metravib. Discover the diverse expertise that makes us a leader in environmental and industrial solutions.","og_url":"https:\/\/www.acoem.com\/brasil\/pt-br\/sobre-nos\/nossa-empresa\/nossas-marcas\/","og_site_name":"Acoem Brasil","article_modified_time":"2026-01-19T15:46:51+00:00","twitter_card":"summary_large_image","schema":{"@context":"https:\/\/schema.org","@graph":[{"@type":"WebPage","@id":"https:\/\/www.acoem.com\/brasil\/pt-br\/sobre-nos\/nossa-empresa\/nossas-marcas\/","url":"https:\/\/www.acoem.com\/brasil\/pt-br\/sobre-nos\/nossa-empresa\/nossas-marcas\/","name":"Nossas marcas - Acoem Brasil","isPartOf":{"@id":"https:\/\/www.acoem.com\/brasil\/pt-br\/#website"},"datePublished":"2022-05-20T08:41:58+00:00","dateModified":"2026-01-19T15:46:51+00:00","description":"Acoem is built on a legacy of trusted brands like 01dB, OneProd, and Metravib. Discover the diverse expertise that makes us a leader in environmental and industrial solutions.","breadcrumb":{"@id":"https:\/\/www.acoem.com\/brasil\/pt-br\/sobre-nos\/nossa-empresa\/nossas-marcas\/#breadcrumb"},"inLanguage":"pt-BR","potentialAction":[{"@type":"ReadAction","target":["https:\/\/www.acoem.com\/brasil\/pt-br\/sobre-nos\/nossa-empresa\/nossas-marcas\/"]}]},{"@type":"BreadcrumbList","@id":"https:\/\/www.acoem.com\/brasil\/pt-br\/sobre-nos\/nossa-empresa\/nossas-marcas\/#breadcrumb","itemListElement":[{"@type":"ListItem","position":1,"name":"In\u00edcio","item":"https:\/\/www.acoem.com\/brasil\/pt-br\/"},{"@type":"ListItem","position":2,"name":"Sobre n\u00f3s","item":"https:\/\/www.acoem.com\/brasil\/pt-br\/sobre-nos\/"},{"@type":"ListItem","position":3,"name":"Nossa empresa","item":"https:\/\/www.acoem.com\/brasil\/pt-br\/sobre-nos\/nossa-empresa\/"},{"@type":"ListItem","position":4,"name":"Nossas marcas"}]},{"@type":"WebSite","@id":"https:\/\/www.acoem.com\/brasil\/pt-br\/#website","url":"https:\/\/www.acoem.com\/brasil\/pt-br\/","name":"Acoem Brasil","description":"Just another Les sites de ACOEM site","potentialAction":[{"@type":"SearchAction","target":{"@type":"EntryPoint","urlTemplate":"https:\/\/www.acoem.com\/brasil\/pt-br\/?s={search_term_string}"},"query-input":{"@type":"PropertyValueSpecification","valueRequired":true,"valueName":"search_term_string"}}],"inLanguage":"pt-BR"}]}},"_links":{"self":[{"href":"https:\/\/www.acoem.com\/brasil\/pt-br\/wp-json\/wp\/v2\/pages\/305","targetHints":{"allow":["GET"]}}],"collection":[{"href":"https:\/\/www.acoem.com\/brasil\/pt-br\/wp-json\/wp\/v2\/pages"}],"about":[{"href":"https:\/\/www.acoem.com\/brasil\/pt-br\/wp-json\/wp\/v2\/types\/page"}],"author":[{"embeddable":true,"href":"https:\/\/www.acoem.com\/brasil\/pt-br\/wp-json\/wp\/v2\/users\/25"}],"replies":[{"embeddable":true,"href":"https:\/\/www.acoem.com\/brasil\/pt-br\/wp-json\/wp\/v2\/comments?post=305"}],"version-history":[{"count":8,"href":"https:\/\/www.acoem.com\/brasil\/pt-br\/wp-json\/wp\/v2\/pages\/305\/revisions"}],"predecessor-version":[{"id":1816,"href":"https:\/\/www.acoem.com\/brasil\/pt-br\/wp-json\/wp\/v2\/pages\/305\/revisions\/1816"}],"up":[{"embeddable":true,"href":"https:\/\/www.acoem.com\/brasil\/pt-br\/wp-json\/wp\/v2\/pages\/1444"}],"wp:attachment":[{"href":"https:\/\/www.acoem.com\/brasil\/pt-br\/wp-json\/wp\/v2\/media?parent=305"}],"curies":[{"name":"wp","href":"https:\/\/api.w.org\/{rel}","templated":true}]}}