{"id":1905,"date":"2026-04-27T08:43:08","date_gmt":"2026-04-27T08:43:08","guid":{"rendered":"https:\/\/www.acoem.com\/brasil\/en\/?page_id=1905"},"modified":"2026-04-27T08:43:08","modified_gmt":"2026-04-27T08:43:08","slug":"ecossistema-sem-fio-da-acoem","status":"publish","type":"page","link":"https:\/\/www.acoem.com\/brasil\/pt-br\/confiabilidade-industrial\/ecossistema-sem-fio-da-acoem\/","title":{"rendered":"Ecossistema sem fio da Acoem"},"content":{"rendered":"","protected":false},"excerpt":{"rendered":"","protected":false},"author":25,"featured_media":0,"parent":1554,"menu_order":0,"comment_status":"closed","ping_status":"closed","template":"","meta":{"_acf_changed":false,"content-type":""},"class_list":["post-1905","page","type-page","status-publish","hentry","solutionfamily-confiabilidade"],"acf":[],"yoast_head":"<!-- This site is optimized with the Yoast SEO plugin v27.4 - https:\/\/yoast.com\/product\/yoast-seo-wordpress\/ -->\n<title>Ecossistema sem fio da Acoem - Acoem Brasil<\/title>\n<meta name=\"description\" content=\"Descubra o Ecossistema Sem Fio da Acoem \u2013 ferramentas inteligentes e conectadas para simplificar a manuten\u00e7\u00e3o e maximizar o tempo de atividade das m\u00e1quinas.\" \/>\n<meta name=\"robots\" content=\"index, follow, max-snippet:-1, max-image-preview:large, max-video-preview:-1\" \/>\n<link rel=\"canonical\" href=\"https:\/\/www.acoem.com\/brasil\/pt-br\/confiabilidade-industrial\/ecossistema-sem-fio-da-acoem\/\" \/>\n<meta property=\"og:locale\" content=\"pt_BR\" \/>\n<meta property=\"og:type\" content=\"article\" \/>\n<meta property=\"og:title\" content=\"Ecossistema sem fio da Acoem - Acoem Brasil\" \/>\n<meta property=\"og:description\" content=\"Descubra o Ecossistema Sem Fio da Acoem \u2013 ferramentas inteligentes e conectadas para simplificar a manuten\u00e7\u00e3o e maximizar o tempo de atividade das m\u00e1quinas.\" \/>\n<meta property=\"og:url\" content=\"https:\/\/www.acoem.com\/brasil\/pt-br\/confiabilidade-industrial\/ecossistema-sem-fio-da-acoem\/\" \/>\n<meta property=\"og:site_name\" content=\"Acoem Brasil\" \/>\n<meta name=\"twitter:card\" content=\"summary_large_image\" \/>\n<script type=\"application\/ld+json\" class=\"yoast-schema-graph\">{\"@context\":\"https:\\\/\\\/schema.org\",\"@graph\":[{\"@type\":\"WebPage\",\"@id\":\"https:\\\/\\\/www.acoem.com\\\/brasil\\\/pt-br\\\/confiabilidade-industrial\\\/ecossistema-sem-fio-da-acoem\\\/\",\"url\":\"https:\\\/\\\/www.acoem.com\\\/brasil\\\/pt-br\\\/confiabilidade-industrial\\\/ecossistema-sem-fio-da-acoem\\\/\",\"name\":\"Ecossistema sem fio da Acoem - Acoem Brasil\",\"isPartOf\":{\"@id\":\"https:\\\/\\\/www.acoem.com\\\/brasil\\\/pt-br\\\/#website\"},\"datePublished\":\"2026-04-27T08:43:08+00:00\",\"description\":\"Descubra o Ecossistema Sem Fio da Acoem \u2013 ferramentas inteligentes e conectadas para simplificar a manuten\u00e7\u00e3o e maximizar o tempo de atividade das m\u00e1quinas.\",\"breadcrumb\":{\"@id\":\"https:\\\/\\\/www.acoem.com\\\/brasil\\\/pt-br\\\/confiabilidade-industrial\\\/ecossistema-sem-fio-da-acoem\\\/#breadcrumb\"},\"inLanguage\":\"pt-BR\",\"potentialAction\":[{\"@type\":\"ReadAction\",\"target\":[\"https:\\\/\\\/www.acoem.com\\\/brasil\\\/pt-br\\\/confiabilidade-industrial\\\/ecossistema-sem-fio-da-acoem\\\/\"]}]},{\"@type\":\"BreadcrumbList\",\"@id\":\"https:\\\/\\\/www.acoem.com\\\/brasil\\\/pt-br\\\/confiabilidade-industrial\\\/ecossistema-sem-fio-da-acoem\\\/#breadcrumb\",\"itemListElement\":[{\"@type\":\"ListItem\",\"position\":1,\"name\":\"In\u00edcio\",\"item\":\"https:\\\/\\\/www.acoem.com\\\/brasil\\\/pt-br\\\/\"},{\"@type\":\"ListItem\",\"position\":2,\"name\":\"Confiabilidade industrial\",\"item\":\"https:\\\/\\\/www.acoem.com\\\/brasil\\\/pt-br\\\/confiabilidade-industrial\\\/\"},{\"@type\":\"ListItem\",\"position\":3,\"name\":\"Ecossistema sem fio da Acoem\"}]},{\"@type\":\"WebSite\",\"@id\":\"https:\\\/\\\/www.acoem.com\\\/brasil\\\/pt-br\\\/#website\",\"url\":\"https:\\\/\\\/www.acoem.com\\\/brasil\\\/pt-br\\\/\",\"name\":\"Acoem Brasil\",\"description\":\"Just another Les sites de ACOEM site\",\"potentialAction\":[{\"@type\":\"SearchAction\",\"target\":{\"@type\":\"EntryPoint\",\"urlTemplate\":\"https:\\\/\\\/www.acoem.com\\\/brasil\\\/pt-br\\\/?s={search_term_string}\"},\"query-input\":{\"@type\":\"PropertyValueSpecification\",\"valueRequired\":true,\"valueName\":\"search_term_string\"}}],\"inLanguage\":\"pt-BR\"}]}<\/script>\n<!-- \/ Yoast SEO plugin. -->","yoast_head_json":{"title":"Ecossistema sem fio da Acoem - Acoem Brasil","description":"Descubra o Ecossistema Sem Fio da Acoem \u2013 ferramentas inteligentes e conectadas para simplificar a manuten\u00e7\u00e3o e maximizar o tempo de atividade das m\u00e1quinas.","robots":{"index":"index","follow":"follow","max-snippet":"max-snippet:-1","max-image-preview":"max-image-preview:large","max-video-preview":"max-video-preview:-1"},"canonical":"https:\/\/www.acoem.com\/brasil\/pt-br\/confiabilidade-industrial\/ecossistema-sem-fio-da-acoem\/","og_locale":"pt_BR","og_type":"article","og_title":"Ecossistema sem fio da Acoem - Acoem Brasil","og_description":"Descubra o Ecossistema Sem Fio da Acoem \u2013 ferramentas inteligentes e conectadas para simplificar a manuten\u00e7\u00e3o e maximizar o tempo de atividade das m\u00e1quinas.","og_url":"https:\/\/www.acoem.com\/brasil\/pt-br\/confiabilidade-industrial\/ecossistema-sem-fio-da-acoem\/","og_site_name":"Acoem Brasil","twitter_card":"summary_large_image","schema":{"@context":"https:\/\/schema.org","@graph":[{"@type":"WebPage","@id":"https:\/\/www.acoem.com\/brasil\/pt-br\/confiabilidade-industrial\/ecossistema-sem-fio-da-acoem\/","url":"https:\/\/www.acoem.com\/brasil\/pt-br\/confiabilidade-industrial\/ecossistema-sem-fio-da-acoem\/","name":"Ecossistema sem fio da Acoem - Acoem Brasil","isPartOf":{"@id":"https:\/\/www.acoem.com\/brasil\/pt-br\/#website"},"datePublished":"2026-04-27T08:43:08+00:00","description":"Descubra o Ecossistema Sem Fio da Acoem \u2013 ferramentas inteligentes e conectadas para simplificar a manuten\u00e7\u00e3o e maximizar o tempo de atividade das m\u00e1quinas.","breadcrumb":{"@id":"https:\/\/www.acoem.com\/brasil\/pt-br\/confiabilidade-industrial\/ecossistema-sem-fio-da-acoem\/#breadcrumb"},"inLanguage":"pt-BR","potentialAction":[{"@type":"ReadAction","target":["https:\/\/www.acoem.com\/brasil\/pt-br\/confiabilidade-industrial\/ecossistema-sem-fio-da-acoem\/"]}]},{"@type":"BreadcrumbList","@id":"https:\/\/www.acoem.com\/brasil\/pt-br\/confiabilidade-industrial\/ecossistema-sem-fio-da-acoem\/#breadcrumb","itemListElement":[{"@type":"ListItem","position":1,"name":"In\u00edcio","item":"https:\/\/www.acoem.com\/brasil\/pt-br\/"},{"@type":"ListItem","position":2,"name":"Confiabilidade industrial","item":"https:\/\/www.acoem.com\/brasil\/pt-br\/confiabilidade-industrial\/"},{"@type":"ListItem","position":3,"name":"Ecossistema sem fio da Acoem"}]},{"@type":"WebSite","@id":"https:\/\/www.acoem.com\/brasil\/pt-br\/#website","url":"https:\/\/www.acoem.com\/brasil\/pt-br\/","name":"Acoem Brasil","description":"Just another Les sites de ACOEM site","potentialAction":[{"@type":"SearchAction","target":{"@type":"EntryPoint","urlTemplate":"https:\/\/www.acoem.com\/brasil\/pt-br\/?s={search_term_string}"},"query-input":{"@type":"PropertyValueSpecification","valueRequired":true,"valueName":"search_term_string"}}],"inLanguage":"pt-BR"}]}},"_links":{"self":[{"href":"https:\/\/www.acoem.com\/brasil\/pt-br\/wp-json\/wp\/v2\/pages\/1905","targetHints":{"allow":["GET"]}}],"collection":[{"href":"https:\/\/www.acoem.com\/brasil\/pt-br\/wp-json\/wp\/v2\/pages"}],"about":[{"href":"https:\/\/www.acoem.com\/brasil\/pt-br\/wp-json\/wp\/v2\/types\/page"}],"author":[{"embeddable":true,"href":"https:\/\/www.acoem.com\/brasil\/pt-br\/wp-json\/wp\/v2\/users\/25"}],"replies":[{"embeddable":true,"href":"https:\/\/www.acoem.com\/brasil\/pt-br\/wp-json\/wp\/v2\/comments?post=1905"}],"version-history":[{"count":1,"href":"https:\/\/www.acoem.com\/brasil\/pt-br\/wp-json\/wp\/v2\/pages\/1905\/revisions"}],"predecessor-version":[{"id":1908,"href":"https:\/\/www.acoem.com\/brasil\/pt-br\/wp-json\/wp\/v2\/pages\/1905\/revisions\/1908"}],"up":[{"embeddable":true,"href":"https:\/\/www.acoem.com\/brasil\/pt-br\/wp-json\/wp\/v2\/pages\/1554"}],"wp:attachment":[{"href":"https:\/\/www.acoem.com\/brasil\/pt-br\/wp-json\/wp\/v2\/media?parent=1905"}],"curies":[{"name":"wp","href":"https:\/\/api.w.org\/{rel}","templated":true}]}}